{"id":2669,"date":"2026-05-09T00:28:12","date_gmt":"2026-05-09T00:28:12","guid":{"rendered":"https:\/\/distribuidoraodes.com.mx\/?post_type=product&#038;p=2669"},"modified":"2026-05-09T00:28:18","modified_gmt":"2026-05-09T00:28:18","slug":"llantas-rambler-700x40c-plegable-negro-120-tpi-exo-tr","status":"publish","type":"product","link":"https:\/\/distribuidoraodes.com.mx\/?product=llantas-rambler-700x40c-plegable-negro-120-tpi-exo-tr","title":{"rendered":"LLANTAS RAMBLER \u2013 700X40C \/ PLEGABLE \/ NEGRO \/ 120 TPI \/ EXO\/TR"},"content":{"rendered":"","protected":false},"excerpt":{"rendered":"<p><span style=\"color: #555555;font-family: Poppins, sans-serif;font-size: 14px\">Llanta de carreras de tierra y gravel.<\/span><br style=\"color: #555555;font-family: Poppins, sans-serif;font-size: 14px\" \/><br style=\"color: #555555;font-family: Poppins, sans-serif;font-size: 14px\" \/><span style=\"color: #555555;font-family: Poppins, sans-serif;font-size: 14px\">\u2013 Doble compuesto para la longevidad.<\/span><br style=\"color: #555555;font-family: Poppins, sans-serif;font-size: 14px\" \/><span style=\"color: #555555;font-family: Poppins, sans-serif;font-size: 14px\">\u2013 Protecci\u00f3n EXO disponible.<\/span><br style=\"color: #555555;font-family: Poppins, sans-serif;font-size: 14px\" \/><span style=\"color: #555555;font-family: Poppins, sans-serif;font-size: 14px\">\u2013 Patr\u00f3n de pisada espec\u00edfico para la grava.<\/span><br style=\"color: #555555;font-family: Poppins, sans-serif;font-size: 14px\" \/><span style=\"color: #555555;font-family: Poppins, sans-serif;font-size: 14px\">\u2013 Tubeless Ready (TR).<\/span><br style=\"color: #555555;font-family: Poppins, sans-serif;font-size: 14px\" \/><br style=\"color: #555555;font-family: Poppins, sans-serif;font-size: 14px\" \/><span style=\"color: #555555;font-family: Poppins, sans-serif;font-size: 14px\">La primera llanta espec\u00edfica para gravel de Maxxis, el Rambler, est\u00e1 dise\u00f1ada con el volumen necesario para la comodidad y la banda de rodamiento necesaria para la velocidad y el control. Las rodaduras centrales est\u00e1n apretadas para una mayor eficiencia de rodadura en carreteras con asfalto y las rodaduras laterales separadas entre s\u00ed proporcionan una conducci\u00f3n predecible en las curvas en terrenos variados.<\/span><\/p>\n","protected":false},"featured_media":2650,"comment_status":"open","ping_status":"closed","template":"","meta":[],"etheme_brands":[],"product_brand":[],"product_cat":[60],"product_tag":[],"class_list":{"0":"post-2669","1":"product","2":"type-product","3":"status-publish","4":"has-post-thumbnail","6":"product_cat-llantas-de-gravel","8":"first","9":"instock","10":"shipping-taxable","11":"purchasable","12":"product-type-simple"},"yoast_head":"<!-- This site is optimized with the Yoast SEO Premium plugin v23.4 (Yoast SEO v23.4) - https:\/\/yoast.com\/wordpress\/plugins\/seo\/ -->\n<title>LLANTAS RAMBLER \u2013 700X40C \/ PLEGABLE \/ NEGRO \/ 120 TPI \/ EXO\/TR - ODES<\/title>\n<meta name=\"robots\" content=\"index, follow, max-snippet:-1, max-image-preview:large, max-video-preview:-1\" \/>\n<link rel=\"canonical\" href=\"https:\/\/distribuidoraodes.com.mx\/?product=llantas-rambler-700x40c-plegable-negro-120-tpi-exo-tr\" \/>\n<meta property=\"og:locale\" content=\"es_MX\" \/>\n<meta property=\"og:type\" content=\"article\" \/>\n<meta property=\"og:title\" content=\"LLANTAS RAMBLER \u2013 700X40C \/ PLEGABLE \/ NEGRO \/ 120 TPI \/ EXO\/TR\" \/>\n<meta property=\"og:description\" content=\"Llanta de carreras de tierra y gravel.\u2013 Doble compuesto para la longevidad.\u2013 Protecci\u00f3n EXO disponible.\u2013 Patr\u00f3n de pisada espec\u00edfico para la grava.\u2013 Tubeless Ready (TR).La primera llanta espec\u00edfica para gravel de Maxxis, el Rambler, est\u00e1 dise\u00f1ada con el volumen necesario para la comodidad y la banda de rodamiento necesaria para la velocidad y el control. Las rodaduras centrales est\u00e1n apretadas para una mayor eficiencia de rodadura en carreteras con asfalto y las rodaduras laterales separadas entre s\u00ed proporcionan una conducci\u00f3n predecible en las curvas en terrenos variados.\" \/>\n<meta property=\"og:url\" content=\"https:\/\/distribuidoraodes.com.mx\/?product=llantas-rambler-700x40c-plegable-negro-120-tpi-exo-tr\" \/>\n<meta property=\"og:site_name\" content=\"ODES\" \/>\n<meta property=\"article:modified_time\" content=\"2026-05-09T00:28:18+00:00\" \/>\n<meta property=\"og:image\" content=\"https:\/\/distribuidoraodes.com.mx\/wp-content\/uploads\/2026\/05\/llanta-Rambler-1.jpg\" \/>\n\t<meta property=\"og:image:width\" content=\"1000\" \/>\n\t<meta property=\"og:image:height\" content=\"1000\" \/>\n\t<meta property=\"og:image:type\" content=\"image\/jpeg\" \/>\n<meta name=\"twitter:card\" content=\"summary_large_image\" \/>\n<meta name=\"twitter:label1\" content=\"Tiempo de lectura\" \/>\n\t<meta name=\"twitter:data1\" content=\"1 minuto\" \/>\n<script type=\"application\/ld+json\" class=\"yoast-schema-graph\">{\"@context\":\"https:\/\/schema.org\",\"@graph\":[{\"@type\":\"WebPage\",\"@id\":\"https:\/\/distribuidoraodes.com.mx\/?product=llantas-rambler-700x40c-plegable-negro-120-tpi-exo-tr\",\"url\":\"https:\/\/distribuidoraodes.com.mx\/?product=llantas-rambler-700x40c-plegable-negro-120-tpi-exo-tr\",\"name\":\"LLANTAS RAMBLER \u2013 700X40C \/ PLEGABLE \/ NEGRO \/ 120 TPI \/ EXO\/TR - ODES\",\"isPartOf\":{\"@id\":\"https:\/\/distribuidoraodes.com.mx\/#website\"},\"primaryImageOfPage\":{\"@id\":\"https:\/\/distribuidoraodes.com.mx\/?product=llantas-rambler-700x40c-plegable-negro-120-tpi-exo-tr#primaryimage\"},\"image\":{\"@id\":\"https:\/\/distribuidoraodes.com.mx\/?product=llantas-rambler-700x40c-plegable-negro-120-tpi-exo-tr#primaryimage\"},\"thumbnailUrl\":\"https:\/\/distribuidoraodes.com.mx\/wp-content\/uploads\/2026\/05\/llanta-Rambler-1.jpg\",\"datePublished\":\"2026-05-09T00:28:12+00:00\",\"dateModified\":\"2026-05-09T00:28:18+00:00\",\"breadcrumb\":{\"@id\":\"https:\/\/distribuidoraodes.com.mx\/?product=llantas-rambler-700x40c-plegable-negro-120-tpi-exo-tr#breadcrumb\"},\"inLanguage\":\"es\",\"potentialAction\":[{\"@type\":\"ReadAction\",\"target\":[\"https:\/\/distribuidoraodes.com.mx\/?product=llantas-rambler-700x40c-plegable-negro-120-tpi-exo-tr\"]}]},{\"@type\":\"ImageObject\",\"inLanguage\":\"es\",\"@id\":\"https:\/\/distribuidoraodes.com.mx\/?product=llantas-rambler-700x40c-plegable-negro-120-tpi-exo-tr#primaryimage\",\"url\":\"https:\/\/distribuidoraodes.com.mx\/wp-content\/uploads\/2026\/05\/llanta-Rambler-1.jpg\",\"contentUrl\":\"https:\/\/distribuidoraodes.com.mx\/wp-content\/uploads\/2026\/05\/llanta-Rambler-1.jpg\",\"width\":1000,\"height\":1000},{\"@type\":\"BreadcrumbList\",\"@id\":\"https:\/\/distribuidoraodes.com.mx\/?product=llantas-rambler-700x40c-plegable-negro-120-tpi-exo-tr#breadcrumb\",\"itemListElement\":[{\"@type\":\"ListItem\",\"position\":1,\"name\":\"Home\",\"item\":\"https:\/\/distribuidoraodes.com.mx\/\"},{\"@type\":\"ListItem\",\"position\":2,\"name\":\"Shop\",\"item\":\"https:\/\/distribuidoraodes.com.mx\/?page_id=12\"},{\"@type\":\"ListItem\",\"position\":3,\"name\":\"LLANTAS RAMBLER \u2013 700X40C \/ PLEGABLE \/ NEGRO \/ 120 TPI \/ EXO\/TR\"}]},{\"@type\":\"WebSite\",\"@id\":\"https:\/\/distribuidoraodes.com.mx\/#website\",\"url\":\"https:\/\/distribuidoraodes.com.mx\/\",\"name\":\"ODES\",\"description\":\"\",\"publisher\":{\"@id\":\"https:\/\/distribuidoraodes.com.mx\/#organization\"},\"alternateName\":\"ODES LLANTAS\",\"potentialAction\":[{\"@type\":\"SearchAction\",\"target\":{\"@type\":\"EntryPoint\",\"urlTemplate\":\"https:\/\/distribuidoraodes.com.mx\/?s={search_term_string}\"},\"query-input\":{\"@type\":\"PropertyValueSpecification\",\"valueRequired\":true,\"valueName\":\"search_term_string\"}}],\"inLanguage\":\"es\"},{\"@type\":\"Organization\",\"@id\":\"https:\/\/distribuidoraodes.com.mx\/#organization\",\"name\":\"ODES\",\"url\":\"https:\/\/distribuidoraodes.com.mx\/\",\"logo\":{\"@type\":\"ImageObject\",\"inLanguage\":\"es\",\"@id\":\"https:\/\/distribuidoraodes.com.mx\/#\/schema\/logo\/image\/\",\"url\":\"https:\/\/distribuidoraodes.com.mx\/wp-content\/uploads\/2022\/06\/Logo-cars-2x.png\",\"contentUrl\":\"https:\/\/distribuidoraodes.com.mx\/wp-content\/uploads\/2022\/06\/Logo-cars-2x.png\",\"width\":355,\"height\":130,\"caption\":\"ODES\"},\"image\":{\"@id\":\"https:\/\/distribuidoraodes.com.mx\/#\/schema\/logo\/image\/\"}}]}<\/script>\n<!-- \/ Yoast SEO Premium plugin. -->","yoast_head_json":{"title":"LLANTAS RAMBLER \u2013 700X40C \/ PLEGABLE \/ NEGRO \/ 120 TPI \/ EXO\/TR - ODES","robots":{"index":"index","follow":"follow","max-snippet":"max-snippet:-1","max-image-preview":"max-image-preview:large","max-video-preview":"max-video-preview:-1"},"canonical":"https:\/\/distribuidoraodes.com.mx\/?product=llantas-rambler-700x40c-plegable-negro-120-tpi-exo-tr","og_locale":"es_MX","og_type":"article","og_title":"LLANTAS RAMBLER \u2013 700X40C \/ PLEGABLE \/ NEGRO \/ 120 TPI \/ EXO\/TR","og_description":"Llanta de carreras de tierra y gravel.\u2013 Doble compuesto para la longevidad.\u2013 Protecci\u00f3n EXO disponible.\u2013 Patr\u00f3n de pisada espec\u00edfico para la grava.\u2013 Tubeless Ready (TR).La primera llanta espec\u00edfica para gravel de Maxxis, el Rambler, est\u00e1 dise\u00f1ada con el volumen necesario para la comodidad y la banda de rodamiento necesaria para la velocidad y el control. Las rodaduras centrales est\u00e1n apretadas para una mayor eficiencia de rodadura en carreteras con asfalto y las rodaduras laterales separadas entre s\u00ed proporcionan una conducci\u00f3n predecible en las curvas en terrenos variados.","og_url":"https:\/\/distribuidoraodes.com.mx\/?product=llantas-rambler-700x40c-plegable-negro-120-tpi-exo-tr","og_site_name":"ODES","article_modified_time":"2026-05-09T00:28:18+00:00","og_image":[{"width":1000,"height":1000,"url":"https:\/\/distribuidoraodes.com.mx\/wp-content\/uploads\/2026\/05\/llanta-Rambler-1.jpg","type":"image\/jpeg"}],"twitter_card":"summary_large_image","twitter_misc":{"Tiempo de lectura":"1 minuto"},"schema":{"@context":"https:\/\/schema.org","@graph":[{"@type":"WebPage","@id":"https:\/\/distribuidoraodes.com.mx\/?product=llantas-rambler-700x40c-plegable-negro-120-tpi-exo-tr","url":"https:\/\/distribuidoraodes.com.mx\/?product=llantas-rambler-700x40c-plegable-negro-120-tpi-exo-tr","name":"LLANTAS RAMBLER \u2013 700X40C \/ PLEGABLE \/ NEGRO \/ 120 TPI \/ EXO\/TR - ODES","isPartOf":{"@id":"https:\/\/distribuidoraodes.com.mx\/#website"},"primaryImageOfPage":{"@id":"https:\/\/distribuidoraodes.com.mx\/?product=llantas-rambler-700x40c-plegable-negro-120-tpi-exo-tr#primaryimage"},"image":{"@id":"https:\/\/distribuidoraodes.com.mx\/?product=llantas-rambler-700x40c-plegable-negro-120-tpi-exo-tr#primaryimage"},"thumbnailUrl":"https:\/\/distribuidoraodes.com.mx\/wp-content\/uploads\/2026\/05\/llanta-Rambler-1.jpg","datePublished":"2026-05-09T00:28:12+00:00","dateModified":"2026-05-09T00:28:18+00:00","breadcrumb":{"@id":"https:\/\/distribuidoraodes.com.mx\/?product=llantas-rambler-700x40c-plegable-negro-120-tpi-exo-tr#breadcrumb"},"inLanguage":"es","potentialAction":[{"@type":"ReadAction","target":["https:\/\/distribuidoraodes.com.mx\/?product=llantas-rambler-700x40c-plegable-negro-120-tpi-exo-tr"]}]},{"@type":"ImageObject","inLanguage":"es","@id":"https:\/\/distribuidoraodes.com.mx\/?product=llantas-rambler-700x40c-plegable-negro-120-tpi-exo-tr#primaryimage","url":"https:\/\/distribuidoraodes.com.mx\/wp-content\/uploads\/2026\/05\/llanta-Rambler-1.jpg","contentUrl":"https:\/\/distribuidoraodes.com.mx\/wp-content\/uploads\/2026\/05\/llanta-Rambler-1.jpg","width":1000,"height":1000},{"@type":"BreadcrumbList","@id":"https:\/\/distribuidoraodes.com.mx\/?product=llantas-rambler-700x40c-plegable-negro-120-tpi-exo-tr#breadcrumb","itemListElement":[{"@type":"ListItem","position":1,"name":"Home","item":"https:\/\/distribuidoraodes.com.mx\/"},{"@type":"ListItem","position":2,"name":"Shop","item":"https:\/\/distribuidoraodes.com.mx\/?page_id=12"},{"@type":"ListItem","position":3,"name":"LLANTAS RAMBLER \u2013 700X40C \/ PLEGABLE \/ NEGRO \/ 120 TPI \/ EXO\/TR"}]},{"@type":"WebSite","@id":"https:\/\/distribuidoraodes.com.mx\/#website","url":"https:\/\/distribuidoraodes.com.mx\/","name":"ODES","description":"","publisher":{"@id":"https:\/\/distribuidoraodes.com.mx\/#organization"},"alternateName":"ODES LLANTAS","potentialAction":[{"@type":"SearchAction","target":{"@type":"EntryPoint","urlTemplate":"https:\/\/distribuidoraodes.com.mx\/?s={search_term_string}"},"query-input":{"@type":"PropertyValueSpecification","valueRequired":true,"valueName":"search_term_string"}}],"inLanguage":"es"},{"@type":"Organization","@id":"https:\/\/distribuidoraodes.com.mx\/#organization","name":"ODES","url":"https:\/\/distribuidoraodes.com.mx\/","logo":{"@type":"ImageObject","inLanguage":"es","@id":"https:\/\/distribuidoraodes.com.mx\/#\/schema\/logo\/image\/","url":"https:\/\/distribuidoraodes.com.mx\/wp-content\/uploads\/2022\/06\/Logo-cars-2x.png","contentUrl":"https:\/\/distribuidoraodes.com.mx\/wp-content\/uploads\/2022\/06\/Logo-cars-2x.png","width":355,"height":130,"caption":"ODES"},"image":{"@id":"https:\/\/distribuidoraodes.com.mx\/#\/schema\/logo\/image\/"}}]}},"_links":{"self":[{"href":"https:\/\/distribuidoraodes.com.mx\/index.php?rest_route=\/wp\/v2\/product\/2669","targetHints":{"allow":["GET"]}}],"collection":[{"href":"https:\/\/distribuidoraodes.com.mx\/index.php?rest_route=\/wp\/v2\/product"}],"about":[{"href":"https:\/\/distribuidoraodes.com.mx\/index.php?rest_route=\/wp\/v2\/types\/product"}],"replies":[{"embeddable":true,"href":"https:\/\/distribuidoraodes.com.mx\/index.php?rest_route=%2Fwp%2Fv2%2Fcomments&post=2669"}],"version-history":[{"count":1,"href":"https:\/\/distribuidoraodes.com.mx\/index.php?rest_route=\/wp\/v2\/product\/2669\/revisions"}],"predecessor-version":[{"id":2670,"href":"https:\/\/distribuidoraodes.com.mx\/index.php?rest_route=\/wp\/v2\/product\/2669\/revisions\/2670"}],"wp:featuredmedia":[{"embeddable":true,"href":"https:\/\/distribuidoraodes.com.mx\/index.php?rest_route=\/wp\/v2\/media\/2650"}],"wp:attachment":[{"href":"https:\/\/distribuidoraodes.com.mx\/index.php?rest_route=%2Fwp%2Fv2%2Fmedia&parent=2669"}],"wp:term":[{"taxonomy":"brand","embeddable":true,"href":"https:\/\/distribuidoraodes.com.mx\/index.php?rest_route=%2Fwp%2Fv2%2Fetheme_brands&post=2669"},{"taxonomy":"product_brand","embeddable":true,"href":"https:\/\/distribuidoraodes.com.mx\/index.php?rest_route=%2Fwp%2Fv2%2Fproduct_brand&post=2669"},{"taxonomy":"product_cat","embeddable":true,"href":"https:\/\/distribuidoraodes.com.mx\/index.php?rest_route=%2Fwp%2Fv2%2Fproduct_cat&post=2669"},{"taxonomy":"product_tag","embeddable":true,"href":"https:\/\/distribuidoraodes.com.mx\/index.php?rest_route=%2Fwp%2Fv2%2Fproduct_tag&post=2669"}],"curies":[{"name":"wp","href":"https:\/\/api.w.org\/{rel}","templated":true}]}}