{"id":2503,"date":"2026-05-07T23:23:41","date_gmt":"2026-05-07T23:23:41","guid":{"rendered":"https:\/\/distribuidoraodes.com.mx\/?post_type=product&#038;p=2503"},"modified":"2026-05-07T23:23:42","modified_gmt":"2026-05-07T23:23:42","slug":"llantas-detonator-700x25c-alambre-negro-60-tpi","status":"publish","type":"product","link":"https:\/\/distribuidoraodes.com.mx\/?product=llantas-detonator-700x25c-alambre-negro-60-tpi","title":{"rendered":"LLANTAS DETONATOR \u2013 700X25C \/ ALAMBRE \/ NEGRO \/ 60 TPI"},"content":{"rendered":"","protected":false},"excerpt":{"rendered":"<p>-Dibujo de banda de rodamiento acanalado en forma de \u201cM\u201d.<br \/>\n\u2013 Protecci\u00f3n Silkworm.<br \/>\n\u2013 Llanta de entrenamiento.<\/p>\n<p>La Maxxis Detonator, con su dibujo de banda de rodamiento de doble compuesto, ofrece una llanta de entrenamiento duradera con un pedigr\u00ed de carrera. El compuesto de silicona m\u00e1s suave en los bordes exteriores de la llanta permite una gran tracci\u00f3n en una variedad de condiciones de la carretera. La Detonator es lo suficientemente duradera como para proporcionar un mont\u00f3n de kil\u00f3metros de invierno, pero lo suficientemente flexible y con agarre para competir en el verano.<\/p>\n","protected":false},"featured_media":2499,"comment_status":"open","ping_status":"closed","template":"","meta":[],"etheme_brands":[],"product_brand":[],"product_cat":[59],"product_tag":[],"class_list":{"0":"post-2503","1":"product","2":"type-product","3":"status-publish","4":"has-post-thumbnail","6":"product_cat-llantas-de-ruta","8":"first","9":"instock","10":"shipping-taxable","11":"purchasable","12":"product-type-simple"},"yoast_head":"<!-- This site is optimized with the Yoast SEO Premium plugin v23.4 (Yoast SEO v23.4) - https:\/\/yoast.com\/wordpress\/plugins\/seo\/ -->\n<title>LLANTAS DETONATOR \u2013 700X25C \/ ALAMBRE \/ NEGRO \/ 60 TPI - ODES<\/title>\n<meta name=\"robots\" content=\"index, follow, max-snippet:-1, max-image-preview:large, max-video-preview:-1\" \/>\n<link rel=\"canonical\" href=\"https:\/\/distribuidoraodes.com.mx\/?product=llantas-detonator-700x25c-alambre-negro-60-tpi\" \/>\n<meta property=\"og:locale\" content=\"es_MX\" \/>\n<meta property=\"og:type\" content=\"article\" \/>\n<meta property=\"og:title\" content=\"LLANTAS DETONATOR \u2013 700X25C \/ ALAMBRE \/ NEGRO \/ 60 TPI\" \/>\n<meta property=\"og:description\" content=\"-Dibujo de banda de rodamiento acanalado en forma de \u201cM\u201d. \u2013 Protecci\u00f3n Silkworm. \u2013 Llanta de entrenamiento.  La Maxxis Detonator, con su dibujo de banda de rodamiento de doble compuesto, ofrece una llanta de entrenamiento duradera con un pedigr\u00ed de carrera. El compuesto de silicona m\u00e1s suave en los bordes exteriores de la llanta permite una gran tracci\u00f3n en una variedad de condiciones de la carretera. La Detonator es lo suficientemente duradera como para proporcionar un mont\u00f3n de kil\u00f3metros de invierno, pero lo suficientemente flexible y con agarre para competir en el verano.\" \/>\n<meta property=\"og:url\" content=\"https:\/\/distribuidoraodes.com.mx\/?product=llantas-detonator-700x25c-alambre-negro-60-tpi\" \/>\n<meta property=\"og:site_name\" content=\"ODES\" \/>\n<meta property=\"article:modified_time\" content=\"2026-05-07T23:23:42+00:00\" \/>\n<meta property=\"og:image\" content=\"https:\/\/distribuidoraodes.com.mx\/wp-content\/uploads\/2026\/05\/Llanta-DETONATOR-1-2.jpg\" \/>\n\t<meta property=\"og:image:width\" content=\"1000\" \/>\n\t<meta property=\"og:image:height\" content=\"1000\" \/>\n\t<meta property=\"og:image:type\" content=\"image\/jpeg\" \/>\n<meta name=\"twitter:card\" content=\"summary_large_image\" \/>\n<meta name=\"twitter:label1\" content=\"Tiempo de lectura\" \/>\n\t<meta name=\"twitter:data1\" content=\"1 minuto\" \/>\n<script type=\"application\/ld+json\" class=\"yoast-schema-graph\">{\"@context\":\"https:\/\/schema.org\",\"@graph\":[{\"@type\":\"WebPage\",\"@id\":\"https:\/\/distribuidoraodes.com.mx\/?product=llantas-detonator-700x25c-alambre-negro-60-tpi\",\"url\":\"https:\/\/distribuidoraodes.com.mx\/?product=llantas-detonator-700x25c-alambre-negro-60-tpi\",\"name\":\"LLANTAS DETONATOR \u2013 700X25C \/ ALAMBRE \/ NEGRO \/ 60 TPI - ODES\",\"isPartOf\":{\"@id\":\"https:\/\/distribuidoraodes.com.mx\/#website\"},\"primaryImageOfPage\":{\"@id\":\"https:\/\/distribuidoraodes.com.mx\/?product=llantas-detonator-700x25c-alambre-negro-60-tpi#primaryimage\"},\"image\":{\"@id\":\"https:\/\/distribuidoraodes.com.mx\/?product=llantas-detonator-700x25c-alambre-negro-60-tpi#primaryimage\"},\"thumbnailUrl\":\"https:\/\/distribuidoraodes.com.mx\/wp-content\/uploads\/2026\/05\/Llanta-DETONATOR-1-2.jpg\",\"datePublished\":\"2026-05-07T23:23:41+00:00\",\"dateModified\":\"2026-05-07T23:23:42+00:00\",\"breadcrumb\":{\"@id\":\"https:\/\/distribuidoraodes.com.mx\/?product=llantas-detonator-700x25c-alambre-negro-60-tpi#breadcrumb\"},\"inLanguage\":\"es\",\"potentialAction\":[{\"@type\":\"ReadAction\",\"target\":[\"https:\/\/distribuidoraodes.com.mx\/?product=llantas-detonator-700x25c-alambre-negro-60-tpi\"]}]},{\"@type\":\"ImageObject\",\"inLanguage\":\"es\",\"@id\":\"https:\/\/distribuidoraodes.com.mx\/?product=llantas-detonator-700x25c-alambre-negro-60-tpi#primaryimage\",\"url\":\"https:\/\/distribuidoraodes.com.mx\/wp-content\/uploads\/2026\/05\/Llanta-DETONATOR-1-2.jpg\",\"contentUrl\":\"https:\/\/distribuidoraodes.com.mx\/wp-content\/uploads\/2026\/05\/Llanta-DETONATOR-1-2.jpg\",\"width\":1000,\"height\":1000},{\"@type\":\"BreadcrumbList\",\"@id\":\"https:\/\/distribuidoraodes.com.mx\/?product=llantas-detonator-700x25c-alambre-negro-60-tpi#breadcrumb\",\"itemListElement\":[{\"@type\":\"ListItem\",\"position\":1,\"name\":\"Home\",\"item\":\"https:\/\/distribuidoraodes.com.mx\/\"},{\"@type\":\"ListItem\",\"position\":2,\"name\":\"Shop\",\"item\":\"https:\/\/distribuidoraodes.com.mx\/?page_id=12\"},{\"@type\":\"ListItem\",\"position\":3,\"name\":\"LLANTAS DETONATOR \u2013 700X25C \/ ALAMBRE \/ NEGRO \/ 60 TPI\"}]},{\"@type\":\"WebSite\",\"@id\":\"https:\/\/distribuidoraodes.com.mx\/#website\",\"url\":\"https:\/\/distribuidoraodes.com.mx\/\",\"name\":\"ODES\",\"description\":\"\",\"publisher\":{\"@id\":\"https:\/\/distribuidoraodes.com.mx\/#organization\"},\"alternateName\":\"ODES LLANTAS\",\"potentialAction\":[{\"@type\":\"SearchAction\",\"target\":{\"@type\":\"EntryPoint\",\"urlTemplate\":\"https:\/\/distribuidoraodes.com.mx\/?s={search_term_string}\"},\"query-input\":{\"@type\":\"PropertyValueSpecification\",\"valueRequired\":true,\"valueName\":\"search_term_string\"}}],\"inLanguage\":\"es\"},{\"@type\":\"Organization\",\"@id\":\"https:\/\/distribuidoraodes.com.mx\/#organization\",\"name\":\"ODES\",\"url\":\"https:\/\/distribuidoraodes.com.mx\/\",\"logo\":{\"@type\":\"ImageObject\",\"inLanguage\":\"es\",\"@id\":\"https:\/\/distribuidoraodes.com.mx\/#\/schema\/logo\/image\/\",\"url\":\"https:\/\/distribuidoraodes.com.mx\/wp-content\/uploads\/2022\/06\/Logo-cars-2x.png\",\"contentUrl\":\"https:\/\/distribuidoraodes.com.mx\/wp-content\/uploads\/2022\/06\/Logo-cars-2x.png\",\"width\":355,\"height\":130,\"caption\":\"ODES\"},\"image\":{\"@id\":\"https:\/\/distribuidoraodes.com.mx\/#\/schema\/logo\/image\/\"}}]}<\/script>\n<!-- \/ Yoast SEO Premium plugin. -->","yoast_head_json":{"title":"LLANTAS DETONATOR \u2013 700X25C \/ ALAMBRE \/ NEGRO \/ 60 TPI - ODES","robots":{"index":"index","follow":"follow","max-snippet":"max-snippet:-1","max-image-preview":"max-image-preview:large","max-video-preview":"max-video-preview:-1"},"canonical":"https:\/\/distribuidoraodes.com.mx\/?product=llantas-detonator-700x25c-alambre-negro-60-tpi","og_locale":"es_MX","og_type":"article","og_title":"LLANTAS DETONATOR \u2013 700X25C \/ ALAMBRE \/ NEGRO \/ 60 TPI","og_description":"-Dibujo de banda de rodamiento acanalado en forma de \u201cM\u201d. \u2013 Protecci\u00f3n Silkworm. \u2013 Llanta de entrenamiento.  La Maxxis Detonator, con su dibujo de banda de rodamiento de doble compuesto, ofrece una llanta de entrenamiento duradera con un pedigr\u00ed de carrera. El compuesto de silicona m\u00e1s suave en los bordes exteriores de la llanta permite una gran tracci\u00f3n en una variedad de condiciones de la carretera. La Detonator es lo suficientemente duradera como para proporcionar un mont\u00f3n de kil\u00f3metros de invierno, pero lo suficientemente flexible y con agarre para competir en el verano.","og_url":"https:\/\/distribuidoraodes.com.mx\/?product=llantas-detonator-700x25c-alambre-negro-60-tpi","og_site_name":"ODES","article_modified_time":"2026-05-07T23:23:42+00:00","og_image":[{"width":1000,"height":1000,"url":"https:\/\/distribuidoraodes.com.mx\/wp-content\/uploads\/2026\/05\/Llanta-DETONATOR-1-2.jpg","type":"image\/jpeg"}],"twitter_card":"summary_large_image","twitter_misc":{"Tiempo de lectura":"1 minuto"},"schema":{"@context":"https:\/\/schema.org","@graph":[{"@type":"WebPage","@id":"https:\/\/distribuidoraodes.com.mx\/?product=llantas-detonator-700x25c-alambre-negro-60-tpi","url":"https:\/\/distribuidoraodes.com.mx\/?product=llantas-detonator-700x25c-alambre-negro-60-tpi","name":"LLANTAS DETONATOR \u2013 700X25C \/ ALAMBRE \/ NEGRO \/ 60 TPI - ODES","isPartOf":{"@id":"https:\/\/distribuidoraodes.com.mx\/#website"},"primaryImageOfPage":{"@id":"https:\/\/distribuidoraodes.com.mx\/?product=llantas-detonator-700x25c-alambre-negro-60-tpi#primaryimage"},"image":{"@id":"https:\/\/distribuidoraodes.com.mx\/?product=llantas-detonator-700x25c-alambre-negro-60-tpi#primaryimage"},"thumbnailUrl":"https:\/\/distribuidoraodes.com.mx\/wp-content\/uploads\/2026\/05\/Llanta-DETONATOR-1-2.jpg","datePublished":"2026-05-07T23:23:41+00:00","dateModified":"2026-05-07T23:23:42+00:00","breadcrumb":{"@id":"https:\/\/distribuidoraodes.com.mx\/?product=llantas-detonator-700x25c-alambre-negro-60-tpi#breadcrumb"},"inLanguage":"es","potentialAction":[{"@type":"ReadAction","target":["https:\/\/distribuidoraodes.com.mx\/?product=llantas-detonator-700x25c-alambre-negro-60-tpi"]}]},{"@type":"ImageObject","inLanguage":"es","@id":"https:\/\/distribuidoraodes.com.mx\/?product=llantas-detonator-700x25c-alambre-negro-60-tpi#primaryimage","url":"https:\/\/distribuidoraodes.com.mx\/wp-content\/uploads\/2026\/05\/Llanta-DETONATOR-1-2.jpg","contentUrl":"https:\/\/distribuidoraodes.com.mx\/wp-content\/uploads\/2026\/05\/Llanta-DETONATOR-1-2.jpg","width":1000,"height":1000},{"@type":"BreadcrumbList","@id":"https:\/\/distribuidoraodes.com.mx\/?product=llantas-detonator-700x25c-alambre-negro-60-tpi#breadcrumb","itemListElement":[{"@type":"ListItem","position":1,"name":"Home","item":"https:\/\/distribuidoraodes.com.mx\/"},{"@type":"ListItem","position":2,"name":"Shop","item":"https:\/\/distribuidoraodes.com.mx\/?page_id=12"},{"@type":"ListItem","position":3,"name":"LLANTAS DETONATOR \u2013 700X25C \/ ALAMBRE \/ NEGRO \/ 60 TPI"}]},{"@type":"WebSite","@id":"https:\/\/distribuidoraodes.com.mx\/#website","url":"https:\/\/distribuidoraodes.com.mx\/","name":"ODES","description":"","publisher":{"@id":"https:\/\/distribuidoraodes.com.mx\/#organization"},"alternateName":"ODES LLANTAS","potentialAction":[{"@type":"SearchAction","target":{"@type":"EntryPoint","urlTemplate":"https:\/\/distribuidoraodes.com.mx\/?s={search_term_string}"},"query-input":{"@type":"PropertyValueSpecification","valueRequired":true,"valueName":"search_term_string"}}],"inLanguage":"es"},{"@type":"Organization","@id":"https:\/\/distribuidoraodes.com.mx\/#organization","name":"ODES","url":"https:\/\/distribuidoraodes.com.mx\/","logo":{"@type":"ImageObject","inLanguage":"es","@id":"https:\/\/distribuidoraodes.com.mx\/#\/schema\/logo\/image\/","url":"https:\/\/distribuidoraodes.com.mx\/wp-content\/uploads\/2022\/06\/Logo-cars-2x.png","contentUrl":"https:\/\/distribuidoraodes.com.mx\/wp-content\/uploads\/2022\/06\/Logo-cars-2x.png","width":355,"height":130,"caption":"ODES"},"image":{"@id":"https:\/\/distribuidoraodes.com.mx\/#\/schema\/logo\/image\/"}}]}},"_links":{"self":[{"href":"https:\/\/distribuidoraodes.com.mx\/index.php?rest_route=\/wp\/v2\/product\/2503","targetHints":{"allow":["GET"]}}],"collection":[{"href":"https:\/\/distribuidoraodes.com.mx\/index.php?rest_route=\/wp\/v2\/product"}],"about":[{"href":"https:\/\/distribuidoraodes.com.mx\/index.php?rest_route=\/wp\/v2\/types\/product"}],"replies":[{"embeddable":true,"href":"https:\/\/distribuidoraodes.com.mx\/index.php?rest_route=%2Fwp%2Fv2%2Fcomments&post=2503"}],"version-history":[{"count":1,"href":"https:\/\/distribuidoraodes.com.mx\/index.php?rest_route=\/wp\/v2\/product\/2503\/revisions"}],"predecessor-version":[{"id":2504,"href":"https:\/\/distribuidoraodes.com.mx\/index.php?rest_route=\/wp\/v2\/product\/2503\/revisions\/2504"}],"wp:featuredmedia":[{"embeddable":true,"href":"https:\/\/distribuidoraodes.com.mx\/index.php?rest_route=\/wp\/v2\/media\/2499"}],"wp:attachment":[{"href":"https:\/\/distribuidoraodes.com.mx\/index.php?rest_route=%2Fwp%2Fv2%2Fmedia&parent=2503"}],"wp:term":[{"taxonomy":"brand","embeddable":true,"href":"https:\/\/distribuidoraodes.com.mx\/index.php?rest_route=%2Fwp%2Fv2%2Fetheme_brands&post=2503"},{"taxonomy":"product_brand","embeddable":true,"href":"https:\/\/distribuidoraodes.com.mx\/index.php?rest_route=%2Fwp%2Fv2%2Fproduct_brand&post=2503"},{"taxonomy":"product_cat","embeddable":true,"href":"https:\/\/distribuidoraodes.com.mx\/index.php?rest_route=%2Fwp%2Fv2%2Fproduct_cat&post=2503"},{"taxonomy":"product_tag","embeddable":true,"href":"https:\/\/distribuidoraodes.com.mx\/index.php?rest_route=%2Fwp%2Fv2%2Fproduct_tag&post=2503"}],"curies":[{"name":"wp","href":"https:\/\/api.w.org\/{rel}","templated":true}]}}