{"id":2461,"date":"2026-05-07T21:12:58","date_gmt":"2026-05-07T21:12:58","guid":{"rendered":"https:\/\/distribuidoraodes.com.mx\/?post_type=product&#038;p=2461"},"modified":"2026-05-07T21:13:00","modified_gmt":"2026-05-07T21:13:00","slug":"llantas-crossmark-26x2-10-plegable-negro-60-tpi","status":"publish","type":"product","link":"https:\/\/distribuidoraodes.com.mx\/?product=llantas-crossmark-26x2-10-plegable-negro-60-tpi","title":{"rendered":"LLANTAS CROSSMARK \u2013 26X2.10 \/ PLEGABLE \/ NEGRO \/ 60 TPI"},"content":{"rendered":"","protected":false},"excerpt":{"rendered":"<p>Un producto de alto rendimiento en condiciones secas.<\/p>\n<p>\u2013 R\u00e1pido enrollamiento en el centro de la cresta \u2013 delantera o trasera.<br \/>\n\u2013 Rodaduras (Callos) laterales elevados para un mejor agarre en las curvas.<\/p>\n<p>La CrossMark es la dram\u00e1tica evoluci\u00f3n de la llanta de carreras de Cross Country. La cresta central casi continua tiene suficiente espacio para agarrar ra\u00edces y rocas mojadas. El borde ligeramente elevado de las rodaduras (Callos) laterales ofrece una precisi\u00f3n en las curvas nunca antes vista en una llanta tan r\u00e1pida.<\/p>\n","protected":false},"featured_media":2458,"comment_status":"open","ping_status":"closed","template":"","meta":[],"etheme_brands":[],"product_brand":[],"product_cat":[55],"product_tag":[],"class_list":{"0":"post-2461","1":"product","2":"type-product","3":"status-publish","4":"has-post-thumbnail","6":"product_cat-llantas-montana","8":"first","9":"instock","10":"shipping-taxable","11":"purchasable","12":"product-type-simple"},"yoast_head":"<!-- This site is optimized with the Yoast SEO Premium plugin v23.4 (Yoast SEO v23.4) - https:\/\/yoast.com\/wordpress\/plugins\/seo\/ -->\n<title>LLANTAS CROSSMARK \u2013 26X2.10 \/ PLEGABLE \/ NEGRO \/ 60 TPI - ODES<\/title>\n<meta name=\"robots\" content=\"index, follow, max-snippet:-1, max-image-preview:large, max-video-preview:-1\" \/>\n<link rel=\"canonical\" href=\"https:\/\/distribuidoraodes.com.mx\/?product=llantas-crossmark-26x2-10-plegable-negro-60-tpi\" \/>\n<meta property=\"og:locale\" content=\"es_MX\" \/>\n<meta property=\"og:type\" content=\"article\" \/>\n<meta property=\"og:title\" content=\"LLANTAS CROSSMARK \u2013 26X2.10 \/ PLEGABLE \/ NEGRO \/ 60 TPI\" \/>\n<meta property=\"og:description\" content=\"Un producto de alto rendimiento en condiciones secas.  \u2013 R\u00e1pido enrollamiento en el centro de la cresta \u2013 delantera o trasera. \u2013 Rodaduras (Callos) laterales elevados para un mejor agarre en las curvas.  La CrossMark es la dram\u00e1tica evoluci\u00f3n de la llanta de carreras de Cross Country. La cresta central casi continua tiene suficiente espacio para agarrar ra\u00edces y rocas mojadas. El borde ligeramente elevado de las rodaduras (Callos) laterales ofrece una precisi\u00f3n en las curvas nunca antes vista en una llanta tan r\u00e1pida.\" \/>\n<meta property=\"og:url\" content=\"https:\/\/distribuidoraodes.com.mx\/?product=llantas-crossmark-26x2-10-plegable-negro-60-tpi\" \/>\n<meta property=\"og:site_name\" content=\"ODES\" \/>\n<meta property=\"article:modified_time\" content=\"2026-05-07T21:13:00+00:00\" \/>\n<meta property=\"og:image\" content=\"https:\/\/distribuidoraodes.com.mx\/wp-content\/uploads\/2026\/05\/Llanta-CROSSMARK-1.jpg\" \/>\n\t<meta property=\"og:image:width\" content=\"1000\" \/>\n\t<meta property=\"og:image:height\" content=\"1000\" \/>\n\t<meta property=\"og:image:type\" content=\"image\/jpeg\" \/>\n<meta name=\"twitter:card\" content=\"summary_large_image\" \/>\n<meta name=\"twitter:label1\" content=\"Tiempo de lectura\" \/>\n\t<meta name=\"twitter:data1\" content=\"1 minuto\" \/>\n<script type=\"application\/ld+json\" class=\"yoast-schema-graph\">{\"@context\":\"https:\/\/schema.org\",\"@graph\":[{\"@type\":\"WebPage\",\"@id\":\"https:\/\/distribuidoraodes.com.mx\/?product=llantas-crossmark-26x2-10-plegable-negro-60-tpi\",\"url\":\"https:\/\/distribuidoraodes.com.mx\/?product=llantas-crossmark-26x2-10-plegable-negro-60-tpi\",\"name\":\"LLANTAS CROSSMARK \u2013 26X2.10 \/ PLEGABLE \/ NEGRO \/ 60 TPI - ODES\",\"isPartOf\":{\"@id\":\"https:\/\/distribuidoraodes.com.mx\/#website\"},\"primaryImageOfPage\":{\"@id\":\"https:\/\/distribuidoraodes.com.mx\/?product=llantas-crossmark-26x2-10-plegable-negro-60-tpi#primaryimage\"},\"image\":{\"@id\":\"https:\/\/distribuidoraodes.com.mx\/?product=llantas-crossmark-26x2-10-plegable-negro-60-tpi#primaryimage\"},\"thumbnailUrl\":\"https:\/\/distribuidoraodes.com.mx\/wp-content\/uploads\/2026\/05\/Llanta-CROSSMARK-1.jpg\",\"datePublished\":\"2026-05-07T21:12:58+00:00\",\"dateModified\":\"2026-05-07T21:13:00+00:00\",\"breadcrumb\":{\"@id\":\"https:\/\/distribuidoraodes.com.mx\/?product=llantas-crossmark-26x2-10-plegable-negro-60-tpi#breadcrumb\"},\"inLanguage\":\"es\",\"potentialAction\":[{\"@type\":\"ReadAction\",\"target\":[\"https:\/\/distribuidoraodes.com.mx\/?product=llantas-crossmark-26x2-10-plegable-negro-60-tpi\"]}]},{\"@type\":\"ImageObject\",\"inLanguage\":\"es\",\"@id\":\"https:\/\/distribuidoraodes.com.mx\/?product=llantas-crossmark-26x2-10-plegable-negro-60-tpi#primaryimage\",\"url\":\"https:\/\/distribuidoraodes.com.mx\/wp-content\/uploads\/2026\/05\/Llanta-CROSSMARK-1.jpg\",\"contentUrl\":\"https:\/\/distribuidoraodes.com.mx\/wp-content\/uploads\/2026\/05\/Llanta-CROSSMARK-1.jpg\",\"width\":1000,\"height\":1000},{\"@type\":\"BreadcrumbList\",\"@id\":\"https:\/\/distribuidoraodes.com.mx\/?product=llantas-crossmark-26x2-10-plegable-negro-60-tpi#breadcrumb\",\"itemListElement\":[{\"@type\":\"ListItem\",\"position\":1,\"name\":\"Home\",\"item\":\"https:\/\/distribuidoraodes.com.mx\/\"},{\"@type\":\"ListItem\",\"position\":2,\"name\":\"Shop\",\"item\":\"https:\/\/distribuidoraodes.com.mx\/?page_id=12\"},{\"@type\":\"ListItem\",\"position\":3,\"name\":\"LLANTAS CROSSMARK \u2013 26X2.10 \/ PLEGABLE \/ NEGRO \/ 60 TPI\"}]},{\"@type\":\"WebSite\",\"@id\":\"https:\/\/distribuidoraodes.com.mx\/#website\",\"url\":\"https:\/\/distribuidoraodes.com.mx\/\",\"name\":\"ODES\",\"description\":\"\",\"publisher\":{\"@id\":\"https:\/\/distribuidoraodes.com.mx\/#organization\"},\"alternateName\":\"ODES LLANTAS\",\"potentialAction\":[{\"@type\":\"SearchAction\",\"target\":{\"@type\":\"EntryPoint\",\"urlTemplate\":\"https:\/\/distribuidoraodes.com.mx\/?s={search_term_string}\"},\"query-input\":{\"@type\":\"PropertyValueSpecification\",\"valueRequired\":true,\"valueName\":\"search_term_string\"}}],\"inLanguage\":\"es\"},{\"@type\":\"Organization\",\"@id\":\"https:\/\/distribuidoraodes.com.mx\/#organization\",\"name\":\"ODES\",\"url\":\"https:\/\/distribuidoraodes.com.mx\/\",\"logo\":{\"@type\":\"ImageObject\",\"inLanguage\":\"es\",\"@id\":\"https:\/\/distribuidoraodes.com.mx\/#\/schema\/logo\/image\/\",\"url\":\"https:\/\/distribuidoraodes.com.mx\/wp-content\/uploads\/2022\/06\/Logo-cars-2x.png\",\"contentUrl\":\"https:\/\/distribuidoraodes.com.mx\/wp-content\/uploads\/2022\/06\/Logo-cars-2x.png\",\"width\":355,\"height\":130,\"caption\":\"ODES\"},\"image\":{\"@id\":\"https:\/\/distribuidoraodes.com.mx\/#\/schema\/logo\/image\/\"}}]}<\/script>\n<!-- \/ Yoast SEO Premium plugin. -->","yoast_head_json":{"title":"LLANTAS CROSSMARK \u2013 26X2.10 \/ PLEGABLE \/ NEGRO \/ 60 TPI - ODES","robots":{"index":"index","follow":"follow","max-snippet":"max-snippet:-1","max-image-preview":"max-image-preview:large","max-video-preview":"max-video-preview:-1"},"canonical":"https:\/\/distribuidoraodes.com.mx\/?product=llantas-crossmark-26x2-10-plegable-negro-60-tpi","og_locale":"es_MX","og_type":"article","og_title":"LLANTAS CROSSMARK \u2013 26X2.10 \/ PLEGABLE \/ NEGRO \/ 60 TPI","og_description":"Un producto de alto rendimiento en condiciones secas.  \u2013 R\u00e1pido enrollamiento en el centro de la cresta \u2013 delantera o trasera. \u2013 Rodaduras (Callos) laterales elevados para un mejor agarre en las curvas.  La CrossMark es la dram\u00e1tica evoluci\u00f3n de la llanta de carreras de Cross Country. La cresta central casi continua tiene suficiente espacio para agarrar ra\u00edces y rocas mojadas. El borde ligeramente elevado de las rodaduras (Callos) laterales ofrece una precisi\u00f3n en las curvas nunca antes vista en una llanta tan r\u00e1pida.","og_url":"https:\/\/distribuidoraodes.com.mx\/?product=llantas-crossmark-26x2-10-plegable-negro-60-tpi","og_site_name":"ODES","article_modified_time":"2026-05-07T21:13:00+00:00","og_image":[{"width":1000,"height":1000,"url":"https:\/\/distribuidoraodes.com.mx\/wp-content\/uploads\/2026\/05\/Llanta-CROSSMARK-1.jpg","type":"image\/jpeg"}],"twitter_card":"summary_large_image","twitter_misc":{"Tiempo de lectura":"1 minuto"},"schema":{"@context":"https:\/\/schema.org","@graph":[{"@type":"WebPage","@id":"https:\/\/distribuidoraodes.com.mx\/?product=llantas-crossmark-26x2-10-plegable-negro-60-tpi","url":"https:\/\/distribuidoraodes.com.mx\/?product=llantas-crossmark-26x2-10-plegable-negro-60-tpi","name":"LLANTAS CROSSMARK \u2013 26X2.10 \/ PLEGABLE \/ NEGRO \/ 60 TPI - ODES","isPartOf":{"@id":"https:\/\/distribuidoraodes.com.mx\/#website"},"primaryImageOfPage":{"@id":"https:\/\/distribuidoraodes.com.mx\/?product=llantas-crossmark-26x2-10-plegable-negro-60-tpi#primaryimage"},"image":{"@id":"https:\/\/distribuidoraodes.com.mx\/?product=llantas-crossmark-26x2-10-plegable-negro-60-tpi#primaryimage"},"thumbnailUrl":"https:\/\/distribuidoraodes.com.mx\/wp-content\/uploads\/2026\/05\/Llanta-CROSSMARK-1.jpg","datePublished":"2026-05-07T21:12:58+00:00","dateModified":"2026-05-07T21:13:00+00:00","breadcrumb":{"@id":"https:\/\/distribuidoraodes.com.mx\/?product=llantas-crossmark-26x2-10-plegable-negro-60-tpi#breadcrumb"},"inLanguage":"es","potentialAction":[{"@type":"ReadAction","target":["https:\/\/distribuidoraodes.com.mx\/?product=llantas-crossmark-26x2-10-plegable-negro-60-tpi"]}]},{"@type":"ImageObject","inLanguage":"es","@id":"https:\/\/distribuidoraodes.com.mx\/?product=llantas-crossmark-26x2-10-plegable-negro-60-tpi#primaryimage","url":"https:\/\/distribuidoraodes.com.mx\/wp-content\/uploads\/2026\/05\/Llanta-CROSSMARK-1.jpg","contentUrl":"https:\/\/distribuidoraodes.com.mx\/wp-content\/uploads\/2026\/05\/Llanta-CROSSMARK-1.jpg","width":1000,"height":1000},{"@type":"BreadcrumbList","@id":"https:\/\/distribuidoraodes.com.mx\/?product=llantas-crossmark-26x2-10-plegable-negro-60-tpi#breadcrumb","itemListElement":[{"@type":"ListItem","position":1,"name":"Home","item":"https:\/\/distribuidoraodes.com.mx\/"},{"@type":"ListItem","position":2,"name":"Shop","item":"https:\/\/distribuidoraodes.com.mx\/?page_id=12"},{"@type":"ListItem","position":3,"name":"LLANTAS CROSSMARK \u2013 26X2.10 \/ PLEGABLE \/ NEGRO \/ 60 TPI"}]},{"@type":"WebSite","@id":"https:\/\/distribuidoraodes.com.mx\/#website","url":"https:\/\/distribuidoraodes.com.mx\/","name":"ODES","description":"","publisher":{"@id":"https:\/\/distribuidoraodes.com.mx\/#organization"},"alternateName":"ODES LLANTAS","potentialAction":[{"@type":"SearchAction","target":{"@type":"EntryPoint","urlTemplate":"https:\/\/distribuidoraodes.com.mx\/?s={search_term_string}"},"query-input":{"@type":"PropertyValueSpecification","valueRequired":true,"valueName":"search_term_string"}}],"inLanguage":"es"},{"@type":"Organization","@id":"https:\/\/distribuidoraodes.com.mx\/#organization","name":"ODES","url":"https:\/\/distribuidoraodes.com.mx\/","logo":{"@type":"ImageObject","inLanguage":"es","@id":"https:\/\/distribuidoraodes.com.mx\/#\/schema\/logo\/image\/","url":"https:\/\/distribuidoraodes.com.mx\/wp-content\/uploads\/2022\/06\/Logo-cars-2x.png","contentUrl":"https:\/\/distribuidoraodes.com.mx\/wp-content\/uploads\/2022\/06\/Logo-cars-2x.png","width":355,"height":130,"caption":"ODES"},"image":{"@id":"https:\/\/distribuidoraodes.com.mx\/#\/schema\/logo\/image\/"}}]}},"_links":{"self":[{"href":"https:\/\/distribuidoraodes.com.mx\/index.php?rest_route=\/wp\/v2\/product\/2461","targetHints":{"allow":["GET"]}}],"collection":[{"href":"https:\/\/distribuidoraodes.com.mx\/index.php?rest_route=\/wp\/v2\/product"}],"about":[{"href":"https:\/\/distribuidoraodes.com.mx\/index.php?rest_route=\/wp\/v2\/types\/product"}],"replies":[{"embeddable":true,"href":"https:\/\/distribuidoraodes.com.mx\/index.php?rest_route=%2Fwp%2Fv2%2Fcomments&post=2461"}],"version-history":[{"count":1,"href":"https:\/\/distribuidoraodes.com.mx\/index.php?rest_route=\/wp\/v2\/product\/2461\/revisions"}],"predecessor-version":[{"id":2462,"href":"https:\/\/distribuidoraodes.com.mx\/index.php?rest_route=\/wp\/v2\/product\/2461\/revisions\/2462"}],"wp:featuredmedia":[{"embeddable":true,"href":"https:\/\/distribuidoraodes.com.mx\/index.php?rest_route=\/wp\/v2\/media\/2458"}],"wp:attachment":[{"href":"https:\/\/distribuidoraodes.com.mx\/index.php?rest_route=%2Fwp%2Fv2%2Fmedia&parent=2461"}],"wp:term":[{"taxonomy":"brand","embeddable":true,"href":"https:\/\/distribuidoraodes.com.mx\/index.php?rest_route=%2Fwp%2Fv2%2Fetheme_brands&post=2461"},{"taxonomy":"product_brand","embeddable":true,"href":"https:\/\/distribuidoraodes.com.mx\/index.php?rest_route=%2Fwp%2Fv2%2Fproduct_brand&post=2461"},{"taxonomy":"product_cat","embeddable":true,"href":"https:\/\/distribuidoraodes.com.mx\/index.php?rest_route=%2Fwp%2Fv2%2Fproduct_cat&post=2461"},{"taxonomy":"product_tag","embeddable":true,"href":"https:\/\/distribuidoraodes.com.mx\/index.php?rest_route=%2Fwp%2Fv2%2Fproduct_tag&post=2461"}],"curies":[{"name":"wp","href":"https:\/\/api.w.org\/{rel}","templated":true}]}}