{"id":2454,"date":"2026-05-07T20:59:56","date_gmt":"2026-05-07T20:59:56","guid":{"rendered":"https:\/\/distribuidoraodes.com.mx\/?post_type=product&#038;p=2454"},"modified":"2026-05-07T20:59:57","modified_gmt":"2026-05-07T20:59:57","slug":"llantas-assegai-29x2-60-plegable-negro-60-tpi-exo-tr","status":"publish","type":"product","link":"https:\/\/distribuidoraodes.com.mx\/?product=llantas-assegai-29x2-60-plegable-negro-60-tpi-exo-tr","title":{"rendered":"LLANTAS ASSEGAI \u2013 29X2.60 \/ PLEGABLE \/ NEGRO \/ 60 TPI \/ EXO\/TR"},"content":{"rendered":"","protected":false},"excerpt":{"rendered":"<p>La llanta emblem\u00e1tica de Greg Minnaar.<\/p>\n<p>\u2013 Cubierta de doble capa para descenso.<br \/>\n\u2013 Compatible con Tubeless.<br \/>\n\u2013 Cubierta Wide Trail optimizada para llantas de 30-35 mm.<\/p>\n<p>La llanta Maxxis Assegai debe su nombre a la lanza de hierro utilizada por el pueblo Zulu de Sud\u00e1frica. Greg Minnaar, nativo de Sud\u00e1frica, pens\u00f3 que era un nombre apropiado para una llanta lista para la batalla en la monta\u00f1a. Mientras que otras llantas s\u00f3lo sobresalen en ciertas condiciones, la nueva Maxxis Assegai est\u00e1 construida para ir m\u00e1s r\u00e1pida en todas partes.<\/p>\n","protected":false},"featured_media":2423,"comment_status":"open","ping_status":"closed","template":"","meta":[],"etheme_brands":[],"product_brand":[],"product_cat":[55],"product_tag":[],"class_list":{"0":"post-2454","1":"product","2":"type-product","3":"status-publish","4":"has-post-thumbnail","6":"product_cat-llantas-montana","8":"first","9":"outofstock","10":"shipping-taxable","11":"purchasable","12":"product-type-simple"},"yoast_head":"<!-- This site is optimized with the Yoast SEO Premium plugin v23.4 (Yoast SEO v23.4) - https:\/\/yoast.com\/wordpress\/plugins\/seo\/ -->\n<title>LLANTAS ASSEGAI \u2013 29X2.60 \/ PLEGABLE \/ NEGRO \/ 60 TPI \/ EXO\/TR - ODES<\/title>\n<meta name=\"robots\" content=\"index, follow, max-snippet:-1, max-image-preview:large, max-video-preview:-1\" \/>\n<link rel=\"canonical\" href=\"https:\/\/distribuidoraodes.com.mx\/?product=llantas-assegai-29x2-60-plegable-negro-60-tpi-exo-tr\" \/>\n<meta property=\"og:locale\" content=\"es_MX\" \/>\n<meta property=\"og:type\" content=\"article\" \/>\n<meta property=\"og:title\" content=\"LLANTAS ASSEGAI \u2013 29X2.60 \/ PLEGABLE \/ NEGRO \/ 60 TPI \/ EXO\/TR\" \/>\n<meta property=\"og:description\" content=\"La llanta emblem\u00e1tica de Greg Minnaar.  \u2013 Cubierta de doble capa para descenso. \u2013 Compatible con Tubeless. \u2013 Cubierta Wide Trail optimizada para llantas de 30-35 mm.  La llanta Maxxis Assegai debe su nombre a la lanza de hierro utilizada por el pueblo Zulu de Sud\u00e1frica. Greg Minnaar, nativo de Sud\u00e1frica, pens\u00f3 que era un nombre apropiado para una llanta lista para la batalla en la monta\u00f1a. Mientras que otras llantas s\u00f3lo sobresalen en ciertas condiciones, la nueva Maxxis Assegai est\u00e1 construida para ir m\u00e1s r\u00e1pida en todas partes.\" \/>\n<meta property=\"og:url\" content=\"https:\/\/distribuidoraodes.com.mx\/?product=llantas-assegai-29x2-60-plegable-negro-60-tpi-exo-tr\" \/>\n<meta property=\"og:site_name\" content=\"ODES\" \/>\n<meta property=\"article:modified_time\" content=\"2026-05-07T20:59:57+00:00\" \/>\n<meta property=\"og:image\" content=\"https:\/\/distribuidoraodes.com.mx\/wp-content\/uploads\/2026\/05\/Llanta-ASSEGAI-1-1.jpg\" \/>\n\t<meta property=\"og:image:width\" content=\"1000\" \/>\n\t<meta property=\"og:image:height\" content=\"1000\" \/>\n\t<meta property=\"og:image:type\" content=\"image\/jpeg\" \/>\n<meta name=\"twitter:card\" content=\"summary_large_image\" \/>\n<meta name=\"twitter:label1\" content=\"Tiempo de lectura\" \/>\n\t<meta name=\"twitter:data1\" content=\"1 minuto\" \/>\n<script type=\"application\/ld+json\" class=\"yoast-schema-graph\">{\"@context\":\"https:\/\/schema.org\",\"@graph\":[{\"@type\":\"WebPage\",\"@id\":\"https:\/\/distribuidoraodes.com.mx\/?product=llantas-assegai-29x2-60-plegable-negro-60-tpi-exo-tr\",\"url\":\"https:\/\/distribuidoraodes.com.mx\/?product=llantas-assegai-29x2-60-plegable-negro-60-tpi-exo-tr\",\"name\":\"LLANTAS ASSEGAI \u2013 29X2.60 \/ PLEGABLE \/ NEGRO \/ 60 TPI \/ EXO\/TR - ODES\",\"isPartOf\":{\"@id\":\"https:\/\/distribuidoraodes.com.mx\/#website\"},\"primaryImageOfPage\":{\"@id\":\"https:\/\/distribuidoraodes.com.mx\/?product=llantas-assegai-29x2-60-plegable-negro-60-tpi-exo-tr#primaryimage\"},\"image\":{\"@id\":\"https:\/\/distribuidoraodes.com.mx\/?product=llantas-assegai-29x2-60-plegable-negro-60-tpi-exo-tr#primaryimage\"},\"thumbnailUrl\":\"https:\/\/distribuidoraodes.com.mx\/wp-content\/uploads\/2026\/05\/Llanta-ASSEGAI-1-1.jpg\",\"datePublished\":\"2026-05-07T20:59:56+00:00\",\"dateModified\":\"2026-05-07T20:59:57+00:00\",\"breadcrumb\":{\"@id\":\"https:\/\/distribuidoraodes.com.mx\/?product=llantas-assegai-29x2-60-plegable-negro-60-tpi-exo-tr#breadcrumb\"},\"inLanguage\":\"es\",\"potentialAction\":[{\"@type\":\"ReadAction\",\"target\":[\"https:\/\/distribuidoraodes.com.mx\/?product=llantas-assegai-29x2-60-plegable-negro-60-tpi-exo-tr\"]}]},{\"@type\":\"ImageObject\",\"inLanguage\":\"es\",\"@id\":\"https:\/\/distribuidoraodes.com.mx\/?product=llantas-assegai-29x2-60-plegable-negro-60-tpi-exo-tr#primaryimage\",\"url\":\"https:\/\/distribuidoraodes.com.mx\/wp-content\/uploads\/2026\/05\/Llanta-ASSEGAI-1-1.jpg\",\"contentUrl\":\"https:\/\/distribuidoraodes.com.mx\/wp-content\/uploads\/2026\/05\/Llanta-ASSEGAI-1-1.jpg\",\"width\":1000,\"height\":1000},{\"@type\":\"BreadcrumbList\",\"@id\":\"https:\/\/distribuidoraodes.com.mx\/?product=llantas-assegai-29x2-60-plegable-negro-60-tpi-exo-tr#breadcrumb\",\"itemListElement\":[{\"@type\":\"ListItem\",\"position\":1,\"name\":\"Home\",\"item\":\"https:\/\/distribuidoraodes.com.mx\/\"},{\"@type\":\"ListItem\",\"position\":2,\"name\":\"Shop\",\"item\":\"https:\/\/distribuidoraodes.com.mx\/?page_id=12\"},{\"@type\":\"ListItem\",\"position\":3,\"name\":\"LLANTAS ASSEGAI \u2013 29X2.60 \/ PLEGABLE \/ NEGRO \/ 60 TPI \/ EXO\/TR\"}]},{\"@type\":\"WebSite\",\"@id\":\"https:\/\/distribuidoraodes.com.mx\/#website\",\"url\":\"https:\/\/distribuidoraodes.com.mx\/\",\"name\":\"ODES\",\"description\":\"\",\"publisher\":{\"@id\":\"https:\/\/distribuidoraodes.com.mx\/#organization\"},\"alternateName\":\"ODES LLANTAS\",\"potentialAction\":[{\"@type\":\"SearchAction\",\"target\":{\"@type\":\"EntryPoint\",\"urlTemplate\":\"https:\/\/distribuidoraodes.com.mx\/?s={search_term_string}\"},\"query-input\":{\"@type\":\"PropertyValueSpecification\",\"valueRequired\":true,\"valueName\":\"search_term_string\"}}],\"inLanguage\":\"es\"},{\"@type\":\"Organization\",\"@id\":\"https:\/\/distribuidoraodes.com.mx\/#organization\",\"name\":\"ODES\",\"url\":\"https:\/\/distribuidoraodes.com.mx\/\",\"logo\":{\"@type\":\"ImageObject\",\"inLanguage\":\"es\",\"@id\":\"https:\/\/distribuidoraodes.com.mx\/#\/schema\/logo\/image\/\",\"url\":\"https:\/\/distribuidoraodes.com.mx\/wp-content\/uploads\/2022\/06\/Logo-cars-2x.png\",\"contentUrl\":\"https:\/\/distribuidoraodes.com.mx\/wp-content\/uploads\/2022\/06\/Logo-cars-2x.png\",\"width\":355,\"height\":130,\"caption\":\"ODES\"},\"image\":{\"@id\":\"https:\/\/distribuidoraodes.com.mx\/#\/schema\/logo\/image\/\"}}]}<\/script>\n<!-- \/ Yoast SEO Premium plugin. -->","yoast_head_json":{"title":"LLANTAS ASSEGAI \u2013 29X2.60 \/ PLEGABLE \/ NEGRO \/ 60 TPI \/ EXO\/TR - ODES","robots":{"index":"index","follow":"follow","max-snippet":"max-snippet:-1","max-image-preview":"max-image-preview:large","max-video-preview":"max-video-preview:-1"},"canonical":"https:\/\/distribuidoraodes.com.mx\/?product=llantas-assegai-29x2-60-plegable-negro-60-tpi-exo-tr","og_locale":"es_MX","og_type":"article","og_title":"LLANTAS ASSEGAI \u2013 29X2.60 \/ PLEGABLE \/ NEGRO \/ 60 TPI \/ EXO\/TR","og_description":"La llanta emblem\u00e1tica de Greg Minnaar.  \u2013 Cubierta de doble capa para descenso. \u2013 Compatible con Tubeless. \u2013 Cubierta Wide Trail optimizada para llantas de 30-35 mm.  La llanta Maxxis Assegai debe su nombre a la lanza de hierro utilizada por el pueblo Zulu de Sud\u00e1frica. Greg Minnaar, nativo de Sud\u00e1frica, pens\u00f3 que era un nombre apropiado para una llanta lista para la batalla en la monta\u00f1a. Mientras que otras llantas s\u00f3lo sobresalen en ciertas condiciones, la nueva Maxxis Assegai est\u00e1 construida para ir m\u00e1s r\u00e1pida en todas partes.","og_url":"https:\/\/distribuidoraodes.com.mx\/?product=llantas-assegai-29x2-60-plegable-negro-60-tpi-exo-tr","og_site_name":"ODES","article_modified_time":"2026-05-07T20:59:57+00:00","og_image":[{"width":1000,"height":1000,"url":"https:\/\/distribuidoraodes.com.mx\/wp-content\/uploads\/2026\/05\/Llanta-ASSEGAI-1-1.jpg","type":"image\/jpeg"}],"twitter_card":"summary_large_image","twitter_misc":{"Tiempo de lectura":"1 minuto"},"schema":{"@context":"https:\/\/schema.org","@graph":[{"@type":"WebPage","@id":"https:\/\/distribuidoraodes.com.mx\/?product=llantas-assegai-29x2-60-plegable-negro-60-tpi-exo-tr","url":"https:\/\/distribuidoraodes.com.mx\/?product=llantas-assegai-29x2-60-plegable-negro-60-tpi-exo-tr","name":"LLANTAS ASSEGAI \u2013 29X2.60 \/ PLEGABLE \/ NEGRO \/ 60 TPI \/ EXO\/TR - ODES","isPartOf":{"@id":"https:\/\/distribuidoraodes.com.mx\/#website"},"primaryImageOfPage":{"@id":"https:\/\/distribuidoraodes.com.mx\/?product=llantas-assegai-29x2-60-plegable-negro-60-tpi-exo-tr#primaryimage"},"image":{"@id":"https:\/\/distribuidoraodes.com.mx\/?product=llantas-assegai-29x2-60-plegable-negro-60-tpi-exo-tr#primaryimage"},"thumbnailUrl":"https:\/\/distribuidoraodes.com.mx\/wp-content\/uploads\/2026\/05\/Llanta-ASSEGAI-1-1.jpg","datePublished":"2026-05-07T20:59:56+00:00","dateModified":"2026-05-07T20:59:57+00:00","breadcrumb":{"@id":"https:\/\/distribuidoraodes.com.mx\/?product=llantas-assegai-29x2-60-plegable-negro-60-tpi-exo-tr#breadcrumb"},"inLanguage":"es","potentialAction":[{"@type":"ReadAction","target":["https:\/\/distribuidoraodes.com.mx\/?product=llantas-assegai-29x2-60-plegable-negro-60-tpi-exo-tr"]}]},{"@type":"ImageObject","inLanguage":"es","@id":"https:\/\/distribuidoraodes.com.mx\/?product=llantas-assegai-29x2-60-plegable-negro-60-tpi-exo-tr#primaryimage","url":"https:\/\/distribuidoraodes.com.mx\/wp-content\/uploads\/2026\/05\/Llanta-ASSEGAI-1-1.jpg","contentUrl":"https:\/\/distribuidoraodes.com.mx\/wp-content\/uploads\/2026\/05\/Llanta-ASSEGAI-1-1.jpg","width":1000,"height":1000},{"@type":"BreadcrumbList","@id":"https:\/\/distribuidoraodes.com.mx\/?product=llantas-assegai-29x2-60-plegable-negro-60-tpi-exo-tr#breadcrumb","itemListElement":[{"@type":"ListItem","position":1,"name":"Home","item":"https:\/\/distribuidoraodes.com.mx\/"},{"@type":"ListItem","position":2,"name":"Shop","item":"https:\/\/distribuidoraodes.com.mx\/?page_id=12"},{"@type":"ListItem","position":3,"name":"LLANTAS ASSEGAI \u2013 29X2.60 \/ PLEGABLE \/ NEGRO \/ 60 TPI \/ EXO\/TR"}]},{"@type":"WebSite","@id":"https:\/\/distribuidoraodes.com.mx\/#website","url":"https:\/\/distribuidoraodes.com.mx\/","name":"ODES","description":"","publisher":{"@id":"https:\/\/distribuidoraodes.com.mx\/#organization"},"alternateName":"ODES LLANTAS","potentialAction":[{"@type":"SearchAction","target":{"@type":"EntryPoint","urlTemplate":"https:\/\/distribuidoraodes.com.mx\/?s={search_term_string}"},"query-input":{"@type":"PropertyValueSpecification","valueRequired":true,"valueName":"search_term_string"}}],"inLanguage":"es"},{"@type":"Organization","@id":"https:\/\/distribuidoraodes.com.mx\/#organization","name":"ODES","url":"https:\/\/distribuidoraodes.com.mx\/","logo":{"@type":"ImageObject","inLanguage":"es","@id":"https:\/\/distribuidoraodes.com.mx\/#\/schema\/logo\/image\/","url":"https:\/\/distribuidoraodes.com.mx\/wp-content\/uploads\/2022\/06\/Logo-cars-2x.png","contentUrl":"https:\/\/distribuidoraodes.com.mx\/wp-content\/uploads\/2022\/06\/Logo-cars-2x.png","width":355,"height":130,"caption":"ODES"},"image":{"@id":"https:\/\/distribuidoraodes.com.mx\/#\/schema\/logo\/image\/"}}]}},"_links":{"self":[{"href":"https:\/\/distribuidoraodes.com.mx\/index.php?rest_route=\/wp\/v2\/product\/2454","targetHints":{"allow":["GET"]}}],"collection":[{"href":"https:\/\/distribuidoraodes.com.mx\/index.php?rest_route=\/wp\/v2\/product"}],"about":[{"href":"https:\/\/distribuidoraodes.com.mx\/index.php?rest_route=\/wp\/v2\/types\/product"}],"replies":[{"embeddable":true,"href":"https:\/\/distribuidoraodes.com.mx\/index.php?rest_route=%2Fwp%2Fv2%2Fcomments&post=2454"}],"version-history":[{"count":1,"href":"https:\/\/distribuidoraodes.com.mx\/index.php?rest_route=\/wp\/v2\/product\/2454\/revisions"}],"predecessor-version":[{"id":2455,"href":"https:\/\/distribuidoraodes.com.mx\/index.php?rest_route=\/wp\/v2\/product\/2454\/revisions\/2455"}],"wp:featuredmedia":[{"embeddable":true,"href":"https:\/\/distribuidoraodes.com.mx\/index.php?rest_route=\/wp\/v2\/media\/2423"}],"wp:attachment":[{"href":"https:\/\/distribuidoraodes.com.mx\/index.php?rest_route=%2Fwp%2Fv2%2Fmedia&parent=2454"}],"wp:term":[{"taxonomy":"brand","embeddable":true,"href":"https:\/\/distribuidoraodes.com.mx\/index.php?rest_route=%2Fwp%2Fv2%2Fetheme_brands&post=2454"},{"taxonomy":"product_brand","embeddable":true,"href":"https:\/\/distribuidoraodes.com.mx\/index.php?rest_route=%2Fwp%2Fv2%2Fproduct_brand&post=2454"},{"taxonomy":"product_cat","embeddable":true,"href":"https:\/\/distribuidoraodes.com.mx\/index.php?rest_route=%2Fwp%2Fv2%2Fproduct_cat&post=2454"},{"taxonomy":"product_tag","embeddable":true,"href":"https:\/\/distribuidoraodes.com.mx\/index.php?rest_route=%2Fwp%2Fv2%2Fproduct_tag&post=2454"}],"curies":[{"name":"wp","href":"https:\/\/api.w.org\/{rel}","templated":true}]}}