{"id":2411,"date":"2026-05-07T20:29:10","date_gmt":"2026-05-07T20:29:10","guid":{"rendered":"https:\/\/distribuidoraodes.com.mx\/?post_type=product&#038;p=2411"},"modified":"2026-05-07T20:29:11","modified_gmt":"2026-05-07T20:29:11","slug":"llantas-aggressor-29x2-30-plegable-negro-120x2-tpi-dd-tr","status":"publish","type":"product","link":"https:\/\/distribuidoraodes.com.mx\/?product=llantas-aggressor-29x2-30-plegable-negro-120x2-tpi-dd-tr","title":{"rendered":"LLANTAS AGGRESSOR \u2013 29X2.30 \/ PLEGABLE \/ NEGRO \/ 120X2 TPI \/ DD\/TR"},"content":{"rendered":"","protected":false},"excerpt":{"rendered":"<p>El nuevo est\u00e1ndar en llantas de enduro.<\/p>\n<p>\u2013 Doble compuesto.<br \/>\n\u2013 Excelente rendimiento en todos los aspectos.<br \/>\n\u2013 La cubierta WT (Wide trail) est\u00e1 optimizada para llantas de 30-35 mm de ancho interior.<\/p>\n<p>El Aggressor est\u00e1 dise\u00f1ado para los modernos senderos de alta velocidad para bicicletas de monta\u00f1a. Una llanta para todo terreno que sobresale en todo, desde carreras Cross Country hasta paseos pesados en toda la monta\u00f1a.<\/p>\n","protected":false},"featured_media":2407,"comment_status":"open","ping_status":"closed","template":"","meta":[],"etheme_brands":[],"product_brand":[],"product_cat":[55],"product_tag":[],"class_list":{"0":"post-2411","1":"product","2":"type-product","3":"status-publish","4":"has-post-thumbnail","6":"product_cat-llantas-montana","8":"first","9":"instock","10":"shipping-taxable","11":"purchasable","12":"product-type-simple"},"yoast_head":"<!-- This site is optimized with the Yoast SEO Premium plugin v23.4 (Yoast SEO v23.4) - https:\/\/yoast.com\/wordpress\/plugins\/seo\/ -->\n<title>LLANTAS AGGRESSOR \u2013 29X2.30 \/ PLEGABLE \/ NEGRO \/ 120X2 TPI \/ DD\/TR - ODES<\/title>\n<meta name=\"robots\" content=\"index, follow, max-snippet:-1, max-image-preview:large, max-video-preview:-1\" \/>\n<link rel=\"canonical\" href=\"https:\/\/distribuidoraodes.com.mx\/?product=llantas-aggressor-29x2-30-plegable-negro-120x2-tpi-dd-tr\" \/>\n<meta property=\"og:locale\" content=\"es_MX\" \/>\n<meta property=\"og:type\" content=\"article\" \/>\n<meta property=\"og:title\" content=\"LLANTAS AGGRESSOR \u2013 29X2.30 \/ PLEGABLE \/ NEGRO \/ 120X2 TPI \/ DD\/TR\" \/>\n<meta property=\"og:description\" content=\"El nuevo est\u00e1ndar en llantas de enduro.  \u2013 Doble compuesto. \u2013 Excelente rendimiento en todos los aspectos. \u2013 La cubierta WT (Wide trail) est\u00e1 optimizada para llantas de 30-35 mm de ancho interior.  El Aggressor est\u00e1 dise\u00f1ado para los modernos senderos de alta velocidad para bicicletas de monta\u00f1a. Una llanta para todo terreno que sobresale en todo, desde carreras Cross Country hasta paseos pesados en toda la monta\u00f1a.\" \/>\n<meta property=\"og:url\" content=\"https:\/\/distribuidoraodes.com.mx\/?product=llantas-aggressor-29x2-30-plegable-negro-120x2-tpi-dd-tr\" \/>\n<meta property=\"og:site_name\" content=\"ODES\" \/>\n<meta property=\"article:modified_time\" content=\"2026-05-07T20:29:11+00:00\" \/>\n<meta property=\"og:image\" content=\"https:\/\/distribuidoraodes.com.mx\/wp-content\/uploads\/2026\/05\/Llanta-AGGRESSOR-1.jpg\" \/>\n\t<meta property=\"og:image:width\" content=\"1000\" \/>\n\t<meta property=\"og:image:height\" content=\"1000\" \/>\n\t<meta property=\"og:image:type\" content=\"image\/jpeg\" \/>\n<meta name=\"twitter:card\" content=\"summary_large_image\" \/>\n<meta name=\"twitter:label1\" content=\"Tiempo de lectura\" \/>\n\t<meta name=\"twitter:data1\" content=\"1 minuto\" \/>\n<script type=\"application\/ld+json\" class=\"yoast-schema-graph\">{\"@context\":\"https:\/\/schema.org\",\"@graph\":[{\"@type\":\"WebPage\",\"@id\":\"https:\/\/distribuidoraodes.com.mx\/?product=llantas-aggressor-29x2-30-plegable-negro-120x2-tpi-dd-tr\",\"url\":\"https:\/\/distribuidoraodes.com.mx\/?product=llantas-aggressor-29x2-30-plegable-negro-120x2-tpi-dd-tr\",\"name\":\"LLANTAS AGGRESSOR \u2013 29X2.30 \/ PLEGABLE \/ NEGRO \/ 120X2 TPI \/ DD\/TR - ODES\",\"isPartOf\":{\"@id\":\"https:\/\/distribuidoraodes.com.mx\/#website\"},\"primaryImageOfPage\":{\"@id\":\"https:\/\/distribuidoraodes.com.mx\/?product=llantas-aggressor-29x2-30-plegable-negro-120x2-tpi-dd-tr#primaryimage\"},\"image\":{\"@id\":\"https:\/\/distribuidoraodes.com.mx\/?product=llantas-aggressor-29x2-30-plegable-negro-120x2-tpi-dd-tr#primaryimage\"},\"thumbnailUrl\":\"https:\/\/distribuidoraodes.com.mx\/wp-content\/uploads\/2026\/05\/Llanta-AGGRESSOR-1.jpg\",\"datePublished\":\"2026-05-07T20:29:10+00:00\",\"dateModified\":\"2026-05-07T20:29:11+00:00\",\"breadcrumb\":{\"@id\":\"https:\/\/distribuidoraodes.com.mx\/?product=llantas-aggressor-29x2-30-plegable-negro-120x2-tpi-dd-tr#breadcrumb\"},\"inLanguage\":\"es\",\"potentialAction\":[{\"@type\":\"ReadAction\",\"target\":[\"https:\/\/distribuidoraodes.com.mx\/?product=llantas-aggressor-29x2-30-plegable-negro-120x2-tpi-dd-tr\"]}]},{\"@type\":\"ImageObject\",\"inLanguage\":\"es\",\"@id\":\"https:\/\/distribuidoraodes.com.mx\/?product=llantas-aggressor-29x2-30-plegable-negro-120x2-tpi-dd-tr#primaryimage\",\"url\":\"https:\/\/distribuidoraodes.com.mx\/wp-content\/uploads\/2026\/05\/Llanta-AGGRESSOR-1.jpg\",\"contentUrl\":\"https:\/\/distribuidoraodes.com.mx\/wp-content\/uploads\/2026\/05\/Llanta-AGGRESSOR-1.jpg\",\"width\":1000,\"height\":1000},{\"@type\":\"BreadcrumbList\",\"@id\":\"https:\/\/distribuidoraodes.com.mx\/?product=llantas-aggressor-29x2-30-plegable-negro-120x2-tpi-dd-tr#breadcrumb\",\"itemListElement\":[{\"@type\":\"ListItem\",\"position\":1,\"name\":\"Home\",\"item\":\"https:\/\/distribuidoraodes.com.mx\/\"},{\"@type\":\"ListItem\",\"position\":2,\"name\":\"Shop\",\"item\":\"https:\/\/distribuidoraodes.com.mx\/?page_id=12\"},{\"@type\":\"ListItem\",\"position\":3,\"name\":\"LLANTAS AGGRESSOR \u2013 29X2.30 \/ PLEGABLE \/ NEGRO \/ 120X2 TPI \/ DD\/TR\"}]},{\"@type\":\"WebSite\",\"@id\":\"https:\/\/distribuidoraodes.com.mx\/#website\",\"url\":\"https:\/\/distribuidoraodes.com.mx\/\",\"name\":\"ODES\",\"description\":\"\",\"publisher\":{\"@id\":\"https:\/\/distribuidoraodes.com.mx\/#organization\"},\"alternateName\":\"ODES LLANTAS\",\"potentialAction\":[{\"@type\":\"SearchAction\",\"target\":{\"@type\":\"EntryPoint\",\"urlTemplate\":\"https:\/\/distribuidoraodes.com.mx\/?s={search_term_string}\"},\"query-input\":{\"@type\":\"PropertyValueSpecification\",\"valueRequired\":true,\"valueName\":\"search_term_string\"}}],\"inLanguage\":\"es\"},{\"@type\":\"Organization\",\"@id\":\"https:\/\/distribuidoraodes.com.mx\/#organization\",\"name\":\"ODES\",\"url\":\"https:\/\/distribuidoraodes.com.mx\/\",\"logo\":{\"@type\":\"ImageObject\",\"inLanguage\":\"es\",\"@id\":\"https:\/\/distribuidoraodes.com.mx\/#\/schema\/logo\/image\/\",\"url\":\"https:\/\/distribuidoraodes.com.mx\/wp-content\/uploads\/2022\/06\/Logo-cars-2x.png\",\"contentUrl\":\"https:\/\/distribuidoraodes.com.mx\/wp-content\/uploads\/2022\/06\/Logo-cars-2x.png\",\"width\":355,\"height\":130,\"caption\":\"ODES\"},\"image\":{\"@id\":\"https:\/\/distribuidoraodes.com.mx\/#\/schema\/logo\/image\/\"}}]}<\/script>\n<!-- \/ Yoast SEO Premium plugin. -->","yoast_head_json":{"title":"LLANTAS AGGRESSOR \u2013 29X2.30 \/ PLEGABLE \/ NEGRO \/ 120X2 TPI \/ DD\/TR - ODES","robots":{"index":"index","follow":"follow","max-snippet":"max-snippet:-1","max-image-preview":"max-image-preview:large","max-video-preview":"max-video-preview:-1"},"canonical":"https:\/\/distribuidoraodes.com.mx\/?product=llantas-aggressor-29x2-30-plegable-negro-120x2-tpi-dd-tr","og_locale":"es_MX","og_type":"article","og_title":"LLANTAS AGGRESSOR \u2013 29X2.30 \/ PLEGABLE \/ NEGRO \/ 120X2 TPI \/ DD\/TR","og_description":"El nuevo est\u00e1ndar en llantas de enduro.  \u2013 Doble compuesto. \u2013 Excelente rendimiento en todos los aspectos. \u2013 La cubierta WT (Wide trail) est\u00e1 optimizada para llantas de 30-35 mm de ancho interior.  El Aggressor est\u00e1 dise\u00f1ado para los modernos senderos de alta velocidad para bicicletas de monta\u00f1a. Una llanta para todo terreno que sobresale en todo, desde carreras Cross Country hasta paseos pesados en toda la monta\u00f1a.","og_url":"https:\/\/distribuidoraodes.com.mx\/?product=llantas-aggressor-29x2-30-plegable-negro-120x2-tpi-dd-tr","og_site_name":"ODES","article_modified_time":"2026-05-07T20:29:11+00:00","og_image":[{"width":1000,"height":1000,"url":"https:\/\/distribuidoraodes.com.mx\/wp-content\/uploads\/2026\/05\/Llanta-AGGRESSOR-1.jpg","type":"image\/jpeg"}],"twitter_card":"summary_large_image","twitter_misc":{"Tiempo de lectura":"1 minuto"},"schema":{"@context":"https:\/\/schema.org","@graph":[{"@type":"WebPage","@id":"https:\/\/distribuidoraodes.com.mx\/?product=llantas-aggressor-29x2-30-plegable-negro-120x2-tpi-dd-tr","url":"https:\/\/distribuidoraodes.com.mx\/?product=llantas-aggressor-29x2-30-plegable-negro-120x2-tpi-dd-tr","name":"LLANTAS AGGRESSOR \u2013 29X2.30 \/ PLEGABLE \/ NEGRO \/ 120X2 TPI \/ DD\/TR - ODES","isPartOf":{"@id":"https:\/\/distribuidoraodes.com.mx\/#website"},"primaryImageOfPage":{"@id":"https:\/\/distribuidoraodes.com.mx\/?product=llantas-aggressor-29x2-30-plegable-negro-120x2-tpi-dd-tr#primaryimage"},"image":{"@id":"https:\/\/distribuidoraodes.com.mx\/?product=llantas-aggressor-29x2-30-plegable-negro-120x2-tpi-dd-tr#primaryimage"},"thumbnailUrl":"https:\/\/distribuidoraodes.com.mx\/wp-content\/uploads\/2026\/05\/Llanta-AGGRESSOR-1.jpg","datePublished":"2026-05-07T20:29:10+00:00","dateModified":"2026-05-07T20:29:11+00:00","breadcrumb":{"@id":"https:\/\/distribuidoraodes.com.mx\/?product=llantas-aggressor-29x2-30-plegable-negro-120x2-tpi-dd-tr#breadcrumb"},"inLanguage":"es","potentialAction":[{"@type":"ReadAction","target":["https:\/\/distribuidoraodes.com.mx\/?product=llantas-aggressor-29x2-30-plegable-negro-120x2-tpi-dd-tr"]}]},{"@type":"ImageObject","inLanguage":"es","@id":"https:\/\/distribuidoraodes.com.mx\/?product=llantas-aggressor-29x2-30-plegable-negro-120x2-tpi-dd-tr#primaryimage","url":"https:\/\/distribuidoraodes.com.mx\/wp-content\/uploads\/2026\/05\/Llanta-AGGRESSOR-1.jpg","contentUrl":"https:\/\/distribuidoraodes.com.mx\/wp-content\/uploads\/2026\/05\/Llanta-AGGRESSOR-1.jpg","width":1000,"height":1000},{"@type":"BreadcrumbList","@id":"https:\/\/distribuidoraodes.com.mx\/?product=llantas-aggressor-29x2-30-plegable-negro-120x2-tpi-dd-tr#breadcrumb","itemListElement":[{"@type":"ListItem","position":1,"name":"Home","item":"https:\/\/distribuidoraodes.com.mx\/"},{"@type":"ListItem","position":2,"name":"Shop","item":"https:\/\/distribuidoraodes.com.mx\/?page_id=12"},{"@type":"ListItem","position":3,"name":"LLANTAS AGGRESSOR \u2013 29X2.30 \/ PLEGABLE \/ NEGRO \/ 120X2 TPI \/ DD\/TR"}]},{"@type":"WebSite","@id":"https:\/\/distribuidoraodes.com.mx\/#website","url":"https:\/\/distribuidoraodes.com.mx\/","name":"ODES","description":"","publisher":{"@id":"https:\/\/distribuidoraodes.com.mx\/#organization"},"alternateName":"ODES LLANTAS","potentialAction":[{"@type":"SearchAction","target":{"@type":"EntryPoint","urlTemplate":"https:\/\/distribuidoraodes.com.mx\/?s={search_term_string}"},"query-input":{"@type":"PropertyValueSpecification","valueRequired":true,"valueName":"search_term_string"}}],"inLanguage":"es"},{"@type":"Organization","@id":"https:\/\/distribuidoraodes.com.mx\/#organization","name":"ODES","url":"https:\/\/distribuidoraodes.com.mx\/","logo":{"@type":"ImageObject","inLanguage":"es","@id":"https:\/\/distribuidoraodes.com.mx\/#\/schema\/logo\/image\/","url":"https:\/\/distribuidoraodes.com.mx\/wp-content\/uploads\/2022\/06\/Logo-cars-2x.png","contentUrl":"https:\/\/distribuidoraodes.com.mx\/wp-content\/uploads\/2022\/06\/Logo-cars-2x.png","width":355,"height":130,"caption":"ODES"},"image":{"@id":"https:\/\/distribuidoraodes.com.mx\/#\/schema\/logo\/image\/"}}]}},"_links":{"self":[{"href":"https:\/\/distribuidoraodes.com.mx\/index.php?rest_route=\/wp\/v2\/product\/2411","targetHints":{"allow":["GET"]}}],"collection":[{"href":"https:\/\/distribuidoraodes.com.mx\/index.php?rest_route=\/wp\/v2\/product"}],"about":[{"href":"https:\/\/distribuidoraodes.com.mx\/index.php?rest_route=\/wp\/v2\/types\/product"}],"replies":[{"embeddable":true,"href":"https:\/\/distribuidoraodes.com.mx\/index.php?rest_route=%2Fwp%2Fv2%2Fcomments&post=2411"}],"version-history":[{"count":1,"href":"https:\/\/distribuidoraodes.com.mx\/index.php?rest_route=\/wp\/v2\/product\/2411\/revisions"}],"predecessor-version":[{"id":2412,"href":"https:\/\/distribuidoraodes.com.mx\/index.php?rest_route=\/wp\/v2\/product\/2411\/revisions\/2412"}],"wp:featuredmedia":[{"embeddable":true,"href":"https:\/\/distribuidoraodes.com.mx\/index.php?rest_route=\/wp\/v2\/media\/2407"}],"wp:attachment":[{"href":"https:\/\/distribuidoraodes.com.mx\/index.php?rest_route=%2Fwp%2Fv2%2Fmedia&parent=2411"}],"wp:term":[{"taxonomy":"brand","embeddable":true,"href":"https:\/\/distribuidoraodes.com.mx\/index.php?rest_route=%2Fwp%2Fv2%2Fetheme_brands&post=2411"},{"taxonomy":"product_brand","embeddable":true,"href":"https:\/\/distribuidoraodes.com.mx\/index.php?rest_route=%2Fwp%2Fv2%2Fproduct_brand&post=2411"},{"taxonomy":"product_cat","embeddable":true,"href":"https:\/\/distribuidoraodes.com.mx\/index.php?rest_route=%2Fwp%2Fv2%2Fproduct_cat&post=2411"},{"taxonomy":"product_tag","embeddable":true,"href":"https:\/\/distribuidoraodes.com.mx\/index.php?rest_route=%2Fwp%2Fv2%2Fproduct_tag&post=2411"}],"curies":[{"name":"wp","href":"https:\/\/api.w.org\/{rel}","templated":true}]}}