{"id":2396,"date":"2026-05-07T20:23:11","date_gmt":"2026-05-07T20:23:11","guid":{"rendered":"https:\/\/distribuidoraodes.com.mx\/?post_type=product&#038;p=2396"},"modified":"2026-05-07T20:23:12","modified_gmt":"2026-05-07T20:23:12","slug":"llanta-high-road-700x25c-170-tpi-plegable-hypr-zk-one70","status":"publish","type":"product","link":"https:\/\/distribuidoraodes.com.mx\/?product=llanta-high-road-700x25c-170-tpi-plegable-hypr-zk-one70","title":{"rendered":"LLANTA HIGH ROAD \u2013 700X25C \/ 170 TPI \/ PLEGABLE \/ HYPR\/ZK\/ONE70"},"content":{"rendered":"","protected":false},"excerpt":{"rendered":"<p>La llanta multiuso de carretera de Maxxis recibe una actualizaci\u00f3n con una nueva carcasa m\u00e1s ligera, protecci\u00f3n antipinchazos mejorada y un dibujo de banda de rodadura revisado. El resultado es un High Road m\u00e1s ligero, r\u00e1pido y duradero.<\/p>\n","protected":false},"featured_media":2386,"comment_status":"open","ping_status":"closed","template":"","meta":[],"etheme_brands":[],"product_brand":[],"product_cat":[59],"product_tag":[],"class_list":{"0":"post-2396","1":"product","2":"type-product","3":"status-publish","4":"has-post-thumbnail","6":"product_cat-llantas-de-ruta","8":"first","9":"instock","10":"shipping-taxable","11":"purchasable","12":"product-type-simple"},"yoast_head":"<!-- This site is optimized with the Yoast SEO Premium plugin v23.4 (Yoast SEO v23.4) - https:\/\/yoast.com\/wordpress\/plugins\/seo\/ -->\n<title>LLANTA HIGH ROAD \u2013 700X25C \/ 170 TPI \/ PLEGABLE \/ HYPR\/ZK\/ONE70 - ODES<\/title>\n<meta name=\"robots\" content=\"index, follow, max-snippet:-1, max-image-preview:large, max-video-preview:-1\" \/>\n<link rel=\"canonical\" href=\"https:\/\/distribuidoraodes.com.mx\/?product=llanta-high-road-700x25c-170-tpi-plegable-hypr-zk-one70\" \/>\n<meta property=\"og:locale\" content=\"es_MX\" \/>\n<meta property=\"og:type\" content=\"article\" \/>\n<meta property=\"og:title\" content=\"LLANTA HIGH ROAD \u2013 700X25C \/ 170 TPI \/ PLEGABLE \/ HYPR\/ZK\/ONE70\" \/>\n<meta property=\"og:description\" content=\"La llanta multiuso de carretera de Maxxis recibe una actualizaci\u00f3n con una nueva carcasa m\u00e1s ligera, protecci\u00f3n antipinchazos mejorada y un dibujo de banda de rodadura revisado. El resultado es un High Road m\u00e1s ligero, r\u00e1pido y duradero.\" \/>\n<meta property=\"og:url\" content=\"https:\/\/distribuidoraodes.com.mx\/?product=llanta-high-road-700x25c-170-tpi-plegable-hypr-zk-one70\" \/>\n<meta property=\"og:site_name\" content=\"ODES\" \/>\n<meta property=\"article:modified_time\" content=\"2026-05-07T20:23:12+00:00\" \/>\n<meta property=\"og:image\" content=\"https:\/\/distribuidoraodes.com.mx\/wp-content\/uploads\/2026\/05\/MaxxisHighRoad-2.jpg\" \/>\n\t<meta property=\"og:image:width\" content=\"1000\" \/>\n\t<meta property=\"og:image:height\" content=\"1000\" \/>\n\t<meta property=\"og:image:type\" content=\"image\/jpeg\" \/>\n<meta name=\"twitter:card\" content=\"summary_large_image\" \/>\n<meta name=\"twitter:label1\" content=\"Tiempo de lectura\" \/>\n\t<meta name=\"twitter:data1\" content=\"1 minuto\" \/>\n<script type=\"application\/ld+json\" class=\"yoast-schema-graph\">{\"@context\":\"https:\/\/schema.org\",\"@graph\":[{\"@type\":\"WebPage\",\"@id\":\"https:\/\/distribuidoraodes.com.mx\/?product=llanta-high-road-700x25c-170-tpi-plegable-hypr-zk-one70\",\"url\":\"https:\/\/distribuidoraodes.com.mx\/?product=llanta-high-road-700x25c-170-tpi-plegable-hypr-zk-one70\",\"name\":\"LLANTA HIGH ROAD \u2013 700X25C \/ 170 TPI \/ PLEGABLE \/ HYPR\/ZK\/ONE70 - ODES\",\"isPartOf\":{\"@id\":\"https:\/\/distribuidoraodes.com.mx\/#website\"},\"primaryImageOfPage\":{\"@id\":\"https:\/\/distribuidoraodes.com.mx\/?product=llanta-high-road-700x25c-170-tpi-plegable-hypr-zk-one70#primaryimage\"},\"image\":{\"@id\":\"https:\/\/distribuidoraodes.com.mx\/?product=llanta-high-road-700x25c-170-tpi-plegable-hypr-zk-one70#primaryimage\"},\"thumbnailUrl\":\"https:\/\/distribuidoraodes.com.mx\/wp-content\/uploads\/2026\/05\/MaxxisHighRoad-2.jpg\",\"datePublished\":\"2026-05-07T20:23:11+00:00\",\"dateModified\":\"2026-05-07T20:23:12+00:00\",\"breadcrumb\":{\"@id\":\"https:\/\/distribuidoraodes.com.mx\/?product=llanta-high-road-700x25c-170-tpi-plegable-hypr-zk-one70#breadcrumb\"},\"inLanguage\":\"es\",\"potentialAction\":[{\"@type\":\"ReadAction\",\"target\":[\"https:\/\/distribuidoraodes.com.mx\/?product=llanta-high-road-700x25c-170-tpi-plegable-hypr-zk-one70\"]}]},{\"@type\":\"ImageObject\",\"inLanguage\":\"es\",\"@id\":\"https:\/\/distribuidoraodes.com.mx\/?product=llanta-high-road-700x25c-170-tpi-plegable-hypr-zk-one70#primaryimage\",\"url\":\"https:\/\/distribuidoraodes.com.mx\/wp-content\/uploads\/2026\/05\/MaxxisHighRoad-2.jpg\",\"contentUrl\":\"https:\/\/distribuidoraodes.com.mx\/wp-content\/uploads\/2026\/05\/MaxxisHighRoad-2.jpg\",\"width\":1000,\"height\":1000},{\"@type\":\"BreadcrumbList\",\"@id\":\"https:\/\/distribuidoraodes.com.mx\/?product=llanta-high-road-700x25c-170-tpi-plegable-hypr-zk-one70#breadcrumb\",\"itemListElement\":[{\"@type\":\"ListItem\",\"position\":1,\"name\":\"Home\",\"item\":\"https:\/\/distribuidoraodes.com.mx\/\"},{\"@type\":\"ListItem\",\"position\":2,\"name\":\"Shop\",\"item\":\"https:\/\/distribuidoraodes.com.mx\/?page_id=12\"},{\"@type\":\"ListItem\",\"position\":3,\"name\":\"LLANTA HIGH ROAD \u2013 700X25C \/ 170 TPI \/ PLEGABLE \/ HYPR\/ZK\/ONE70\"}]},{\"@type\":\"WebSite\",\"@id\":\"https:\/\/distribuidoraodes.com.mx\/#website\",\"url\":\"https:\/\/distribuidoraodes.com.mx\/\",\"name\":\"ODES\",\"description\":\"\",\"publisher\":{\"@id\":\"https:\/\/distribuidoraodes.com.mx\/#organization\"},\"alternateName\":\"ODES LLANTAS\",\"potentialAction\":[{\"@type\":\"SearchAction\",\"target\":{\"@type\":\"EntryPoint\",\"urlTemplate\":\"https:\/\/distribuidoraodes.com.mx\/?s={search_term_string}\"},\"query-input\":{\"@type\":\"PropertyValueSpecification\",\"valueRequired\":true,\"valueName\":\"search_term_string\"}}],\"inLanguage\":\"es\"},{\"@type\":\"Organization\",\"@id\":\"https:\/\/distribuidoraodes.com.mx\/#organization\",\"name\":\"ODES\",\"url\":\"https:\/\/distribuidoraodes.com.mx\/\",\"logo\":{\"@type\":\"ImageObject\",\"inLanguage\":\"es\",\"@id\":\"https:\/\/distribuidoraodes.com.mx\/#\/schema\/logo\/image\/\",\"url\":\"https:\/\/distribuidoraodes.com.mx\/wp-content\/uploads\/2022\/06\/Logo-cars-2x.png\",\"contentUrl\":\"https:\/\/distribuidoraodes.com.mx\/wp-content\/uploads\/2022\/06\/Logo-cars-2x.png\",\"width\":355,\"height\":130,\"caption\":\"ODES\"},\"image\":{\"@id\":\"https:\/\/distribuidoraodes.com.mx\/#\/schema\/logo\/image\/\"}}]}<\/script>\n<!-- \/ Yoast SEO Premium plugin. -->","yoast_head_json":{"title":"LLANTA HIGH ROAD \u2013 700X25C \/ 170 TPI \/ PLEGABLE \/ HYPR\/ZK\/ONE70 - ODES","robots":{"index":"index","follow":"follow","max-snippet":"max-snippet:-1","max-image-preview":"max-image-preview:large","max-video-preview":"max-video-preview:-1"},"canonical":"https:\/\/distribuidoraodes.com.mx\/?product=llanta-high-road-700x25c-170-tpi-plegable-hypr-zk-one70","og_locale":"es_MX","og_type":"article","og_title":"LLANTA HIGH ROAD \u2013 700X25C \/ 170 TPI \/ PLEGABLE \/ HYPR\/ZK\/ONE70","og_description":"La llanta multiuso de carretera de Maxxis recibe una actualizaci\u00f3n con una nueva carcasa m\u00e1s ligera, protecci\u00f3n antipinchazos mejorada y un dibujo de banda de rodadura revisado. El resultado es un High Road m\u00e1s ligero, r\u00e1pido y duradero.","og_url":"https:\/\/distribuidoraodes.com.mx\/?product=llanta-high-road-700x25c-170-tpi-plegable-hypr-zk-one70","og_site_name":"ODES","article_modified_time":"2026-05-07T20:23:12+00:00","og_image":[{"width":1000,"height":1000,"url":"https:\/\/distribuidoraodes.com.mx\/wp-content\/uploads\/2026\/05\/MaxxisHighRoad-2.jpg","type":"image\/jpeg"}],"twitter_card":"summary_large_image","twitter_misc":{"Tiempo de lectura":"1 minuto"},"schema":{"@context":"https:\/\/schema.org","@graph":[{"@type":"WebPage","@id":"https:\/\/distribuidoraodes.com.mx\/?product=llanta-high-road-700x25c-170-tpi-plegable-hypr-zk-one70","url":"https:\/\/distribuidoraodes.com.mx\/?product=llanta-high-road-700x25c-170-tpi-plegable-hypr-zk-one70","name":"LLANTA HIGH ROAD \u2013 700X25C \/ 170 TPI \/ PLEGABLE \/ HYPR\/ZK\/ONE70 - ODES","isPartOf":{"@id":"https:\/\/distribuidoraodes.com.mx\/#website"},"primaryImageOfPage":{"@id":"https:\/\/distribuidoraodes.com.mx\/?product=llanta-high-road-700x25c-170-tpi-plegable-hypr-zk-one70#primaryimage"},"image":{"@id":"https:\/\/distribuidoraodes.com.mx\/?product=llanta-high-road-700x25c-170-tpi-plegable-hypr-zk-one70#primaryimage"},"thumbnailUrl":"https:\/\/distribuidoraodes.com.mx\/wp-content\/uploads\/2026\/05\/MaxxisHighRoad-2.jpg","datePublished":"2026-05-07T20:23:11+00:00","dateModified":"2026-05-07T20:23:12+00:00","breadcrumb":{"@id":"https:\/\/distribuidoraodes.com.mx\/?product=llanta-high-road-700x25c-170-tpi-plegable-hypr-zk-one70#breadcrumb"},"inLanguage":"es","potentialAction":[{"@type":"ReadAction","target":["https:\/\/distribuidoraodes.com.mx\/?product=llanta-high-road-700x25c-170-tpi-plegable-hypr-zk-one70"]}]},{"@type":"ImageObject","inLanguage":"es","@id":"https:\/\/distribuidoraodes.com.mx\/?product=llanta-high-road-700x25c-170-tpi-plegable-hypr-zk-one70#primaryimage","url":"https:\/\/distribuidoraodes.com.mx\/wp-content\/uploads\/2026\/05\/MaxxisHighRoad-2.jpg","contentUrl":"https:\/\/distribuidoraodes.com.mx\/wp-content\/uploads\/2026\/05\/MaxxisHighRoad-2.jpg","width":1000,"height":1000},{"@type":"BreadcrumbList","@id":"https:\/\/distribuidoraodes.com.mx\/?product=llanta-high-road-700x25c-170-tpi-plegable-hypr-zk-one70#breadcrumb","itemListElement":[{"@type":"ListItem","position":1,"name":"Home","item":"https:\/\/distribuidoraodes.com.mx\/"},{"@type":"ListItem","position":2,"name":"Shop","item":"https:\/\/distribuidoraodes.com.mx\/?page_id=12"},{"@type":"ListItem","position":3,"name":"LLANTA HIGH ROAD \u2013 700X25C \/ 170 TPI \/ PLEGABLE \/ HYPR\/ZK\/ONE70"}]},{"@type":"WebSite","@id":"https:\/\/distribuidoraodes.com.mx\/#website","url":"https:\/\/distribuidoraodes.com.mx\/","name":"ODES","description":"","publisher":{"@id":"https:\/\/distribuidoraodes.com.mx\/#organization"},"alternateName":"ODES LLANTAS","potentialAction":[{"@type":"SearchAction","target":{"@type":"EntryPoint","urlTemplate":"https:\/\/distribuidoraodes.com.mx\/?s={search_term_string}"},"query-input":{"@type":"PropertyValueSpecification","valueRequired":true,"valueName":"search_term_string"}}],"inLanguage":"es"},{"@type":"Organization","@id":"https:\/\/distribuidoraodes.com.mx\/#organization","name":"ODES","url":"https:\/\/distribuidoraodes.com.mx\/","logo":{"@type":"ImageObject","inLanguage":"es","@id":"https:\/\/distribuidoraodes.com.mx\/#\/schema\/logo\/image\/","url":"https:\/\/distribuidoraodes.com.mx\/wp-content\/uploads\/2022\/06\/Logo-cars-2x.png","contentUrl":"https:\/\/distribuidoraodes.com.mx\/wp-content\/uploads\/2022\/06\/Logo-cars-2x.png","width":355,"height":130,"caption":"ODES"},"image":{"@id":"https:\/\/distribuidoraodes.com.mx\/#\/schema\/logo\/image\/"}}]}},"_links":{"self":[{"href":"https:\/\/distribuidoraodes.com.mx\/index.php?rest_route=\/wp\/v2\/product\/2396","targetHints":{"allow":["GET"]}}],"collection":[{"href":"https:\/\/distribuidoraodes.com.mx\/index.php?rest_route=\/wp\/v2\/product"}],"about":[{"href":"https:\/\/distribuidoraodes.com.mx\/index.php?rest_route=\/wp\/v2\/types\/product"}],"replies":[{"embeddable":true,"href":"https:\/\/distribuidoraodes.com.mx\/index.php?rest_route=%2Fwp%2Fv2%2Fcomments&post=2396"}],"version-history":[{"count":2,"href":"https:\/\/distribuidoraodes.com.mx\/index.php?rest_route=\/wp\/v2\/product\/2396\/revisions"}],"predecessor-version":[{"id":2398,"href":"https:\/\/distribuidoraodes.com.mx\/index.php?rest_route=\/wp\/v2\/product\/2396\/revisions\/2398"}],"wp:featuredmedia":[{"embeddable":true,"href":"https:\/\/distribuidoraodes.com.mx\/index.php?rest_route=\/wp\/v2\/media\/2386"}],"wp:attachment":[{"href":"https:\/\/distribuidoraodes.com.mx\/index.php?rest_route=%2Fwp%2Fv2%2Fmedia&parent=2396"}],"wp:term":[{"taxonomy":"brand","embeddable":true,"href":"https:\/\/distribuidoraodes.com.mx\/index.php?rest_route=%2Fwp%2Fv2%2Fetheme_brands&post=2396"},{"taxonomy":"product_brand","embeddable":true,"href":"https:\/\/distribuidoraodes.com.mx\/index.php?rest_route=%2Fwp%2Fv2%2Fproduct_brand&post=2396"},{"taxonomy":"product_cat","embeddable":true,"href":"https:\/\/distribuidoraodes.com.mx\/index.php?rest_route=%2Fwp%2Fv2%2Fproduct_cat&post=2396"},{"taxonomy":"product_tag","embeddable":true,"href":"https:\/\/distribuidoraodes.com.mx\/index.php?rest_route=%2Fwp%2Fv2%2Fproduct_tag&post=2396"}],"curies":[{"name":"wp","href":"https:\/\/api.w.org\/{rel}","templated":true}]}}