{"id":2244,"date":"2026-05-07T18:18:33","date_gmt":"2026-05-07T18:18:33","guid":{"rendered":"https:\/\/distribuidoraodes.com.mx\/?post_type=product&#038;p=2244"},"modified":"2026-05-07T18:18:35","modified_gmt":"2026-05-07T18:18:35","slug":"llanta-dth-26x2-30-alambre-cara-cafe-60-tpi-exo","status":"publish","type":"product","link":"https:\/\/distribuidoraodes.com.mx\/?product=llanta-dth-26x2-30-alambre-cara-cafe-60-tpi-exo","title":{"rendered":"LLANTA DTH \u2013 26X2.30 \/ ALAMBRE\/ CARA CAFE \/ 60 TPI \/ EXO"},"content":{"rendered":"","protected":false},"excerpt":{"rendered":"<p>\u2013 Dise\u00f1o de la banda de rodamiento con ranuras.<br \/>\n\u2013 Cubierta ligera.<\/p>\n<p>Aunque originalmente fue dise\u00f1ado como una llanta de carrera BMX, el DTH ha encontrado \u00e9xito m\u00e1s all\u00e1 de la pista, incluyendo la conducci\u00f3n en la calle, el parque de patinaje, y el estilo de pendiente. La ranura resbaladiza maximiza la velocidad de rodadura minimizando la resistencia.<\/p>\n","protected":false},"featured_media":2246,"comment_status":"open","ping_status":"closed","template":"","meta":[],"etheme_brands":[],"product_brand":[],"product_cat":[61],"product_tag":[],"class_list":{"0":"post-2244","1":"product","2":"type-product","3":"status-publish","4":"has-post-thumbnail","6":"product_cat-llantas-de-bmx","8":"first","9":"instock","10":"shipping-taxable","11":"purchasable","12":"product-type-simple"},"yoast_head":"<!-- This site is optimized with the Yoast SEO Premium plugin v23.4 (Yoast SEO v23.4) - https:\/\/yoast.com\/wordpress\/plugins\/seo\/ -->\n<title>LLANTA DTH \u2013 26X2.30 \/ ALAMBRE\/ CARA CAFE \/ 60 TPI \/ EXO - ODES<\/title>\n<meta name=\"robots\" content=\"index, follow, max-snippet:-1, max-image-preview:large, max-video-preview:-1\" \/>\n<link rel=\"canonical\" href=\"https:\/\/distribuidoraodes.com.mx\/?product=llanta-dth-26x2-30-alambre-cara-cafe-60-tpi-exo\" \/>\n<meta property=\"og:locale\" content=\"es_MX\" \/>\n<meta property=\"og:type\" content=\"article\" \/>\n<meta property=\"og:title\" content=\"LLANTA DTH \u2013 26X2.30 \/ ALAMBRE\/ CARA CAFE \/ 60 TPI \/ EXO\" \/>\n<meta property=\"og:description\" content=\"\u2013 Dise\u00f1o de la banda de rodamiento con ranuras. \u2013 Cubierta ligera.  Aunque originalmente fue dise\u00f1ado como una llanta de carrera BMX, el DTH ha encontrado \u00e9xito m\u00e1s all\u00e1 de la pista, incluyendo la conducci\u00f3n en la calle, el parque de patinaje, y el estilo de pendiente. La ranura resbaladiza maximiza la velocidad de rodadura minimizando la resistencia.\" \/>\n<meta property=\"og:url\" content=\"https:\/\/distribuidoraodes.com.mx\/?product=llanta-dth-26x2-30-alambre-cara-cafe-60-tpi-exo\" \/>\n<meta property=\"og:site_name\" content=\"ODES\" \/>\n<meta property=\"article:modified_time\" content=\"2026-05-07T18:18:35+00:00\" \/>\n<meta property=\"og:image\" content=\"https:\/\/distribuidoraodes.com.mx\/wp-content\/uploads\/2026\/05\/DTH_Nuevo_Cafe.jpg\" \/>\n\t<meta property=\"og:image:width\" content=\"1000\" \/>\n\t<meta property=\"og:image:height\" content=\"1000\" \/>\n\t<meta property=\"og:image:type\" content=\"image\/jpeg\" \/>\n<meta name=\"twitter:card\" content=\"summary_large_image\" \/>\n<meta name=\"twitter:label1\" content=\"Tiempo de lectura\" \/>\n\t<meta name=\"twitter:data1\" content=\"1 minuto\" \/>\n<script type=\"application\/ld+json\" class=\"yoast-schema-graph\">{\"@context\":\"https:\/\/schema.org\",\"@graph\":[{\"@type\":\"WebPage\",\"@id\":\"https:\/\/distribuidoraodes.com.mx\/?product=llanta-dth-26x2-30-alambre-cara-cafe-60-tpi-exo\",\"url\":\"https:\/\/distribuidoraodes.com.mx\/?product=llanta-dth-26x2-30-alambre-cara-cafe-60-tpi-exo\",\"name\":\"LLANTA DTH \u2013 26X2.30 \/ ALAMBRE\/ CARA CAFE \/ 60 TPI \/ EXO - ODES\",\"isPartOf\":{\"@id\":\"https:\/\/distribuidoraodes.com.mx\/#website\"},\"primaryImageOfPage\":{\"@id\":\"https:\/\/distribuidoraodes.com.mx\/?product=llanta-dth-26x2-30-alambre-cara-cafe-60-tpi-exo#primaryimage\"},\"image\":{\"@id\":\"https:\/\/distribuidoraodes.com.mx\/?product=llanta-dth-26x2-30-alambre-cara-cafe-60-tpi-exo#primaryimage\"},\"thumbnailUrl\":\"https:\/\/distribuidoraodes.com.mx\/wp-content\/uploads\/2026\/05\/DTH_Nuevo_Cafe.jpg\",\"datePublished\":\"2026-05-07T18:18:33+00:00\",\"dateModified\":\"2026-05-07T18:18:35+00:00\",\"breadcrumb\":{\"@id\":\"https:\/\/distribuidoraodes.com.mx\/?product=llanta-dth-26x2-30-alambre-cara-cafe-60-tpi-exo#breadcrumb\"},\"inLanguage\":\"es\",\"potentialAction\":[{\"@type\":\"ReadAction\",\"target\":[\"https:\/\/distribuidoraodes.com.mx\/?product=llanta-dth-26x2-30-alambre-cara-cafe-60-tpi-exo\"]}]},{\"@type\":\"ImageObject\",\"inLanguage\":\"es\",\"@id\":\"https:\/\/distribuidoraodes.com.mx\/?product=llanta-dth-26x2-30-alambre-cara-cafe-60-tpi-exo#primaryimage\",\"url\":\"https:\/\/distribuidoraodes.com.mx\/wp-content\/uploads\/2026\/05\/DTH_Nuevo_Cafe.jpg\",\"contentUrl\":\"https:\/\/distribuidoraodes.com.mx\/wp-content\/uploads\/2026\/05\/DTH_Nuevo_Cafe.jpg\",\"width\":1000,\"height\":1000},{\"@type\":\"BreadcrumbList\",\"@id\":\"https:\/\/distribuidoraodes.com.mx\/?product=llanta-dth-26x2-30-alambre-cara-cafe-60-tpi-exo#breadcrumb\",\"itemListElement\":[{\"@type\":\"ListItem\",\"position\":1,\"name\":\"Home\",\"item\":\"https:\/\/distribuidoraodes.com.mx\/\"},{\"@type\":\"ListItem\",\"position\":2,\"name\":\"Shop\",\"item\":\"https:\/\/distribuidoraodes.com.mx\/?page_id=12\"},{\"@type\":\"ListItem\",\"position\":3,\"name\":\"LLANTA DTH \u2013 26X2.30 \/ ALAMBRE\/ CARA CAFE \/ 60 TPI \/ EXO\"}]},{\"@type\":\"WebSite\",\"@id\":\"https:\/\/distribuidoraodes.com.mx\/#website\",\"url\":\"https:\/\/distribuidoraodes.com.mx\/\",\"name\":\"ODES\",\"description\":\"\",\"publisher\":{\"@id\":\"https:\/\/distribuidoraodes.com.mx\/#organization\"},\"alternateName\":\"ODES LLANTAS\",\"potentialAction\":[{\"@type\":\"SearchAction\",\"target\":{\"@type\":\"EntryPoint\",\"urlTemplate\":\"https:\/\/distribuidoraodes.com.mx\/?s={search_term_string}\"},\"query-input\":{\"@type\":\"PropertyValueSpecification\",\"valueRequired\":true,\"valueName\":\"search_term_string\"}}],\"inLanguage\":\"es\"},{\"@type\":\"Organization\",\"@id\":\"https:\/\/distribuidoraodes.com.mx\/#organization\",\"name\":\"ODES\",\"url\":\"https:\/\/distribuidoraodes.com.mx\/\",\"logo\":{\"@type\":\"ImageObject\",\"inLanguage\":\"es\",\"@id\":\"https:\/\/distribuidoraodes.com.mx\/#\/schema\/logo\/image\/\",\"url\":\"https:\/\/distribuidoraodes.com.mx\/wp-content\/uploads\/2022\/06\/Logo-cars-2x.png\",\"contentUrl\":\"https:\/\/distribuidoraodes.com.mx\/wp-content\/uploads\/2022\/06\/Logo-cars-2x.png\",\"width\":355,\"height\":130,\"caption\":\"ODES\"},\"image\":{\"@id\":\"https:\/\/distribuidoraodes.com.mx\/#\/schema\/logo\/image\/\"}}]}<\/script>\n<!-- \/ Yoast SEO Premium plugin. -->","yoast_head_json":{"title":"LLANTA DTH \u2013 26X2.30 \/ ALAMBRE\/ CARA CAFE \/ 60 TPI \/ EXO - ODES","robots":{"index":"index","follow":"follow","max-snippet":"max-snippet:-1","max-image-preview":"max-image-preview:large","max-video-preview":"max-video-preview:-1"},"canonical":"https:\/\/distribuidoraodes.com.mx\/?product=llanta-dth-26x2-30-alambre-cara-cafe-60-tpi-exo","og_locale":"es_MX","og_type":"article","og_title":"LLANTA DTH \u2013 26X2.30 \/ ALAMBRE\/ CARA CAFE \/ 60 TPI \/ EXO","og_description":"\u2013 Dise\u00f1o de la banda de rodamiento con ranuras. \u2013 Cubierta ligera.  Aunque originalmente fue dise\u00f1ado como una llanta de carrera BMX, el DTH ha encontrado \u00e9xito m\u00e1s all\u00e1 de la pista, incluyendo la conducci\u00f3n en la calle, el parque de patinaje, y el estilo de pendiente. La ranura resbaladiza maximiza la velocidad de rodadura minimizando la resistencia.","og_url":"https:\/\/distribuidoraodes.com.mx\/?product=llanta-dth-26x2-30-alambre-cara-cafe-60-tpi-exo","og_site_name":"ODES","article_modified_time":"2026-05-07T18:18:35+00:00","og_image":[{"width":1000,"height":1000,"url":"https:\/\/distribuidoraodes.com.mx\/wp-content\/uploads\/2026\/05\/DTH_Nuevo_Cafe.jpg","type":"image\/jpeg"}],"twitter_card":"summary_large_image","twitter_misc":{"Tiempo de lectura":"1 minuto"},"schema":{"@context":"https:\/\/schema.org","@graph":[{"@type":"WebPage","@id":"https:\/\/distribuidoraodes.com.mx\/?product=llanta-dth-26x2-30-alambre-cara-cafe-60-tpi-exo","url":"https:\/\/distribuidoraodes.com.mx\/?product=llanta-dth-26x2-30-alambre-cara-cafe-60-tpi-exo","name":"LLANTA DTH \u2013 26X2.30 \/ ALAMBRE\/ CARA CAFE \/ 60 TPI \/ EXO - ODES","isPartOf":{"@id":"https:\/\/distribuidoraodes.com.mx\/#website"},"primaryImageOfPage":{"@id":"https:\/\/distribuidoraodes.com.mx\/?product=llanta-dth-26x2-30-alambre-cara-cafe-60-tpi-exo#primaryimage"},"image":{"@id":"https:\/\/distribuidoraodes.com.mx\/?product=llanta-dth-26x2-30-alambre-cara-cafe-60-tpi-exo#primaryimage"},"thumbnailUrl":"https:\/\/distribuidoraodes.com.mx\/wp-content\/uploads\/2026\/05\/DTH_Nuevo_Cafe.jpg","datePublished":"2026-05-07T18:18:33+00:00","dateModified":"2026-05-07T18:18:35+00:00","breadcrumb":{"@id":"https:\/\/distribuidoraodes.com.mx\/?product=llanta-dth-26x2-30-alambre-cara-cafe-60-tpi-exo#breadcrumb"},"inLanguage":"es","potentialAction":[{"@type":"ReadAction","target":["https:\/\/distribuidoraodes.com.mx\/?product=llanta-dth-26x2-30-alambre-cara-cafe-60-tpi-exo"]}]},{"@type":"ImageObject","inLanguage":"es","@id":"https:\/\/distribuidoraodes.com.mx\/?product=llanta-dth-26x2-30-alambre-cara-cafe-60-tpi-exo#primaryimage","url":"https:\/\/distribuidoraodes.com.mx\/wp-content\/uploads\/2026\/05\/DTH_Nuevo_Cafe.jpg","contentUrl":"https:\/\/distribuidoraodes.com.mx\/wp-content\/uploads\/2026\/05\/DTH_Nuevo_Cafe.jpg","width":1000,"height":1000},{"@type":"BreadcrumbList","@id":"https:\/\/distribuidoraodes.com.mx\/?product=llanta-dth-26x2-30-alambre-cara-cafe-60-tpi-exo#breadcrumb","itemListElement":[{"@type":"ListItem","position":1,"name":"Home","item":"https:\/\/distribuidoraodes.com.mx\/"},{"@type":"ListItem","position":2,"name":"Shop","item":"https:\/\/distribuidoraodes.com.mx\/?page_id=12"},{"@type":"ListItem","position":3,"name":"LLANTA DTH \u2013 26X2.30 \/ ALAMBRE\/ CARA CAFE \/ 60 TPI \/ EXO"}]},{"@type":"WebSite","@id":"https:\/\/distribuidoraodes.com.mx\/#website","url":"https:\/\/distribuidoraodes.com.mx\/","name":"ODES","description":"","publisher":{"@id":"https:\/\/distribuidoraodes.com.mx\/#organization"},"alternateName":"ODES LLANTAS","potentialAction":[{"@type":"SearchAction","target":{"@type":"EntryPoint","urlTemplate":"https:\/\/distribuidoraodes.com.mx\/?s={search_term_string}"},"query-input":{"@type":"PropertyValueSpecification","valueRequired":true,"valueName":"search_term_string"}}],"inLanguage":"es"},{"@type":"Organization","@id":"https:\/\/distribuidoraodes.com.mx\/#organization","name":"ODES","url":"https:\/\/distribuidoraodes.com.mx\/","logo":{"@type":"ImageObject","inLanguage":"es","@id":"https:\/\/distribuidoraodes.com.mx\/#\/schema\/logo\/image\/","url":"https:\/\/distribuidoraodes.com.mx\/wp-content\/uploads\/2022\/06\/Logo-cars-2x.png","contentUrl":"https:\/\/distribuidoraodes.com.mx\/wp-content\/uploads\/2022\/06\/Logo-cars-2x.png","width":355,"height":130,"caption":"ODES"},"image":{"@id":"https:\/\/distribuidoraodes.com.mx\/#\/schema\/logo\/image\/"}}]}},"_links":{"self":[{"href":"https:\/\/distribuidoraodes.com.mx\/index.php?rest_route=\/wp\/v2\/product\/2244","targetHints":{"allow":["GET"]}}],"collection":[{"href":"https:\/\/distribuidoraodes.com.mx\/index.php?rest_route=\/wp\/v2\/product"}],"about":[{"href":"https:\/\/distribuidoraodes.com.mx\/index.php?rest_route=\/wp\/v2\/types\/product"}],"replies":[{"embeddable":true,"href":"https:\/\/distribuidoraodes.com.mx\/index.php?rest_route=%2Fwp%2Fv2%2Fcomments&post=2244"}],"version-history":[{"count":1,"href":"https:\/\/distribuidoraodes.com.mx\/index.php?rest_route=\/wp\/v2\/product\/2244\/revisions"}],"predecessor-version":[{"id":2247,"href":"https:\/\/distribuidoraodes.com.mx\/index.php?rest_route=\/wp\/v2\/product\/2244\/revisions\/2247"}],"wp:featuredmedia":[{"embeddable":true,"href":"https:\/\/distribuidoraodes.com.mx\/index.php?rest_route=\/wp\/v2\/media\/2246"}],"wp:attachment":[{"href":"https:\/\/distribuidoraodes.com.mx\/index.php?rest_route=%2Fwp%2Fv2%2Fmedia&parent=2244"}],"wp:term":[{"taxonomy":"brand","embeddable":true,"href":"https:\/\/distribuidoraodes.com.mx\/index.php?rest_route=%2Fwp%2Fv2%2Fetheme_brands&post=2244"},{"taxonomy":"product_brand","embeddable":true,"href":"https:\/\/distribuidoraodes.com.mx\/index.php?rest_route=%2Fwp%2Fv2%2Fproduct_brand&post=2244"},{"taxonomy":"product_cat","embeddable":true,"href":"https:\/\/distribuidoraodes.com.mx\/index.php?rest_route=%2Fwp%2Fv2%2Fproduct_cat&post=2244"},{"taxonomy":"product_tag","embeddable":true,"href":"https:\/\/distribuidoraodes.com.mx\/index.php?rest_route=%2Fwp%2Fv2%2Fproduct_tag&post=2244"}],"curies":[{"name":"wp","href":"https:\/\/api.w.org\/{rel}","templated":true}]}}