{"id":2208,"date":"2026-05-07T17:39:14","date_gmt":"2026-05-07T17:39:14","guid":{"rendered":"https:\/\/distribuidoraodes.com.mx\/?post_type=product&#038;p=2208"},"modified":"2026-05-07T17:39:16","modified_gmt":"2026-05-07T17:39:16","slug":"llanta-maxxis-grifter-29x2-00-alambre-negro-60-tpi","status":"publish","type":"product","link":"https:\/\/distribuidoraodes.com.mx\/?product=llanta-maxxis-grifter-29x2-00-alambre-negro-60-tpi","title":{"rendered":"LLANTA MAXXIS GRIFTER \u2013 29\u00d72.00 \/ ALAMBRE \/ NEGRO \/ 60 TPI"},"content":{"rendered":"<p>El Maxxis Grifter es un neum\u00e1tico BMX con carcasa de gran volumen dise\u00f1ado para conducci\u00f3n estilo libre.<\/p>\n","protected":false},"excerpt":{"rendered":"<p><strong><span dir=\"auto\">Categor\u00eda:<\/span><\/strong><span dir=\"auto\">\u00a0BMX.<br \/>\n<\/span><strong><span dir=\"auto\">Uso recomendado:<\/span><\/strong><span dir=\"auto\">\u00a0Estilo libre.<br \/>\n<\/span><strong><span dir=\"auto\">Instalaci\u00f3n recomendada:<\/span><\/strong><span dir=\"auto\">\u00a0Delantera o Trasera.<\/span><\/p>\n<h2>ESPECIFICACIONES<\/h2>\n<p><strong>N\u00famero de parte:<\/strong>\u00a0TB96648000.<br \/>\n<strong>Medida:<\/strong>\u00a029X2.00.<br \/>\n<strong>ETRTO:<\/strong>\u00a051-622<span dir=\"auto\">.<br \/>\n<strong>TPI:<\/strong>\u00a060.<br \/>\n<strong>Tipo de llanta:<\/strong>\u00a0Alambre.<br \/>\n<strong>PSI m\u00e1ximo:<\/strong>\u00a065.<br \/>\n<strong>Peso:<\/strong>\u00a0740 g.<br \/>\n<strong>Color:<\/strong>\u00a0Negro.<\/span><\/p>\n","protected":false},"featured_media":2211,"comment_status":"open","ping_status":"closed","template":"","meta":[],"etheme_brands":[],"product_brand":[],"product_cat":[61],"product_tag":[],"class_list":{"0":"post-2208","1":"product","2":"type-product","3":"status-publish","4":"has-post-thumbnail","6":"product_cat-llantas-de-bmx","8":"first","9":"instock","10":"shipping-taxable","11":"purchasable","12":"product-type-simple"},"yoast_head":"<!-- This site is optimized with the Yoast SEO Premium plugin v23.4 (Yoast SEO v23.4) - https:\/\/yoast.com\/wordpress\/plugins\/seo\/ -->\n<title>LLANTA MAXXIS GRIFTER \u2013 29\u00d72.00 \/ ALAMBRE \/ NEGRO \/ 60 TPI - ODES<\/title>\n<meta name=\"robots\" content=\"index, follow, max-snippet:-1, max-image-preview:large, max-video-preview:-1\" \/>\n<link rel=\"canonical\" href=\"https:\/\/distribuidoraodes.com.mx\/?product=llanta-maxxis-grifter-29x2-00-alambre-negro-60-tpi\" \/>\n<meta property=\"og:locale\" content=\"es_MX\" \/>\n<meta property=\"og:type\" content=\"article\" \/>\n<meta property=\"og:title\" content=\"LLANTA MAXXIS GRIFTER \u2013 29\u00d72.00 \/ ALAMBRE \/ NEGRO \/ 60 TPI\" \/>\n<meta property=\"og:description\" content=\"Categor\u00eda:\u00a0BMX. Uso recomendado:\u00a0Estilo libre. Instalaci\u00f3n recomendada:\u00a0Delantera o Trasera. ESPECIFICACIONES N\u00famero de parte:\u00a0TB96648000. Medida:\u00a029X2.00. ETRTO:\u00a051-622. TPI:\u00a060. Tipo de llanta:\u00a0Alambre. PSI m\u00e1ximo:\u00a065. Peso:\u00a0740 g. Color:\u00a0Negro.\" \/>\n<meta property=\"og:url\" content=\"https:\/\/distribuidoraodes.com.mx\/?product=llanta-maxxis-grifter-29x2-00-alambre-negro-60-tpi\" \/>\n<meta property=\"og:site_name\" content=\"ODES\" \/>\n<meta property=\"article:modified_time\" content=\"2026-05-07T17:39:16+00:00\" \/>\n<meta property=\"og:image\" content=\"https:\/\/distribuidoraodes.com.mx\/wp-content\/uploads\/2026\/05\/GRIFTER-SIN-TECNOLOGIA.jpg\" \/>\n\t<meta property=\"og:image:width\" content=\"1200\" \/>\n\t<meta property=\"og:image:height\" content=\"1200\" \/>\n\t<meta property=\"og:image:type\" content=\"image\/jpeg\" \/>\n<meta name=\"twitter:card\" content=\"summary_large_image\" \/>\n<meta name=\"twitter:label1\" content=\"Tiempo de lectura\" \/>\n\t<meta name=\"twitter:data1\" content=\"1 minuto\" \/>\n<script type=\"application\/ld+json\" class=\"yoast-schema-graph\">{\"@context\":\"https:\/\/schema.org\",\"@graph\":[{\"@type\":\"WebPage\",\"@id\":\"https:\/\/distribuidoraodes.com.mx\/?product=llanta-maxxis-grifter-29x2-00-alambre-negro-60-tpi\",\"url\":\"https:\/\/distribuidoraodes.com.mx\/?product=llanta-maxxis-grifter-29x2-00-alambre-negro-60-tpi\",\"name\":\"LLANTA MAXXIS GRIFTER \u2013 29\u00d72.00 \/ ALAMBRE \/ NEGRO \/ 60 TPI - ODES\",\"isPartOf\":{\"@id\":\"https:\/\/distribuidoraodes.com.mx\/#website\"},\"primaryImageOfPage\":{\"@id\":\"https:\/\/distribuidoraodes.com.mx\/?product=llanta-maxxis-grifter-29x2-00-alambre-negro-60-tpi#primaryimage\"},\"image\":{\"@id\":\"https:\/\/distribuidoraodes.com.mx\/?product=llanta-maxxis-grifter-29x2-00-alambre-negro-60-tpi#primaryimage\"},\"thumbnailUrl\":\"https:\/\/distribuidoraodes.com.mx\/wp-content\/uploads\/2026\/05\/GRIFTER-SIN-TECNOLOGIA.jpg\",\"datePublished\":\"2026-05-07T17:39:14+00:00\",\"dateModified\":\"2026-05-07T17:39:16+00:00\",\"breadcrumb\":{\"@id\":\"https:\/\/distribuidoraodes.com.mx\/?product=llanta-maxxis-grifter-29x2-00-alambre-negro-60-tpi#breadcrumb\"},\"inLanguage\":\"es\",\"potentialAction\":[{\"@type\":\"ReadAction\",\"target\":[\"https:\/\/distribuidoraodes.com.mx\/?product=llanta-maxxis-grifter-29x2-00-alambre-negro-60-tpi\"]}]},{\"@type\":\"ImageObject\",\"inLanguage\":\"es\",\"@id\":\"https:\/\/distribuidoraodes.com.mx\/?product=llanta-maxxis-grifter-29x2-00-alambre-negro-60-tpi#primaryimage\",\"url\":\"https:\/\/distribuidoraodes.com.mx\/wp-content\/uploads\/2026\/05\/GRIFTER-SIN-TECNOLOGIA.jpg\",\"contentUrl\":\"https:\/\/distribuidoraodes.com.mx\/wp-content\/uploads\/2026\/05\/GRIFTER-SIN-TECNOLOGIA.jpg\",\"width\":1200,\"height\":1200},{\"@type\":\"BreadcrumbList\",\"@id\":\"https:\/\/distribuidoraodes.com.mx\/?product=llanta-maxxis-grifter-29x2-00-alambre-negro-60-tpi#breadcrumb\",\"itemListElement\":[{\"@type\":\"ListItem\",\"position\":1,\"name\":\"Home\",\"item\":\"https:\/\/distribuidoraodes.com.mx\/\"},{\"@type\":\"ListItem\",\"position\":2,\"name\":\"Shop\",\"item\":\"https:\/\/distribuidoraodes.com.mx\/?page_id=12\"},{\"@type\":\"ListItem\",\"position\":3,\"name\":\"LLANTA MAXXIS GRIFTER \u2013 29\u00d72.00 \/ ALAMBRE \/ NEGRO \/ 60 TPI\"}]},{\"@type\":\"WebSite\",\"@id\":\"https:\/\/distribuidoraodes.com.mx\/#website\",\"url\":\"https:\/\/distribuidoraodes.com.mx\/\",\"name\":\"ODES\",\"description\":\"\",\"publisher\":{\"@id\":\"https:\/\/distribuidoraodes.com.mx\/#organization\"},\"alternateName\":\"ODES LLANTAS\",\"potentialAction\":[{\"@type\":\"SearchAction\",\"target\":{\"@type\":\"EntryPoint\",\"urlTemplate\":\"https:\/\/distribuidoraodes.com.mx\/?s={search_term_string}\"},\"query-input\":{\"@type\":\"PropertyValueSpecification\",\"valueRequired\":true,\"valueName\":\"search_term_string\"}}],\"inLanguage\":\"es\"},{\"@type\":\"Organization\",\"@id\":\"https:\/\/distribuidoraodes.com.mx\/#organization\",\"name\":\"ODES\",\"url\":\"https:\/\/distribuidoraodes.com.mx\/\",\"logo\":{\"@type\":\"ImageObject\",\"inLanguage\":\"es\",\"@id\":\"https:\/\/distribuidoraodes.com.mx\/#\/schema\/logo\/image\/\",\"url\":\"https:\/\/distribuidoraodes.com.mx\/wp-content\/uploads\/2022\/06\/Logo-cars-2x.png\",\"contentUrl\":\"https:\/\/distribuidoraodes.com.mx\/wp-content\/uploads\/2022\/06\/Logo-cars-2x.png\",\"width\":355,\"height\":130,\"caption\":\"ODES\"},\"image\":{\"@id\":\"https:\/\/distribuidoraodes.com.mx\/#\/schema\/logo\/image\/\"}}]}<\/script>\n<!-- \/ Yoast SEO Premium plugin. -->","yoast_head_json":{"title":"LLANTA MAXXIS GRIFTER \u2013 29\u00d72.00 \/ ALAMBRE \/ NEGRO \/ 60 TPI - ODES","robots":{"index":"index","follow":"follow","max-snippet":"max-snippet:-1","max-image-preview":"max-image-preview:large","max-video-preview":"max-video-preview:-1"},"canonical":"https:\/\/distribuidoraodes.com.mx\/?product=llanta-maxxis-grifter-29x2-00-alambre-negro-60-tpi","og_locale":"es_MX","og_type":"article","og_title":"LLANTA MAXXIS GRIFTER \u2013 29\u00d72.00 \/ ALAMBRE \/ NEGRO \/ 60 TPI","og_description":"Categor\u00eda:\u00a0BMX. Uso recomendado:\u00a0Estilo libre. Instalaci\u00f3n recomendada:\u00a0Delantera o Trasera. ESPECIFICACIONES N\u00famero de parte:\u00a0TB96648000. Medida:\u00a029X2.00. ETRTO:\u00a051-622. TPI:\u00a060. Tipo de llanta:\u00a0Alambre. PSI m\u00e1ximo:\u00a065. Peso:\u00a0740 g. Color:\u00a0Negro.","og_url":"https:\/\/distribuidoraodes.com.mx\/?product=llanta-maxxis-grifter-29x2-00-alambre-negro-60-tpi","og_site_name":"ODES","article_modified_time":"2026-05-07T17:39:16+00:00","og_image":[{"width":1200,"height":1200,"url":"https:\/\/distribuidoraodes.com.mx\/wp-content\/uploads\/2026\/05\/GRIFTER-SIN-TECNOLOGIA.jpg","type":"image\/jpeg"}],"twitter_card":"summary_large_image","twitter_misc":{"Tiempo de lectura":"1 minuto"},"schema":{"@context":"https:\/\/schema.org","@graph":[{"@type":"WebPage","@id":"https:\/\/distribuidoraodes.com.mx\/?product=llanta-maxxis-grifter-29x2-00-alambre-negro-60-tpi","url":"https:\/\/distribuidoraodes.com.mx\/?product=llanta-maxxis-grifter-29x2-00-alambre-negro-60-tpi","name":"LLANTA MAXXIS GRIFTER \u2013 29\u00d72.00 \/ ALAMBRE \/ NEGRO \/ 60 TPI - ODES","isPartOf":{"@id":"https:\/\/distribuidoraodes.com.mx\/#website"},"primaryImageOfPage":{"@id":"https:\/\/distribuidoraodes.com.mx\/?product=llanta-maxxis-grifter-29x2-00-alambre-negro-60-tpi#primaryimage"},"image":{"@id":"https:\/\/distribuidoraodes.com.mx\/?product=llanta-maxxis-grifter-29x2-00-alambre-negro-60-tpi#primaryimage"},"thumbnailUrl":"https:\/\/distribuidoraodes.com.mx\/wp-content\/uploads\/2026\/05\/GRIFTER-SIN-TECNOLOGIA.jpg","datePublished":"2026-05-07T17:39:14+00:00","dateModified":"2026-05-07T17:39:16+00:00","breadcrumb":{"@id":"https:\/\/distribuidoraodes.com.mx\/?product=llanta-maxxis-grifter-29x2-00-alambre-negro-60-tpi#breadcrumb"},"inLanguage":"es","potentialAction":[{"@type":"ReadAction","target":["https:\/\/distribuidoraodes.com.mx\/?product=llanta-maxxis-grifter-29x2-00-alambre-negro-60-tpi"]}]},{"@type":"ImageObject","inLanguage":"es","@id":"https:\/\/distribuidoraodes.com.mx\/?product=llanta-maxxis-grifter-29x2-00-alambre-negro-60-tpi#primaryimage","url":"https:\/\/distribuidoraodes.com.mx\/wp-content\/uploads\/2026\/05\/GRIFTER-SIN-TECNOLOGIA.jpg","contentUrl":"https:\/\/distribuidoraodes.com.mx\/wp-content\/uploads\/2026\/05\/GRIFTER-SIN-TECNOLOGIA.jpg","width":1200,"height":1200},{"@type":"BreadcrumbList","@id":"https:\/\/distribuidoraodes.com.mx\/?product=llanta-maxxis-grifter-29x2-00-alambre-negro-60-tpi#breadcrumb","itemListElement":[{"@type":"ListItem","position":1,"name":"Home","item":"https:\/\/distribuidoraodes.com.mx\/"},{"@type":"ListItem","position":2,"name":"Shop","item":"https:\/\/distribuidoraodes.com.mx\/?page_id=12"},{"@type":"ListItem","position":3,"name":"LLANTA MAXXIS GRIFTER \u2013 29\u00d72.00 \/ ALAMBRE \/ NEGRO \/ 60 TPI"}]},{"@type":"WebSite","@id":"https:\/\/distribuidoraodes.com.mx\/#website","url":"https:\/\/distribuidoraodes.com.mx\/","name":"ODES","description":"","publisher":{"@id":"https:\/\/distribuidoraodes.com.mx\/#organization"},"alternateName":"ODES LLANTAS","potentialAction":[{"@type":"SearchAction","target":{"@type":"EntryPoint","urlTemplate":"https:\/\/distribuidoraodes.com.mx\/?s={search_term_string}"},"query-input":{"@type":"PropertyValueSpecification","valueRequired":true,"valueName":"search_term_string"}}],"inLanguage":"es"},{"@type":"Organization","@id":"https:\/\/distribuidoraodes.com.mx\/#organization","name":"ODES","url":"https:\/\/distribuidoraodes.com.mx\/","logo":{"@type":"ImageObject","inLanguage":"es","@id":"https:\/\/distribuidoraodes.com.mx\/#\/schema\/logo\/image\/","url":"https:\/\/distribuidoraodes.com.mx\/wp-content\/uploads\/2022\/06\/Logo-cars-2x.png","contentUrl":"https:\/\/distribuidoraodes.com.mx\/wp-content\/uploads\/2022\/06\/Logo-cars-2x.png","width":355,"height":130,"caption":"ODES"},"image":{"@id":"https:\/\/distribuidoraodes.com.mx\/#\/schema\/logo\/image\/"}}]}},"_links":{"self":[{"href":"https:\/\/distribuidoraodes.com.mx\/index.php?rest_route=\/wp\/v2\/product\/2208","targetHints":{"allow":["GET"]}}],"collection":[{"href":"https:\/\/distribuidoraodes.com.mx\/index.php?rest_route=\/wp\/v2\/product"}],"about":[{"href":"https:\/\/distribuidoraodes.com.mx\/index.php?rest_route=\/wp\/v2\/types\/product"}],"replies":[{"embeddable":true,"href":"https:\/\/distribuidoraodes.com.mx\/index.php?rest_route=%2Fwp%2Fv2%2Fcomments&post=2208"}],"version-history":[{"count":2,"href":"https:\/\/distribuidoraodes.com.mx\/index.php?rest_route=\/wp\/v2\/product\/2208\/revisions"}],"predecessor-version":[{"id":2213,"href":"https:\/\/distribuidoraodes.com.mx\/index.php?rest_route=\/wp\/v2\/product\/2208\/revisions\/2213"}],"wp:featuredmedia":[{"embeddable":true,"href":"https:\/\/distribuidoraodes.com.mx\/index.php?rest_route=\/wp\/v2\/media\/2211"}],"wp:attachment":[{"href":"https:\/\/distribuidoraodes.com.mx\/index.php?rest_route=%2Fwp%2Fv2%2Fmedia&parent=2208"}],"wp:term":[{"taxonomy":"brand","embeddable":true,"href":"https:\/\/distribuidoraodes.com.mx\/index.php?rest_route=%2Fwp%2Fv2%2Fetheme_brands&post=2208"},{"taxonomy":"product_brand","embeddable":true,"href":"https:\/\/distribuidoraodes.com.mx\/index.php?rest_route=%2Fwp%2Fv2%2Fproduct_brand&post=2208"},{"taxonomy":"product_cat","embeddable":true,"href":"https:\/\/distribuidoraodes.com.mx\/index.php?rest_route=%2Fwp%2Fv2%2Fproduct_cat&post=2208"},{"taxonomy":"product_tag","embeddable":true,"href":"https:\/\/distribuidoraodes.com.mx\/index.php?rest_route=%2Fwp%2Fv2%2Fproduct_tag&post=2208"}],"curies":[{"name":"wp","href":"https:\/\/api.w.org\/{rel}","templated":true}]}}