{"id":2153,"date":"2026-05-07T00:53:19","date_gmt":"2026-05-07T00:53:19","guid":{"rendered":"https:\/\/distribuidoraodes.com.mx\/?post_type=product&#038;p=2153"},"modified":"2026-05-07T00:53:21","modified_gmt":"2026-05-07T00:53:21","slug":"llanta-maxxis-pursuer-v2-700x28c-plegable-negro-60-tpi","status":"publish","type":"product","link":"https:\/\/distribuidoraodes.com.mx\/?product=llanta-maxxis-pursuer-v2-700x28c-plegable-negro-60-tpi","title":{"rendered":"LLANTA MAXXIS PURSUER V2 \u2013 700x28C \/ PLEGABLE \/ NEGRO \/ 60 TPI"},"content":{"rendered":"<p>La Pursuer es la cubierta de carretera m\u00e1s reciente de la l\u00ednea Maxxis. Bas\u00e1ndonos en lo aprendido durante el desarrollo del compuesto HYPR para nuestra llanta insignia High Road, la Pursuer utiliza un compuesto de caucho de s\u00edlice completamente nuevo. Este nuevo compuesto reduce la resistencia a la rodadura, a la vez que mejora el desgaste de la banda de rodadura y el rendimiento en curvas. Para entrenar sin problemas y disfrutar de paseos casuales en grupo, elige la Pursuer.<\/p>\n","protected":false},"excerpt":{"rendered":"<p><span dir=\"auto\">Carcasa de 60 TPI disponible.<br \/>\n<\/span><span dir=\"auto\">Compuesto de banda de rodadura de baja resistencia a la rodadura y alto kilometraje.<br \/>\n<\/span><span dir=\"auto\">Neum\u00e1tico de cubierta de nivel deportivo.<\/span><\/p>\n<h2>ESPECIFICACIONES<\/h2>\n<p><strong>N\u00famero de parte:\u00a0<\/strong>TB00646000.<br \/>\n<strong>Medida:<\/strong>\u00a0700 x 28C.<br \/>\n<strong>ETRTO:\u00a0<\/strong>28<span dir=\"auto\">-622<\/span><span dir=\"auto\">.<br \/>\n<strong>TPI:<\/strong>\u00a060.<br \/>\n<strong>Tipo de llanta:<\/strong>\u00a0Plegable.<br \/>\n<strong>PSI m\u00e1ximo:<\/strong>\u00a0115.<br \/>\n<strong>Peso:<\/strong>\u00a0280 g.<br \/>\n<strong>Color:<\/strong>\u00a0Negro.<\/span><\/p>\n","protected":false},"featured_media":2154,"comment_status":"open","ping_status":"closed","template":"","meta":[],"etheme_brands":[],"product_brand":[],"product_cat":[59],"product_tag":[],"class_list":{"0":"post-2153","1":"product","2":"type-product","3":"status-publish","4":"has-post-thumbnail","6":"product_cat-llantas-de-ruta","8":"first","9":"instock","10":"shipping-taxable","11":"purchasable","12":"product-type-simple"},"yoast_head":"<!-- This site is optimized with the Yoast SEO Premium plugin v23.4 (Yoast SEO v23.4) - https:\/\/yoast.com\/wordpress\/plugins\/seo\/ -->\n<title>LLANTA MAXXIS PURSUER V2 \u2013 700x28C \/ PLEGABLE \/ NEGRO \/ 60 TPI - ODES<\/title>\n<meta name=\"robots\" content=\"index, follow, max-snippet:-1, max-image-preview:large, max-video-preview:-1\" \/>\n<link rel=\"canonical\" href=\"https:\/\/distribuidoraodes.com.mx\/?product=llanta-maxxis-pursuer-v2-700x28c-plegable-negro-60-tpi\" \/>\n<meta property=\"og:locale\" content=\"es_MX\" \/>\n<meta property=\"og:type\" content=\"article\" \/>\n<meta property=\"og:title\" content=\"LLANTA MAXXIS PURSUER V2 \u2013 700x28C \/ PLEGABLE \/ NEGRO \/ 60 TPI\" \/>\n<meta property=\"og:description\" content=\"Carcasa de 60 TPI disponible. Compuesto de banda de rodadura de baja resistencia a la rodadura y alto kilometraje. Neum\u00e1tico de cubierta de nivel deportivo. ESPECIFICACIONES N\u00famero de parte:\u00a0TB00646000. Medida:\u00a0700 x 28C. ETRTO:\u00a028-622. TPI:\u00a060. Tipo de llanta:\u00a0Plegable. PSI m\u00e1ximo:\u00a0115. Peso:\u00a0280 g. Color:\u00a0Negro.\" \/>\n<meta property=\"og:url\" content=\"https:\/\/distribuidoraodes.com.mx\/?product=llanta-maxxis-pursuer-v2-700x28c-plegable-negro-60-tpi\" \/>\n<meta property=\"og:site_name\" content=\"ODES\" \/>\n<meta property=\"article:modified_time\" content=\"2026-05-07T00:53:21+00:00\" \/>\n<meta property=\"og:image\" content=\"https:\/\/distribuidoraodes.com.mx\/wp-content\/uploads\/2026\/05\/PURSUER-NEGRO-SIN-TECNOLOGIA.jpg\" \/>\n\t<meta property=\"og:image:width\" content=\"2560\" \/>\n\t<meta property=\"og:image:height\" content=\"1920\" \/>\n\t<meta property=\"og:image:type\" content=\"image\/jpeg\" \/>\n<meta name=\"twitter:card\" content=\"summary_large_image\" \/>\n<meta name=\"twitter:label1\" content=\"Tiempo de lectura\" \/>\n\t<meta name=\"twitter:data1\" content=\"1 minuto\" \/>\n<script type=\"application\/ld+json\" class=\"yoast-schema-graph\">{\"@context\":\"https:\/\/schema.org\",\"@graph\":[{\"@type\":\"WebPage\",\"@id\":\"https:\/\/distribuidoraodes.com.mx\/?product=llanta-maxxis-pursuer-v2-700x28c-plegable-negro-60-tpi\",\"url\":\"https:\/\/distribuidoraodes.com.mx\/?product=llanta-maxxis-pursuer-v2-700x28c-plegable-negro-60-tpi\",\"name\":\"LLANTA MAXXIS PURSUER V2 \u2013 700x28C \/ PLEGABLE \/ NEGRO \/ 60 TPI - ODES\",\"isPartOf\":{\"@id\":\"https:\/\/distribuidoraodes.com.mx\/#website\"},\"primaryImageOfPage\":{\"@id\":\"https:\/\/distribuidoraodes.com.mx\/?product=llanta-maxxis-pursuer-v2-700x28c-plegable-negro-60-tpi#primaryimage\"},\"image\":{\"@id\":\"https:\/\/distribuidoraodes.com.mx\/?product=llanta-maxxis-pursuer-v2-700x28c-plegable-negro-60-tpi#primaryimage\"},\"thumbnailUrl\":\"https:\/\/distribuidoraodes.com.mx\/wp-content\/uploads\/2026\/05\/PURSUER-NEGRO-SIN-TECNOLOGIA.jpg\",\"datePublished\":\"2026-05-07T00:53:19+00:00\",\"dateModified\":\"2026-05-07T00:53:21+00:00\",\"breadcrumb\":{\"@id\":\"https:\/\/distribuidoraodes.com.mx\/?product=llanta-maxxis-pursuer-v2-700x28c-plegable-negro-60-tpi#breadcrumb\"},\"inLanguage\":\"es\",\"potentialAction\":[{\"@type\":\"ReadAction\",\"target\":[\"https:\/\/distribuidoraodes.com.mx\/?product=llanta-maxxis-pursuer-v2-700x28c-plegable-negro-60-tpi\"]}]},{\"@type\":\"ImageObject\",\"inLanguage\":\"es\",\"@id\":\"https:\/\/distribuidoraodes.com.mx\/?product=llanta-maxxis-pursuer-v2-700x28c-plegable-negro-60-tpi#primaryimage\",\"url\":\"https:\/\/distribuidoraodes.com.mx\/wp-content\/uploads\/2026\/05\/PURSUER-NEGRO-SIN-TECNOLOGIA.jpg\",\"contentUrl\":\"https:\/\/distribuidoraodes.com.mx\/wp-content\/uploads\/2026\/05\/PURSUER-NEGRO-SIN-TECNOLOGIA.jpg\",\"width\":2560,\"height\":1920},{\"@type\":\"BreadcrumbList\",\"@id\":\"https:\/\/distribuidoraodes.com.mx\/?product=llanta-maxxis-pursuer-v2-700x28c-plegable-negro-60-tpi#breadcrumb\",\"itemListElement\":[{\"@type\":\"ListItem\",\"position\":1,\"name\":\"Home\",\"item\":\"https:\/\/distribuidoraodes.com.mx\/\"},{\"@type\":\"ListItem\",\"position\":2,\"name\":\"Shop\",\"item\":\"https:\/\/distribuidoraodes.com.mx\/?page_id=12\"},{\"@type\":\"ListItem\",\"position\":3,\"name\":\"LLANTA MAXXIS PURSUER V2 \u2013 700x28C \/ PLEGABLE \/ NEGRO \/ 60 TPI\"}]},{\"@type\":\"WebSite\",\"@id\":\"https:\/\/distribuidoraodes.com.mx\/#website\",\"url\":\"https:\/\/distribuidoraodes.com.mx\/\",\"name\":\"ODES\",\"description\":\"\",\"publisher\":{\"@id\":\"https:\/\/distribuidoraodes.com.mx\/#organization\"},\"alternateName\":\"ODES LLANTAS\",\"potentialAction\":[{\"@type\":\"SearchAction\",\"target\":{\"@type\":\"EntryPoint\",\"urlTemplate\":\"https:\/\/distribuidoraodes.com.mx\/?s={search_term_string}\"},\"query-input\":{\"@type\":\"PropertyValueSpecification\",\"valueRequired\":true,\"valueName\":\"search_term_string\"}}],\"inLanguage\":\"es\"},{\"@type\":\"Organization\",\"@id\":\"https:\/\/distribuidoraodes.com.mx\/#organization\",\"name\":\"ODES\",\"url\":\"https:\/\/distribuidoraodes.com.mx\/\",\"logo\":{\"@type\":\"ImageObject\",\"inLanguage\":\"es\",\"@id\":\"https:\/\/distribuidoraodes.com.mx\/#\/schema\/logo\/image\/\",\"url\":\"https:\/\/distribuidoraodes.com.mx\/wp-content\/uploads\/2022\/06\/Logo-cars-2x.png\",\"contentUrl\":\"https:\/\/distribuidoraodes.com.mx\/wp-content\/uploads\/2022\/06\/Logo-cars-2x.png\",\"width\":355,\"height\":130,\"caption\":\"ODES\"},\"image\":{\"@id\":\"https:\/\/distribuidoraodes.com.mx\/#\/schema\/logo\/image\/\"}}]}<\/script>\n<!-- \/ Yoast SEO Premium plugin. -->","yoast_head_json":{"title":"LLANTA MAXXIS PURSUER V2 \u2013 700x28C \/ PLEGABLE \/ NEGRO \/ 60 TPI - ODES","robots":{"index":"index","follow":"follow","max-snippet":"max-snippet:-1","max-image-preview":"max-image-preview:large","max-video-preview":"max-video-preview:-1"},"canonical":"https:\/\/distribuidoraodes.com.mx\/?product=llanta-maxxis-pursuer-v2-700x28c-plegable-negro-60-tpi","og_locale":"es_MX","og_type":"article","og_title":"LLANTA MAXXIS PURSUER V2 \u2013 700x28C \/ PLEGABLE \/ NEGRO \/ 60 TPI","og_description":"Carcasa de 60 TPI disponible. Compuesto de banda de rodadura de baja resistencia a la rodadura y alto kilometraje. Neum\u00e1tico de cubierta de nivel deportivo. ESPECIFICACIONES N\u00famero de parte:\u00a0TB00646000. Medida:\u00a0700 x 28C. ETRTO:\u00a028-622. TPI:\u00a060. Tipo de llanta:\u00a0Plegable. PSI m\u00e1ximo:\u00a0115. Peso:\u00a0280 g. Color:\u00a0Negro.","og_url":"https:\/\/distribuidoraodes.com.mx\/?product=llanta-maxxis-pursuer-v2-700x28c-plegable-negro-60-tpi","og_site_name":"ODES","article_modified_time":"2026-05-07T00:53:21+00:00","og_image":[{"width":2560,"height":1920,"url":"https:\/\/distribuidoraodes.com.mx\/wp-content\/uploads\/2026\/05\/PURSUER-NEGRO-SIN-TECNOLOGIA.jpg","type":"image\/jpeg"}],"twitter_card":"summary_large_image","twitter_misc":{"Tiempo de lectura":"1 minuto"},"schema":{"@context":"https:\/\/schema.org","@graph":[{"@type":"WebPage","@id":"https:\/\/distribuidoraodes.com.mx\/?product=llanta-maxxis-pursuer-v2-700x28c-plegable-negro-60-tpi","url":"https:\/\/distribuidoraodes.com.mx\/?product=llanta-maxxis-pursuer-v2-700x28c-plegable-negro-60-tpi","name":"LLANTA MAXXIS PURSUER V2 \u2013 700x28C \/ PLEGABLE \/ NEGRO \/ 60 TPI - ODES","isPartOf":{"@id":"https:\/\/distribuidoraodes.com.mx\/#website"},"primaryImageOfPage":{"@id":"https:\/\/distribuidoraodes.com.mx\/?product=llanta-maxxis-pursuer-v2-700x28c-plegable-negro-60-tpi#primaryimage"},"image":{"@id":"https:\/\/distribuidoraodes.com.mx\/?product=llanta-maxxis-pursuer-v2-700x28c-plegable-negro-60-tpi#primaryimage"},"thumbnailUrl":"https:\/\/distribuidoraodes.com.mx\/wp-content\/uploads\/2026\/05\/PURSUER-NEGRO-SIN-TECNOLOGIA.jpg","datePublished":"2026-05-07T00:53:19+00:00","dateModified":"2026-05-07T00:53:21+00:00","breadcrumb":{"@id":"https:\/\/distribuidoraodes.com.mx\/?product=llanta-maxxis-pursuer-v2-700x28c-plegable-negro-60-tpi#breadcrumb"},"inLanguage":"es","potentialAction":[{"@type":"ReadAction","target":["https:\/\/distribuidoraodes.com.mx\/?product=llanta-maxxis-pursuer-v2-700x28c-plegable-negro-60-tpi"]}]},{"@type":"ImageObject","inLanguage":"es","@id":"https:\/\/distribuidoraodes.com.mx\/?product=llanta-maxxis-pursuer-v2-700x28c-plegable-negro-60-tpi#primaryimage","url":"https:\/\/distribuidoraodes.com.mx\/wp-content\/uploads\/2026\/05\/PURSUER-NEGRO-SIN-TECNOLOGIA.jpg","contentUrl":"https:\/\/distribuidoraodes.com.mx\/wp-content\/uploads\/2026\/05\/PURSUER-NEGRO-SIN-TECNOLOGIA.jpg","width":2560,"height":1920},{"@type":"BreadcrumbList","@id":"https:\/\/distribuidoraodes.com.mx\/?product=llanta-maxxis-pursuer-v2-700x28c-plegable-negro-60-tpi#breadcrumb","itemListElement":[{"@type":"ListItem","position":1,"name":"Home","item":"https:\/\/distribuidoraodes.com.mx\/"},{"@type":"ListItem","position":2,"name":"Shop","item":"https:\/\/distribuidoraodes.com.mx\/?page_id=12"},{"@type":"ListItem","position":3,"name":"LLANTA MAXXIS PURSUER V2 \u2013 700x28C \/ PLEGABLE \/ NEGRO \/ 60 TPI"}]},{"@type":"WebSite","@id":"https:\/\/distribuidoraodes.com.mx\/#website","url":"https:\/\/distribuidoraodes.com.mx\/","name":"ODES","description":"","publisher":{"@id":"https:\/\/distribuidoraodes.com.mx\/#organization"},"alternateName":"ODES LLANTAS","potentialAction":[{"@type":"SearchAction","target":{"@type":"EntryPoint","urlTemplate":"https:\/\/distribuidoraodes.com.mx\/?s={search_term_string}"},"query-input":{"@type":"PropertyValueSpecification","valueRequired":true,"valueName":"search_term_string"}}],"inLanguage":"es"},{"@type":"Organization","@id":"https:\/\/distribuidoraodes.com.mx\/#organization","name":"ODES","url":"https:\/\/distribuidoraodes.com.mx\/","logo":{"@type":"ImageObject","inLanguage":"es","@id":"https:\/\/distribuidoraodes.com.mx\/#\/schema\/logo\/image\/","url":"https:\/\/distribuidoraodes.com.mx\/wp-content\/uploads\/2022\/06\/Logo-cars-2x.png","contentUrl":"https:\/\/distribuidoraodes.com.mx\/wp-content\/uploads\/2022\/06\/Logo-cars-2x.png","width":355,"height":130,"caption":"ODES"},"image":{"@id":"https:\/\/distribuidoraodes.com.mx\/#\/schema\/logo\/image\/"}}]}},"_links":{"self":[{"href":"https:\/\/distribuidoraodes.com.mx\/index.php?rest_route=\/wp\/v2\/product\/2153","targetHints":{"allow":["GET"]}}],"collection":[{"href":"https:\/\/distribuidoraodes.com.mx\/index.php?rest_route=\/wp\/v2\/product"}],"about":[{"href":"https:\/\/distribuidoraodes.com.mx\/index.php?rest_route=\/wp\/v2\/types\/product"}],"replies":[{"embeddable":true,"href":"https:\/\/distribuidoraodes.com.mx\/index.php?rest_route=%2Fwp%2Fv2%2Fcomments&post=2153"}],"version-history":[{"count":2,"href":"https:\/\/distribuidoraodes.com.mx\/index.php?rest_route=\/wp\/v2\/product\/2153\/revisions"}],"predecessor-version":[{"id":2158,"href":"https:\/\/distribuidoraodes.com.mx\/index.php?rest_route=\/wp\/v2\/product\/2153\/revisions\/2158"}],"wp:featuredmedia":[{"embeddable":true,"href":"https:\/\/distribuidoraodes.com.mx\/index.php?rest_route=\/wp\/v2\/media\/2154"}],"wp:attachment":[{"href":"https:\/\/distribuidoraodes.com.mx\/index.php?rest_route=%2Fwp%2Fv2%2Fmedia&parent=2153"}],"wp:term":[{"taxonomy":"brand","embeddable":true,"href":"https:\/\/distribuidoraodes.com.mx\/index.php?rest_route=%2Fwp%2Fv2%2Fetheme_brands&post=2153"},{"taxonomy":"product_brand","embeddable":true,"href":"https:\/\/distribuidoraodes.com.mx\/index.php?rest_route=%2Fwp%2Fv2%2Fproduct_brand&post=2153"},{"taxonomy":"product_cat","embeddable":true,"href":"https:\/\/distribuidoraodes.com.mx\/index.php?rest_route=%2Fwp%2Fv2%2Fproduct_cat&post=2153"},{"taxonomy":"product_tag","embeddable":true,"href":"https:\/\/distribuidoraodes.com.mx\/index.php?rest_route=%2Fwp%2Fv2%2Fproduct_tag&post=2153"}],"curies":[{"name":"wp","href":"https:\/\/api.w.org\/{rel}","templated":true}]}}