{"id":2133,"date":"2026-05-07T00:22:01","date_gmt":"2026-05-07T00:22:01","guid":{"rendered":"https:\/\/distribuidoraodes.com.mx\/?post_type=product&#038;p=2133"},"modified":"2026-05-07T00:23:49","modified_gmt":"2026-05-07T00:23:49","slug":"llanta-maxxis-minion-dhf-26x2-50-alambre-60x2-tpi-dh","status":"publish","type":"product","link":"https:\/\/distribuidoraodes.com.mx\/?product=llanta-maxxis-minion-dhf-26x2-50-alambre-60x2-tpi-dh","title":{"rendered":"LLANTA MAXXIS MINION DHF \u2013 26\u00d72.50 \/ ALAMBRE \/ 60\u00d72 TPI \/ DH"},"content":{"rendered":"<p>Con un dise\u00f1o de banda de rodadura que equilibra a la perfecci\u00f3n la velocidad de rodadura con la frenada y la tracci\u00f3n en curvas, no es de extra\u00f1ar que la Minion DHF sea una de las cubiertas m\u00e1s imitadas del ciclismo de monta\u00f1a. Ya sea recorriendo senderos locales, una \u00e9pica de traves\u00eda, compitiendo en enduro o en descensos de la Copa del Mundo, hay una especificaci\u00f3n Minion DHF para satisfacer tus necesidades.<\/p>\n","protected":false},"excerpt":{"rendered":"<p><strong><span dir=\"auto\">Categor\u00eda:<\/span><\/strong><span dir=\"auto\">\u00a0\u00a0Trail, Enduro, Descenso.<br \/>\n<\/span><strong><span dir=\"auto\">Uso recomendado:<\/span><\/strong><span dir=\"auto\">\u00a0\u00a0Todas las condiciones del sendero.<br \/>\n<\/span><strong><span dir=\"auto\">Instalaci\u00f3n recomendada:<\/span><\/strong><span dir=\"auto\">\u00a0\u00a0Delantera.<\/span><\/p>\n<h2><strong>ESPECIFICACIONES<\/strong><\/h2>\n<p><strong>N\u00famero de parte:\u00a0<\/strong>TB74265700.<br \/>\n<strong>Medida:<\/strong>\u00a026 x 2.50.<br \/>\n<strong>ETRTO:\u00a0<\/strong><span dir=\"auto\">55-559<\/span><span dir=\"auto\">.<br \/>\n<strong>TPI:<\/strong>\u00a060.<br \/>\n<strong>Tipo de llanta:<\/strong>\u00a0Alambre.<br \/>\n<strong>PSI m\u00e1ximo:<\/strong>\u00a065.<br \/>\n<strong>Peso:<\/strong>\u00a01,249 g.<br \/>\n<strong>Color:<\/strong>\u00a0Negro.<br \/>\n<\/span><span dir=\"auto\"><strong>Compuesto:<\/strong>\u00a0Single<br \/>\n<strong>Tecnolog\u00edas<\/strong>: DH (Downhill).<\/span><\/p>\n<h2><strong>TECNOLOG\u00cdAS<\/strong><\/h2>\n<p><strong>DH (DOWNHILL)<\/strong><\/p>\n<div class=\"technology-content\">\n<div class=\"description\">\n<p><span dir=\"auto\">Se utilizan dos capas de material de carcasa de tal\u00f3n a tal\u00f3n, lo que proporciona protecci\u00f3n adicional y rigidez en las paredes laterales para aplicaciones de descenso.<\/span><\/p>\n<\/div>\n<\/div>\n","protected":false},"featured_media":2135,"comment_status":"open","ping_status":"closed","template":"","meta":[],"etheme_brands":[],"product_brand":[],"product_cat":[55],"product_tag":[],"class_list":{"0":"post-2133","1":"product","2":"type-product","3":"status-publish","4":"has-post-thumbnail","6":"product_cat-llantas-montana","8":"first","9":"instock","10":"shipping-taxable","11":"purchasable","12":"product-type-simple"},"yoast_head":"<!-- This site is optimized with the Yoast SEO Premium plugin v23.4 (Yoast SEO v23.4) - https:\/\/yoast.com\/wordpress\/plugins\/seo\/ -->\n<title>LLANTA MAXXIS MINION DHF \u2013 26\u00d72.50 \/ ALAMBRE \/ 60\u00d72 TPI \/ DH - ODES<\/title>\n<meta name=\"robots\" content=\"index, follow, max-snippet:-1, max-image-preview:large, max-video-preview:-1\" \/>\n<link rel=\"canonical\" href=\"https:\/\/distribuidoraodes.com.mx\/?product=llanta-maxxis-minion-dhf-26x2-50-alambre-60x2-tpi-dh\" \/>\n<meta property=\"og:locale\" content=\"es_MX\" \/>\n<meta property=\"og:type\" content=\"article\" \/>\n<meta property=\"og:title\" content=\"LLANTA MAXXIS MINION DHF \u2013 26\u00d72.50 \/ ALAMBRE \/ 60\u00d72 TPI \/ DH\" \/>\n<meta property=\"og:description\" content=\"Categor\u00eda:\u00a0\u00a0Trail, Enduro, Descenso. Uso recomendado:\u00a0\u00a0Todas las condiciones del sendero. Instalaci\u00f3n recomendada:\u00a0\u00a0Delantera. ESPECIFICACIONES N\u00famero de parte:\u00a0TB74265700. Medida:\u00a026 x 2.50. ETRTO:\u00a055-559. TPI:\u00a060. Tipo de llanta:\u00a0Alambre. PSI m\u00e1ximo:\u00a065. Peso:\u00a01,249 g. Color:\u00a0Negro. Compuesto:\u00a0Single Tecnolog\u00edas: DH (Downhill). TECNOLOG\u00cdAS DH (DOWNHILL)    Se utilizan dos capas de material de carcasa de tal\u00f3n a tal\u00f3n, lo que proporciona protecci\u00f3n adicional y rigidez en las paredes laterales para aplicaciones de descenso.\" \/>\n<meta property=\"og:url\" content=\"https:\/\/distribuidoraodes.com.mx\/?product=llanta-maxxis-minion-dhf-26x2-50-alambre-60x2-tpi-dh\" \/>\n<meta property=\"og:site_name\" content=\"ODES\" \/>\n<meta property=\"article:modified_time\" content=\"2026-05-07T00:23:49+00:00\" \/>\n<meta property=\"og:image\" content=\"https:\/\/distribuidoraodes.com.mx\/wp-content\/uploads\/2026\/05\/MINION-DHF-SIN-TECNOLOGIA.jpg\" \/>\n\t<meta property=\"og:image:width\" content=\"1200\" \/>\n\t<meta property=\"og:image:height\" content=\"1200\" \/>\n\t<meta property=\"og:image:type\" content=\"image\/jpeg\" \/>\n<meta name=\"twitter:card\" content=\"summary_large_image\" \/>\n<meta name=\"twitter:label1\" content=\"Tiempo de lectura\" \/>\n\t<meta name=\"twitter:data1\" content=\"1 minuto\" \/>\n<script type=\"application\/ld+json\" class=\"yoast-schema-graph\">{\"@context\":\"https:\/\/schema.org\",\"@graph\":[{\"@type\":\"WebPage\",\"@id\":\"https:\/\/distribuidoraodes.com.mx\/?product=llanta-maxxis-minion-dhf-26x2-50-alambre-60x2-tpi-dh\",\"url\":\"https:\/\/distribuidoraodes.com.mx\/?product=llanta-maxxis-minion-dhf-26x2-50-alambre-60x2-tpi-dh\",\"name\":\"LLANTA MAXXIS MINION DHF \u2013 26\u00d72.50 \/ ALAMBRE \/ 60\u00d72 TPI \/ DH - ODES\",\"isPartOf\":{\"@id\":\"https:\/\/distribuidoraodes.com.mx\/#website\"},\"primaryImageOfPage\":{\"@id\":\"https:\/\/distribuidoraodes.com.mx\/?product=llanta-maxxis-minion-dhf-26x2-50-alambre-60x2-tpi-dh#primaryimage\"},\"image\":{\"@id\":\"https:\/\/distribuidoraodes.com.mx\/?product=llanta-maxxis-minion-dhf-26x2-50-alambre-60x2-tpi-dh#primaryimage\"},\"thumbnailUrl\":\"https:\/\/distribuidoraodes.com.mx\/wp-content\/uploads\/2026\/05\/MINION-DHF-SIN-TECNOLOGIA.jpg\",\"datePublished\":\"2026-05-07T00:22:01+00:00\",\"dateModified\":\"2026-05-07T00:23:49+00:00\",\"breadcrumb\":{\"@id\":\"https:\/\/distribuidoraodes.com.mx\/?product=llanta-maxxis-minion-dhf-26x2-50-alambre-60x2-tpi-dh#breadcrumb\"},\"inLanguage\":\"es\",\"potentialAction\":[{\"@type\":\"ReadAction\",\"target\":[\"https:\/\/distribuidoraodes.com.mx\/?product=llanta-maxxis-minion-dhf-26x2-50-alambre-60x2-tpi-dh\"]}]},{\"@type\":\"ImageObject\",\"inLanguage\":\"es\",\"@id\":\"https:\/\/distribuidoraodes.com.mx\/?product=llanta-maxxis-minion-dhf-26x2-50-alambre-60x2-tpi-dh#primaryimage\",\"url\":\"https:\/\/distribuidoraodes.com.mx\/wp-content\/uploads\/2026\/05\/MINION-DHF-SIN-TECNOLOGIA.jpg\",\"contentUrl\":\"https:\/\/distribuidoraodes.com.mx\/wp-content\/uploads\/2026\/05\/MINION-DHF-SIN-TECNOLOGIA.jpg\",\"width\":1200,\"height\":1200},{\"@type\":\"BreadcrumbList\",\"@id\":\"https:\/\/distribuidoraodes.com.mx\/?product=llanta-maxxis-minion-dhf-26x2-50-alambre-60x2-tpi-dh#breadcrumb\",\"itemListElement\":[{\"@type\":\"ListItem\",\"position\":1,\"name\":\"Home\",\"item\":\"https:\/\/distribuidoraodes.com.mx\/\"},{\"@type\":\"ListItem\",\"position\":2,\"name\":\"Shop\",\"item\":\"https:\/\/distribuidoraodes.com.mx\/?page_id=12\"},{\"@type\":\"ListItem\",\"position\":3,\"name\":\"LLANTA MAXXIS MINION DHF \u2013 26\u00d72.50 \/ ALAMBRE \/ 60\u00d72 TPI \/ DH\"}]},{\"@type\":\"WebSite\",\"@id\":\"https:\/\/distribuidoraodes.com.mx\/#website\",\"url\":\"https:\/\/distribuidoraodes.com.mx\/\",\"name\":\"ODES\",\"description\":\"\",\"publisher\":{\"@id\":\"https:\/\/distribuidoraodes.com.mx\/#organization\"},\"alternateName\":\"ODES LLANTAS\",\"potentialAction\":[{\"@type\":\"SearchAction\",\"target\":{\"@type\":\"EntryPoint\",\"urlTemplate\":\"https:\/\/distribuidoraodes.com.mx\/?s={search_term_string}\"},\"query-input\":{\"@type\":\"PropertyValueSpecification\",\"valueRequired\":true,\"valueName\":\"search_term_string\"}}],\"inLanguage\":\"es\"},{\"@type\":\"Organization\",\"@id\":\"https:\/\/distribuidoraodes.com.mx\/#organization\",\"name\":\"ODES\",\"url\":\"https:\/\/distribuidoraodes.com.mx\/\",\"logo\":{\"@type\":\"ImageObject\",\"inLanguage\":\"es\",\"@id\":\"https:\/\/distribuidoraodes.com.mx\/#\/schema\/logo\/image\/\",\"url\":\"https:\/\/distribuidoraodes.com.mx\/wp-content\/uploads\/2022\/06\/Logo-cars-2x.png\",\"contentUrl\":\"https:\/\/distribuidoraodes.com.mx\/wp-content\/uploads\/2022\/06\/Logo-cars-2x.png\",\"width\":355,\"height\":130,\"caption\":\"ODES\"},\"image\":{\"@id\":\"https:\/\/distribuidoraodes.com.mx\/#\/schema\/logo\/image\/\"}}]}<\/script>\n<!-- \/ Yoast SEO Premium plugin. -->","yoast_head_json":{"title":"LLANTA MAXXIS MINION DHF \u2013 26\u00d72.50 \/ ALAMBRE \/ 60\u00d72 TPI \/ DH - ODES","robots":{"index":"index","follow":"follow","max-snippet":"max-snippet:-1","max-image-preview":"max-image-preview:large","max-video-preview":"max-video-preview:-1"},"canonical":"https:\/\/distribuidoraodes.com.mx\/?product=llanta-maxxis-minion-dhf-26x2-50-alambre-60x2-tpi-dh","og_locale":"es_MX","og_type":"article","og_title":"LLANTA MAXXIS MINION DHF \u2013 26\u00d72.50 \/ ALAMBRE \/ 60\u00d72 TPI \/ DH","og_description":"Categor\u00eda:\u00a0\u00a0Trail, Enduro, Descenso. Uso recomendado:\u00a0\u00a0Todas las condiciones del sendero. Instalaci\u00f3n recomendada:\u00a0\u00a0Delantera. ESPECIFICACIONES N\u00famero de parte:\u00a0TB74265700. Medida:\u00a026 x 2.50. ETRTO:\u00a055-559. TPI:\u00a060. Tipo de llanta:\u00a0Alambre. PSI m\u00e1ximo:\u00a065. Peso:\u00a01,249 g. Color:\u00a0Negro. Compuesto:\u00a0Single Tecnolog\u00edas: DH (Downhill). TECNOLOG\u00cdAS DH (DOWNHILL)    Se utilizan dos capas de material de carcasa de tal\u00f3n a tal\u00f3n, lo que proporciona protecci\u00f3n adicional y rigidez en las paredes laterales para aplicaciones de descenso.","og_url":"https:\/\/distribuidoraodes.com.mx\/?product=llanta-maxxis-minion-dhf-26x2-50-alambre-60x2-tpi-dh","og_site_name":"ODES","article_modified_time":"2026-05-07T00:23:49+00:00","og_image":[{"width":1200,"height":1200,"url":"https:\/\/distribuidoraodes.com.mx\/wp-content\/uploads\/2026\/05\/MINION-DHF-SIN-TECNOLOGIA.jpg","type":"image\/jpeg"}],"twitter_card":"summary_large_image","twitter_misc":{"Tiempo de lectura":"1 minuto"},"schema":{"@context":"https:\/\/schema.org","@graph":[{"@type":"WebPage","@id":"https:\/\/distribuidoraodes.com.mx\/?product=llanta-maxxis-minion-dhf-26x2-50-alambre-60x2-tpi-dh","url":"https:\/\/distribuidoraodes.com.mx\/?product=llanta-maxxis-minion-dhf-26x2-50-alambre-60x2-tpi-dh","name":"LLANTA MAXXIS MINION DHF \u2013 26\u00d72.50 \/ ALAMBRE \/ 60\u00d72 TPI \/ DH - ODES","isPartOf":{"@id":"https:\/\/distribuidoraodes.com.mx\/#website"},"primaryImageOfPage":{"@id":"https:\/\/distribuidoraodes.com.mx\/?product=llanta-maxxis-minion-dhf-26x2-50-alambre-60x2-tpi-dh#primaryimage"},"image":{"@id":"https:\/\/distribuidoraodes.com.mx\/?product=llanta-maxxis-minion-dhf-26x2-50-alambre-60x2-tpi-dh#primaryimage"},"thumbnailUrl":"https:\/\/distribuidoraodes.com.mx\/wp-content\/uploads\/2026\/05\/MINION-DHF-SIN-TECNOLOGIA.jpg","datePublished":"2026-05-07T00:22:01+00:00","dateModified":"2026-05-07T00:23:49+00:00","breadcrumb":{"@id":"https:\/\/distribuidoraodes.com.mx\/?product=llanta-maxxis-minion-dhf-26x2-50-alambre-60x2-tpi-dh#breadcrumb"},"inLanguage":"es","potentialAction":[{"@type":"ReadAction","target":["https:\/\/distribuidoraodes.com.mx\/?product=llanta-maxxis-minion-dhf-26x2-50-alambre-60x2-tpi-dh"]}]},{"@type":"ImageObject","inLanguage":"es","@id":"https:\/\/distribuidoraodes.com.mx\/?product=llanta-maxxis-minion-dhf-26x2-50-alambre-60x2-tpi-dh#primaryimage","url":"https:\/\/distribuidoraodes.com.mx\/wp-content\/uploads\/2026\/05\/MINION-DHF-SIN-TECNOLOGIA.jpg","contentUrl":"https:\/\/distribuidoraodes.com.mx\/wp-content\/uploads\/2026\/05\/MINION-DHF-SIN-TECNOLOGIA.jpg","width":1200,"height":1200},{"@type":"BreadcrumbList","@id":"https:\/\/distribuidoraodes.com.mx\/?product=llanta-maxxis-minion-dhf-26x2-50-alambre-60x2-tpi-dh#breadcrumb","itemListElement":[{"@type":"ListItem","position":1,"name":"Home","item":"https:\/\/distribuidoraodes.com.mx\/"},{"@type":"ListItem","position":2,"name":"Shop","item":"https:\/\/distribuidoraodes.com.mx\/?page_id=12"},{"@type":"ListItem","position":3,"name":"LLANTA MAXXIS MINION DHF \u2013 26\u00d72.50 \/ ALAMBRE \/ 60\u00d72 TPI \/ DH"}]},{"@type":"WebSite","@id":"https:\/\/distribuidoraodes.com.mx\/#website","url":"https:\/\/distribuidoraodes.com.mx\/","name":"ODES","description":"","publisher":{"@id":"https:\/\/distribuidoraodes.com.mx\/#organization"},"alternateName":"ODES LLANTAS","potentialAction":[{"@type":"SearchAction","target":{"@type":"EntryPoint","urlTemplate":"https:\/\/distribuidoraodes.com.mx\/?s={search_term_string}"},"query-input":{"@type":"PropertyValueSpecification","valueRequired":true,"valueName":"search_term_string"}}],"inLanguage":"es"},{"@type":"Organization","@id":"https:\/\/distribuidoraodes.com.mx\/#organization","name":"ODES","url":"https:\/\/distribuidoraodes.com.mx\/","logo":{"@type":"ImageObject","inLanguage":"es","@id":"https:\/\/distribuidoraodes.com.mx\/#\/schema\/logo\/image\/","url":"https:\/\/distribuidoraodes.com.mx\/wp-content\/uploads\/2022\/06\/Logo-cars-2x.png","contentUrl":"https:\/\/distribuidoraodes.com.mx\/wp-content\/uploads\/2022\/06\/Logo-cars-2x.png","width":355,"height":130,"caption":"ODES"},"image":{"@id":"https:\/\/distribuidoraodes.com.mx\/#\/schema\/logo\/image\/"}}]}},"_links":{"self":[{"href":"https:\/\/distribuidoraodes.com.mx\/index.php?rest_route=\/wp\/v2\/product\/2133","targetHints":{"allow":["GET"]}}],"collection":[{"href":"https:\/\/distribuidoraodes.com.mx\/index.php?rest_route=\/wp\/v2\/product"}],"about":[{"href":"https:\/\/distribuidoraodes.com.mx\/index.php?rest_route=\/wp\/v2\/types\/product"}],"replies":[{"embeddable":true,"href":"https:\/\/distribuidoraodes.com.mx\/index.php?rest_route=%2Fwp%2Fv2%2Fcomments&post=2133"}],"version-history":[{"count":1,"href":"https:\/\/distribuidoraodes.com.mx\/index.php?rest_route=\/wp\/v2\/product\/2133\/revisions"}],"predecessor-version":[{"id":2136,"href":"https:\/\/distribuidoraodes.com.mx\/index.php?rest_route=\/wp\/v2\/product\/2133\/revisions\/2136"}],"wp:featuredmedia":[{"embeddable":true,"href":"https:\/\/distribuidoraodes.com.mx\/index.php?rest_route=\/wp\/v2\/media\/2135"}],"wp:attachment":[{"href":"https:\/\/distribuidoraodes.com.mx\/index.php?rest_route=%2Fwp%2Fv2%2Fmedia&parent=2133"}],"wp:term":[{"taxonomy":"brand","embeddable":true,"href":"https:\/\/distribuidoraodes.com.mx\/index.php?rest_route=%2Fwp%2Fv2%2Fetheme_brands&post=2133"},{"taxonomy":"product_brand","embeddable":true,"href":"https:\/\/distribuidoraodes.com.mx\/index.php?rest_route=%2Fwp%2Fv2%2Fproduct_brand&post=2133"},{"taxonomy":"product_cat","embeddable":true,"href":"https:\/\/distribuidoraodes.com.mx\/index.php?rest_route=%2Fwp%2Fv2%2Fproduct_cat&post=2133"},{"taxonomy":"product_tag","embeddable":true,"href":"https:\/\/distribuidoraodes.com.mx\/index.php?rest_route=%2Fwp%2Fv2%2Fproduct_tag&post=2133"}],"curies":[{"name":"wp","href":"https:\/\/api.w.org\/{rel}","templated":true}]}}