{"id":2112,"date":"2026-05-07T00:03:13","date_gmt":"2026-05-07T00:03:13","guid":{"rendered":"https:\/\/distribuidoraodes.com.mx\/?post_type=product&#038;p=2112"},"modified":"2026-05-07T00:03:15","modified_gmt":"2026-05-07T00:03:15","slug":"llanta-pace-29x2-10-plegable-negro-60-tpi-exo-tr","status":"publish","type":"product","link":"https:\/\/distribuidoraodes.com.mx\/?product=llanta-pace-29x2-10-plegable-negro-60-tpi-exo-tr","title":{"rendered":"LLANTA PACE \u2013 29X2.10 \/ PLEGABLE \/ NEGRO \/ 60 TPI \/ EXO\/TR"},"content":{"rendered":"","protected":false},"excerpt":{"rendered":"<p>El Pace fue dise\u00f1ado para satisfacer las necesidades de nuestros corredores de la Copa del Mundo de XC.<\/p>\n<p>\u2013 Dise\u00f1o de perfil bajo.<\/p>\n<p>Un dise\u00f1o de banda de rodamiento (Callos) de gran volumen y bajo perfil ofrece una resistencia m\u00ednima a la rodadura (Callos) y una tracci\u00f3n constante a trav\u00e9s del perfil de la llanta. Las rodaduras (Callos) laterales continuas lo mantienen plantado donde la tracci\u00f3n es cr\u00edtica, y el solo compuesto equilibra la tracci\u00f3n y el desgaste de la banda de rodamiento.<\/p>\n","protected":false},"featured_media":2109,"comment_status":"open","ping_status":"closed","template":"","meta":[],"etheme_brands":[],"product_brand":[],"product_cat":[55],"product_tag":[],"class_list":{"0":"post-2112","1":"product","2":"type-product","3":"status-publish","4":"has-post-thumbnail","6":"product_cat-llantas-montana","8":"first","9":"instock","10":"shipping-taxable","11":"purchasable","12":"product-type-simple"},"yoast_head":"<!-- This site is optimized with the Yoast SEO Premium plugin v23.4 (Yoast SEO v23.4) - https:\/\/yoast.com\/wordpress\/plugins\/seo\/ -->\n<title>LLANTA PACE \u2013 29X2.10 \/ PLEGABLE \/ NEGRO \/ 60 TPI \/ EXO\/TR - ODES<\/title>\n<meta name=\"robots\" content=\"index, follow, max-snippet:-1, max-image-preview:large, max-video-preview:-1\" \/>\n<link rel=\"canonical\" href=\"https:\/\/distribuidoraodes.com.mx\/?product=llanta-pace-29x2-10-plegable-negro-60-tpi-exo-tr\" \/>\n<meta property=\"og:locale\" content=\"es_MX\" \/>\n<meta property=\"og:type\" content=\"article\" \/>\n<meta property=\"og:title\" content=\"LLANTA PACE \u2013 29X2.10 \/ PLEGABLE \/ NEGRO \/ 60 TPI \/ EXO\/TR\" \/>\n<meta property=\"og:description\" content=\"El Pace fue dise\u00f1ado para satisfacer las necesidades de nuestros corredores de la Copa del Mundo de XC.   \u2013 Dise\u00f1o de perfil bajo.   Un dise\u00f1o de banda de rodamiento (Callos) de gran volumen y bajo perfil ofrece una resistencia m\u00ednima a la rodadura (Callos) y una tracci\u00f3n constante a trav\u00e9s del perfil de la llanta. Las rodaduras (Callos) laterales continuas lo mantienen plantado donde la tracci\u00f3n es cr\u00edtica, y el solo compuesto equilibra la tracci\u00f3n y el desgaste de la banda de rodamiento.\" \/>\n<meta property=\"og:url\" content=\"https:\/\/distribuidoraodes.com.mx\/?product=llanta-pace-29x2-10-plegable-negro-60-tpi-exo-tr\" \/>\n<meta property=\"og:site_name\" content=\"ODES\" \/>\n<meta property=\"article:modified_time\" content=\"2026-05-07T00:03:15+00:00\" \/>\n<meta property=\"og:image\" content=\"https:\/\/distribuidoraodes.com.mx\/wp-content\/uploads\/2026\/05\/Llanta-PACE-1.jpg\" \/>\n\t<meta property=\"og:image:width\" content=\"1000\" \/>\n\t<meta property=\"og:image:height\" content=\"1000\" \/>\n\t<meta property=\"og:image:type\" content=\"image\/jpeg\" \/>\n<meta name=\"twitter:card\" content=\"summary_large_image\" \/>\n<meta name=\"twitter:label1\" content=\"Tiempo de lectura\" \/>\n\t<meta name=\"twitter:data1\" content=\"1 minuto\" \/>\n<script type=\"application\/ld+json\" class=\"yoast-schema-graph\">{\"@context\":\"https:\/\/schema.org\",\"@graph\":[{\"@type\":\"WebPage\",\"@id\":\"https:\/\/distribuidoraodes.com.mx\/?product=llanta-pace-29x2-10-plegable-negro-60-tpi-exo-tr\",\"url\":\"https:\/\/distribuidoraodes.com.mx\/?product=llanta-pace-29x2-10-plegable-negro-60-tpi-exo-tr\",\"name\":\"LLANTA PACE \u2013 29X2.10 \/ PLEGABLE \/ NEGRO \/ 60 TPI \/ EXO\/TR - ODES\",\"isPartOf\":{\"@id\":\"https:\/\/distribuidoraodes.com.mx\/#website\"},\"primaryImageOfPage\":{\"@id\":\"https:\/\/distribuidoraodes.com.mx\/?product=llanta-pace-29x2-10-plegable-negro-60-tpi-exo-tr#primaryimage\"},\"image\":{\"@id\":\"https:\/\/distribuidoraodes.com.mx\/?product=llanta-pace-29x2-10-plegable-negro-60-tpi-exo-tr#primaryimage\"},\"thumbnailUrl\":\"https:\/\/distribuidoraodes.com.mx\/wp-content\/uploads\/2026\/05\/Llanta-PACE-1.jpg\",\"datePublished\":\"2026-05-07T00:03:13+00:00\",\"dateModified\":\"2026-05-07T00:03:15+00:00\",\"breadcrumb\":{\"@id\":\"https:\/\/distribuidoraodes.com.mx\/?product=llanta-pace-29x2-10-plegable-negro-60-tpi-exo-tr#breadcrumb\"},\"inLanguage\":\"es\",\"potentialAction\":[{\"@type\":\"ReadAction\",\"target\":[\"https:\/\/distribuidoraodes.com.mx\/?product=llanta-pace-29x2-10-plegable-negro-60-tpi-exo-tr\"]}]},{\"@type\":\"ImageObject\",\"inLanguage\":\"es\",\"@id\":\"https:\/\/distribuidoraodes.com.mx\/?product=llanta-pace-29x2-10-plegable-negro-60-tpi-exo-tr#primaryimage\",\"url\":\"https:\/\/distribuidoraodes.com.mx\/wp-content\/uploads\/2026\/05\/Llanta-PACE-1.jpg\",\"contentUrl\":\"https:\/\/distribuidoraodes.com.mx\/wp-content\/uploads\/2026\/05\/Llanta-PACE-1.jpg\",\"width\":1000,\"height\":1000},{\"@type\":\"BreadcrumbList\",\"@id\":\"https:\/\/distribuidoraodes.com.mx\/?product=llanta-pace-29x2-10-plegable-negro-60-tpi-exo-tr#breadcrumb\",\"itemListElement\":[{\"@type\":\"ListItem\",\"position\":1,\"name\":\"Home\",\"item\":\"https:\/\/distribuidoraodes.com.mx\/\"},{\"@type\":\"ListItem\",\"position\":2,\"name\":\"Shop\",\"item\":\"https:\/\/distribuidoraodes.com.mx\/?page_id=12\"},{\"@type\":\"ListItem\",\"position\":3,\"name\":\"LLANTA PACE \u2013 29X2.10 \/ PLEGABLE \/ NEGRO \/ 60 TPI \/ EXO\/TR\"}]},{\"@type\":\"WebSite\",\"@id\":\"https:\/\/distribuidoraodes.com.mx\/#website\",\"url\":\"https:\/\/distribuidoraodes.com.mx\/\",\"name\":\"ODES\",\"description\":\"\",\"publisher\":{\"@id\":\"https:\/\/distribuidoraodes.com.mx\/#organization\"},\"alternateName\":\"ODES LLANTAS\",\"potentialAction\":[{\"@type\":\"SearchAction\",\"target\":{\"@type\":\"EntryPoint\",\"urlTemplate\":\"https:\/\/distribuidoraodes.com.mx\/?s={search_term_string}\"},\"query-input\":{\"@type\":\"PropertyValueSpecification\",\"valueRequired\":true,\"valueName\":\"search_term_string\"}}],\"inLanguage\":\"es\"},{\"@type\":\"Organization\",\"@id\":\"https:\/\/distribuidoraodes.com.mx\/#organization\",\"name\":\"ODES\",\"url\":\"https:\/\/distribuidoraodes.com.mx\/\",\"logo\":{\"@type\":\"ImageObject\",\"inLanguage\":\"es\",\"@id\":\"https:\/\/distribuidoraodes.com.mx\/#\/schema\/logo\/image\/\",\"url\":\"https:\/\/distribuidoraodes.com.mx\/wp-content\/uploads\/2022\/06\/Logo-cars-2x.png\",\"contentUrl\":\"https:\/\/distribuidoraodes.com.mx\/wp-content\/uploads\/2022\/06\/Logo-cars-2x.png\",\"width\":355,\"height\":130,\"caption\":\"ODES\"},\"image\":{\"@id\":\"https:\/\/distribuidoraodes.com.mx\/#\/schema\/logo\/image\/\"}}]}<\/script>\n<!-- \/ Yoast SEO Premium plugin. -->","yoast_head_json":{"title":"LLANTA PACE \u2013 29X2.10 \/ PLEGABLE \/ NEGRO \/ 60 TPI \/ EXO\/TR - ODES","robots":{"index":"index","follow":"follow","max-snippet":"max-snippet:-1","max-image-preview":"max-image-preview:large","max-video-preview":"max-video-preview:-1"},"canonical":"https:\/\/distribuidoraodes.com.mx\/?product=llanta-pace-29x2-10-plegable-negro-60-tpi-exo-tr","og_locale":"es_MX","og_type":"article","og_title":"LLANTA PACE \u2013 29X2.10 \/ PLEGABLE \/ NEGRO \/ 60 TPI \/ EXO\/TR","og_description":"El Pace fue dise\u00f1ado para satisfacer las necesidades de nuestros corredores de la Copa del Mundo de XC.   \u2013 Dise\u00f1o de perfil bajo.   Un dise\u00f1o de banda de rodamiento (Callos) de gran volumen y bajo perfil ofrece una resistencia m\u00ednima a la rodadura (Callos) y una tracci\u00f3n constante a trav\u00e9s del perfil de la llanta. Las rodaduras (Callos) laterales continuas lo mantienen plantado donde la tracci\u00f3n es cr\u00edtica, y el solo compuesto equilibra la tracci\u00f3n y el desgaste de la banda de rodamiento.","og_url":"https:\/\/distribuidoraodes.com.mx\/?product=llanta-pace-29x2-10-plegable-negro-60-tpi-exo-tr","og_site_name":"ODES","article_modified_time":"2026-05-07T00:03:15+00:00","og_image":[{"width":1000,"height":1000,"url":"https:\/\/distribuidoraodes.com.mx\/wp-content\/uploads\/2026\/05\/Llanta-PACE-1.jpg","type":"image\/jpeg"}],"twitter_card":"summary_large_image","twitter_misc":{"Tiempo de lectura":"1 minuto"},"schema":{"@context":"https:\/\/schema.org","@graph":[{"@type":"WebPage","@id":"https:\/\/distribuidoraodes.com.mx\/?product=llanta-pace-29x2-10-plegable-negro-60-tpi-exo-tr","url":"https:\/\/distribuidoraodes.com.mx\/?product=llanta-pace-29x2-10-plegable-negro-60-tpi-exo-tr","name":"LLANTA PACE \u2013 29X2.10 \/ PLEGABLE \/ NEGRO \/ 60 TPI \/ EXO\/TR - ODES","isPartOf":{"@id":"https:\/\/distribuidoraodes.com.mx\/#website"},"primaryImageOfPage":{"@id":"https:\/\/distribuidoraodes.com.mx\/?product=llanta-pace-29x2-10-plegable-negro-60-tpi-exo-tr#primaryimage"},"image":{"@id":"https:\/\/distribuidoraodes.com.mx\/?product=llanta-pace-29x2-10-plegable-negro-60-tpi-exo-tr#primaryimage"},"thumbnailUrl":"https:\/\/distribuidoraodes.com.mx\/wp-content\/uploads\/2026\/05\/Llanta-PACE-1.jpg","datePublished":"2026-05-07T00:03:13+00:00","dateModified":"2026-05-07T00:03:15+00:00","breadcrumb":{"@id":"https:\/\/distribuidoraodes.com.mx\/?product=llanta-pace-29x2-10-plegable-negro-60-tpi-exo-tr#breadcrumb"},"inLanguage":"es","potentialAction":[{"@type":"ReadAction","target":["https:\/\/distribuidoraodes.com.mx\/?product=llanta-pace-29x2-10-plegable-negro-60-tpi-exo-tr"]}]},{"@type":"ImageObject","inLanguage":"es","@id":"https:\/\/distribuidoraodes.com.mx\/?product=llanta-pace-29x2-10-plegable-negro-60-tpi-exo-tr#primaryimage","url":"https:\/\/distribuidoraodes.com.mx\/wp-content\/uploads\/2026\/05\/Llanta-PACE-1.jpg","contentUrl":"https:\/\/distribuidoraodes.com.mx\/wp-content\/uploads\/2026\/05\/Llanta-PACE-1.jpg","width":1000,"height":1000},{"@type":"BreadcrumbList","@id":"https:\/\/distribuidoraodes.com.mx\/?product=llanta-pace-29x2-10-plegable-negro-60-tpi-exo-tr#breadcrumb","itemListElement":[{"@type":"ListItem","position":1,"name":"Home","item":"https:\/\/distribuidoraodes.com.mx\/"},{"@type":"ListItem","position":2,"name":"Shop","item":"https:\/\/distribuidoraodes.com.mx\/?page_id=12"},{"@type":"ListItem","position":3,"name":"LLANTA PACE \u2013 29X2.10 \/ PLEGABLE \/ NEGRO \/ 60 TPI \/ EXO\/TR"}]},{"@type":"WebSite","@id":"https:\/\/distribuidoraodes.com.mx\/#website","url":"https:\/\/distribuidoraodes.com.mx\/","name":"ODES","description":"","publisher":{"@id":"https:\/\/distribuidoraodes.com.mx\/#organization"},"alternateName":"ODES LLANTAS","potentialAction":[{"@type":"SearchAction","target":{"@type":"EntryPoint","urlTemplate":"https:\/\/distribuidoraodes.com.mx\/?s={search_term_string}"},"query-input":{"@type":"PropertyValueSpecification","valueRequired":true,"valueName":"search_term_string"}}],"inLanguage":"es"},{"@type":"Organization","@id":"https:\/\/distribuidoraodes.com.mx\/#organization","name":"ODES","url":"https:\/\/distribuidoraodes.com.mx\/","logo":{"@type":"ImageObject","inLanguage":"es","@id":"https:\/\/distribuidoraodes.com.mx\/#\/schema\/logo\/image\/","url":"https:\/\/distribuidoraodes.com.mx\/wp-content\/uploads\/2022\/06\/Logo-cars-2x.png","contentUrl":"https:\/\/distribuidoraodes.com.mx\/wp-content\/uploads\/2022\/06\/Logo-cars-2x.png","width":355,"height":130,"caption":"ODES"},"image":{"@id":"https:\/\/distribuidoraodes.com.mx\/#\/schema\/logo\/image\/"}}]}},"_links":{"self":[{"href":"https:\/\/distribuidoraodes.com.mx\/index.php?rest_route=\/wp\/v2\/product\/2112","targetHints":{"allow":["GET"]}}],"collection":[{"href":"https:\/\/distribuidoraodes.com.mx\/index.php?rest_route=\/wp\/v2\/product"}],"about":[{"href":"https:\/\/distribuidoraodes.com.mx\/index.php?rest_route=\/wp\/v2\/types\/product"}],"replies":[{"embeddable":true,"href":"https:\/\/distribuidoraodes.com.mx\/index.php?rest_route=%2Fwp%2Fv2%2Fcomments&post=2112"}],"version-history":[{"count":1,"href":"https:\/\/distribuidoraodes.com.mx\/index.php?rest_route=\/wp\/v2\/product\/2112\/revisions"}],"predecessor-version":[{"id":2113,"href":"https:\/\/distribuidoraodes.com.mx\/index.php?rest_route=\/wp\/v2\/product\/2112\/revisions\/2113"}],"wp:featuredmedia":[{"embeddable":true,"href":"https:\/\/distribuidoraodes.com.mx\/index.php?rest_route=\/wp\/v2\/media\/2109"}],"wp:attachment":[{"href":"https:\/\/distribuidoraodes.com.mx\/index.php?rest_route=%2Fwp%2Fv2%2Fmedia&parent=2112"}],"wp:term":[{"taxonomy":"brand","embeddable":true,"href":"https:\/\/distribuidoraodes.com.mx\/index.php?rest_route=%2Fwp%2Fv2%2Fetheme_brands&post=2112"},{"taxonomy":"product_brand","embeddable":true,"href":"https:\/\/distribuidoraodes.com.mx\/index.php?rest_route=%2Fwp%2Fv2%2Fproduct_brand&post=2112"},{"taxonomy":"product_cat","embeddable":true,"href":"https:\/\/distribuidoraodes.com.mx\/index.php?rest_route=%2Fwp%2Fv2%2Fproduct_cat&post=2112"},{"taxonomy":"product_tag","embeddable":true,"href":"https:\/\/distribuidoraodes.com.mx\/index.php?rest_route=%2Fwp%2Fv2%2Fproduct_tag&post=2112"}],"curies":[{"name":"wp","href":"https:\/\/api.w.org\/{rel}","templated":true}]}}