{"id":2087,"date":"2026-05-06T23:46:20","date_gmt":"2026-05-06T23:46:20","guid":{"rendered":"https:\/\/distribuidoraodes.com.mx\/?post_type=product&#038;p=2087"},"modified":"2026-05-06T23:46:22","modified_gmt":"2026-05-06T23:46:22","slug":"llantas-aspen-29x2-4-plegable-170-tpi-maxxspeed-exo-tr","status":"publish","type":"product","link":"https:\/\/distribuidoraodes.com.mx\/?product=llantas-aspen-29x2-4-plegable-170-tpi-maxxspeed-exo-tr","title":{"rendered":"LLANTAS ASPEN \/ 29X2.4 \/ PLEGABLE \/ 170 TPI \/ MAXXSPEED\/EXO\/TR"},"content":{"rendered":"","protected":false},"excerpt":{"rendered":"<p>\u2013 Cubierta de gran volumen.<br \/>\n\u2013 Llanta ligera de competici\u00f3n XC.<br \/>\n\u2013 Dise\u00f1o de perfil bajo inspirado en la competici\u00f3n.<\/p>\n<p>Maxxis lo ha vuelto a hacer con su \u00faltima llanta de competici\u00f3n XC. El nuevo Maxxis Aspen supera los l\u00edmites de una llanta XC ligera dise\u00f1ada para tener una resistencia m\u00ednima a la rodadura. El Aspen est\u00e1 dise\u00f1ado con una cubierta de alto volumen para alisar las ra\u00edces y rocas m\u00e1s \u00e1speras, mientras que los compuestos duales proporcionan una tracci\u00f3n \u00f3ptima en las curvas. As\u00ed que si cruzar la l\u00ednea de meta primero es su prioridad, entonces el Aspen fue dise\u00f1ado para usted.<\/p>\n","protected":false},"featured_media":2090,"comment_status":"open","ping_status":"closed","template":"","meta":[],"etheme_brands":[],"product_brand":[],"product_cat":[55],"product_tag":[],"class_list":{"0":"post-2087","1":"product","2":"type-product","3":"status-publish","4":"has-post-thumbnail","6":"product_cat-llantas-montana","8":"first","9":"instock","10":"shipping-taxable","11":"purchasable","12":"product-type-simple"},"yoast_head":"<!-- This site is optimized with the Yoast SEO Premium plugin v23.4 (Yoast SEO v23.4) - https:\/\/yoast.com\/wordpress\/plugins\/seo\/ -->\n<title>LLANTAS ASPEN \/ 29X2.4 \/ PLEGABLE \/ 170 TPI \/ MAXXSPEED\/EXO\/TR - ODES<\/title>\n<meta name=\"robots\" content=\"index, follow, max-snippet:-1, max-image-preview:large, max-video-preview:-1\" \/>\n<link rel=\"canonical\" href=\"https:\/\/distribuidoraodes.com.mx\/?product=llantas-aspen-29x2-4-plegable-170-tpi-maxxspeed-exo-tr\" \/>\n<meta property=\"og:locale\" content=\"es_MX\" \/>\n<meta property=\"og:type\" content=\"article\" \/>\n<meta property=\"og:title\" content=\"LLANTAS ASPEN \/ 29X2.4 \/ PLEGABLE \/ 170 TPI \/ MAXXSPEED\/EXO\/TR\" \/>\n<meta property=\"og:description\" content=\"\u2013 Cubierta de gran volumen. \u2013 Llanta ligera de competici\u00f3n XC. \u2013 Dise\u00f1o de perfil bajo inspirado en la competici\u00f3n.  Maxxis lo ha vuelto a hacer con su \u00faltima llanta de competici\u00f3n XC. El nuevo Maxxis Aspen supera los l\u00edmites de una llanta XC ligera dise\u00f1ada para tener una resistencia m\u00ednima a la rodadura. El Aspen est\u00e1 dise\u00f1ado con una cubierta de alto volumen para alisar las ra\u00edces y rocas m\u00e1s \u00e1speras, mientras que los compuestos duales proporcionan una tracci\u00f3n \u00f3ptima en las curvas. As\u00ed que si cruzar la l\u00ednea de meta primero es su prioridad, entonces el Aspen fue dise\u00f1ado para usted.\" \/>\n<meta property=\"og:url\" content=\"https:\/\/distribuidoraodes.com.mx\/?product=llantas-aspen-29x2-4-plegable-170-tpi-maxxspeed-exo-tr\" \/>\n<meta property=\"og:site_name\" content=\"ODES\" \/>\n<meta property=\"article:modified_time\" content=\"2026-05-06T23:46:22+00:00\" \/>\n<meta property=\"og:image\" content=\"https:\/\/distribuidoraodes.com.mx\/wp-content\/uploads\/2026\/05\/Llanta-ASPEN-1-1.jpg\" \/>\n\t<meta property=\"og:image:width\" content=\"1000\" \/>\n\t<meta property=\"og:image:height\" content=\"1000\" \/>\n\t<meta property=\"og:image:type\" content=\"image\/jpeg\" \/>\n<meta name=\"twitter:card\" content=\"summary_large_image\" \/>\n<meta name=\"twitter:label1\" content=\"Tiempo de lectura\" \/>\n\t<meta name=\"twitter:data1\" content=\"1 minuto\" \/>\n<script type=\"application\/ld+json\" class=\"yoast-schema-graph\">{\"@context\":\"https:\/\/schema.org\",\"@graph\":[{\"@type\":\"WebPage\",\"@id\":\"https:\/\/distribuidoraodes.com.mx\/?product=llantas-aspen-29x2-4-plegable-170-tpi-maxxspeed-exo-tr\",\"url\":\"https:\/\/distribuidoraodes.com.mx\/?product=llantas-aspen-29x2-4-plegable-170-tpi-maxxspeed-exo-tr\",\"name\":\"LLANTAS ASPEN \/ 29X2.4 \/ PLEGABLE \/ 170 TPI \/ MAXXSPEED\/EXO\/TR - ODES\",\"isPartOf\":{\"@id\":\"https:\/\/distribuidoraodes.com.mx\/#website\"},\"primaryImageOfPage\":{\"@id\":\"https:\/\/distribuidoraodes.com.mx\/?product=llantas-aspen-29x2-4-plegable-170-tpi-maxxspeed-exo-tr#primaryimage\"},\"image\":{\"@id\":\"https:\/\/distribuidoraodes.com.mx\/?product=llantas-aspen-29x2-4-plegable-170-tpi-maxxspeed-exo-tr#primaryimage\"},\"thumbnailUrl\":\"https:\/\/distribuidoraodes.com.mx\/wp-content\/uploads\/2026\/05\/Llanta-ASPEN-1-1.jpg\",\"datePublished\":\"2026-05-06T23:46:20+00:00\",\"dateModified\":\"2026-05-06T23:46:22+00:00\",\"breadcrumb\":{\"@id\":\"https:\/\/distribuidoraodes.com.mx\/?product=llantas-aspen-29x2-4-plegable-170-tpi-maxxspeed-exo-tr#breadcrumb\"},\"inLanguage\":\"es\",\"potentialAction\":[{\"@type\":\"ReadAction\",\"target\":[\"https:\/\/distribuidoraodes.com.mx\/?product=llantas-aspen-29x2-4-plegable-170-tpi-maxxspeed-exo-tr\"]}]},{\"@type\":\"ImageObject\",\"inLanguage\":\"es\",\"@id\":\"https:\/\/distribuidoraodes.com.mx\/?product=llantas-aspen-29x2-4-plegable-170-tpi-maxxspeed-exo-tr#primaryimage\",\"url\":\"https:\/\/distribuidoraodes.com.mx\/wp-content\/uploads\/2026\/05\/Llanta-ASPEN-1-1.jpg\",\"contentUrl\":\"https:\/\/distribuidoraodes.com.mx\/wp-content\/uploads\/2026\/05\/Llanta-ASPEN-1-1.jpg\",\"width\":1000,\"height\":1000},{\"@type\":\"BreadcrumbList\",\"@id\":\"https:\/\/distribuidoraodes.com.mx\/?product=llantas-aspen-29x2-4-plegable-170-tpi-maxxspeed-exo-tr#breadcrumb\",\"itemListElement\":[{\"@type\":\"ListItem\",\"position\":1,\"name\":\"Home\",\"item\":\"https:\/\/distribuidoraodes.com.mx\/\"},{\"@type\":\"ListItem\",\"position\":2,\"name\":\"Shop\",\"item\":\"https:\/\/distribuidoraodes.com.mx\/?page_id=12\"},{\"@type\":\"ListItem\",\"position\":3,\"name\":\"LLANTAS ASPEN \/ 29X2.4 \/ PLEGABLE \/ 170 TPI \/ MAXXSPEED\/EXO\/TR\"}]},{\"@type\":\"WebSite\",\"@id\":\"https:\/\/distribuidoraodes.com.mx\/#website\",\"url\":\"https:\/\/distribuidoraodes.com.mx\/\",\"name\":\"ODES\",\"description\":\"\",\"publisher\":{\"@id\":\"https:\/\/distribuidoraodes.com.mx\/#organization\"},\"alternateName\":\"ODES LLANTAS\",\"potentialAction\":[{\"@type\":\"SearchAction\",\"target\":{\"@type\":\"EntryPoint\",\"urlTemplate\":\"https:\/\/distribuidoraodes.com.mx\/?s={search_term_string}\"},\"query-input\":{\"@type\":\"PropertyValueSpecification\",\"valueRequired\":true,\"valueName\":\"search_term_string\"}}],\"inLanguage\":\"es\"},{\"@type\":\"Organization\",\"@id\":\"https:\/\/distribuidoraodes.com.mx\/#organization\",\"name\":\"ODES\",\"url\":\"https:\/\/distribuidoraodes.com.mx\/\",\"logo\":{\"@type\":\"ImageObject\",\"inLanguage\":\"es\",\"@id\":\"https:\/\/distribuidoraodes.com.mx\/#\/schema\/logo\/image\/\",\"url\":\"https:\/\/distribuidoraodes.com.mx\/wp-content\/uploads\/2022\/06\/Logo-cars-2x.png\",\"contentUrl\":\"https:\/\/distribuidoraodes.com.mx\/wp-content\/uploads\/2022\/06\/Logo-cars-2x.png\",\"width\":355,\"height\":130,\"caption\":\"ODES\"},\"image\":{\"@id\":\"https:\/\/distribuidoraodes.com.mx\/#\/schema\/logo\/image\/\"}}]}<\/script>\n<!-- \/ Yoast SEO Premium plugin. -->","yoast_head_json":{"title":"LLANTAS ASPEN \/ 29X2.4 \/ PLEGABLE \/ 170 TPI \/ MAXXSPEED\/EXO\/TR - ODES","robots":{"index":"index","follow":"follow","max-snippet":"max-snippet:-1","max-image-preview":"max-image-preview:large","max-video-preview":"max-video-preview:-1"},"canonical":"https:\/\/distribuidoraodes.com.mx\/?product=llantas-aspen-29x2-4-plegable-170-tpi-maxxspeed-exo-tr","og_locale":"es_MX","og_type":"article","og_title":"LLANTAS ASPEN \/ 29X2.4 \/ PLEGABLE \/ 170 TPI \/ MAXXSPEED\/EXO\/TR","og_description":"\u2013 Cubierta de gran volumen. \u2013 Llanta ligera de competici\u00f3n XC. \u2013 Dise\u00f1o de perfil bajo inspirado en la competici\u00f3n.  Maxxis lo ha vuelto a hacer con su \u00faltima llanta de competici\u00f3n XC. El nuevo Maxxis Aspen supera los l\u00edmites de una llanta XC ligera dise\u00f1ada para tener una resistencia m\u00ednima a la rodadura. El Aspen est\u00e1 dise\u00f1ado con una cubierta de alto volumen para alisar las ra\u00edces y rocas m\u00e1s \u00e1speras, mientras que los compuestos duales proporcionan una tracci\u00f3n \u00f3ptima en las curvas. As\u00ed que si cruzar la l\u00ednea de meta primero es su prioridad, entonces el Aspen fue dise\u00f1ado para usted.","og_url":"https:\/\/distribuidoraodes.com.mx\/?product=llantas-aspen-29x2-4-plegable-170-tpi-maxxspeed-exo-tr","og_site_name":"ODES","article_modified_time":"2026-05-06T23:46:22+00:00","og_image":[{"width":1000,"height":1000,"url":"https:\/\/distribuidoraodes.com.mx\/wp-content\/uploads\/2026\/05\/Llanta-ASPEN-1-1.jpg","type":"image\/jpeg"}],"twitter_card":"summary_large_image","twitter_misc":{"Tiempo de lectura":"1 minuto"},"schema":{"@context":"https:\/\/schema.org","@graph":[{"@type":"WebPage","@id":"https:\/\/distribuidoraodes.com.mx\/?product=llantas-aspen-29x2-4-plegable-170-tpi-maxxspeed-exo-tr","url":"https:\/\/distribuidoraodes.com.mx\/?product=llantas-aspen-29x2-4-plegable-170-tpi-maxxspeed-exo-tr","name":"LLANTAS ASPEN \/ 29X2.4 \/ PLEGABLE \/ 170 TPI \/ MAXXSPEED\/EXO\/TR - ODES","isPartOf":{"@id":"https:\/\/distribuidoraodes.com.mx\/#website"},"primaryImageOfPage":{"@id":"https:\/\/distribuidoraodes.com.mx\/?product=llantas-aspen-29x2-4-plegable-170-tpi-maxxspeed-exo-tr#primaryimage"},"image":{"@id":"https:\/\/distribuidoraodes.com.mx\/?product=llantas-aspen-29x2-4-plegable-170-tpi-maxxspeed-exo-tr#primaryimage"},"thumbnailUrl":"https:\/\/distribuidoraodes.com.mx\/wp-content\/uploads\/2026\/05\/Llanta-ASPEN-1-1.jpg","datePublished":"2026-05-06T23:46:20+00:00","dateModified":"2026-05-06T23:46:22+00:00","breadcrumb":{"@id":"https:\/\/distribuidoraodes.com.mx\/?product=llantas-aspen-29x2-4-plegable-170-tpi-maxxspeed-exo-tr#breadcrumb"},"inLanguage":"es","potentialAction":[{"@type":"ReadAction","target":["https:\/\/distribuidoraodes.com.mx\/?product=llantas-aspen-29x2-4-plegable-170-tpi-maxxspeed-exo-tr"]}]},{"@type":"ImageObject","inLanguage":"es","@id":"https:\/\/distribuidoraodes.com.mx\/?product=llantas-aspen-29x2-4-plegable-170-tpi-maxxspeed-exo-tr#primaryimage","url":"https:\/\/distribuidoraodes.com.mx\/wp-content\/uploads\/2026\/05\/Llanta-ASPEN-1-1.jpg","contentUrl":"https:\/\/distribuidoraodes.com.mx\/wp-content\/uploads\/2026\/05\/Llanta-ASPEN-1-1.jpg","width":1000,"height":1000},{"@type":"BreadcrumbList","@id":"https:\/\/distribuidoraodes.com.mx\/?product=llantas-aspen-29x2-4-plegable-170-tpi-maxxspeed-exo-tr#breadcrumb","itemListElement":[{"@type":"ListItem","position":1,"name":"Home","item":"https:\/\/distribuidoraodes.com.mx\/"},{"@type":"ListItem","position":2,"name":"Shop","item":"https:\/\/distribuidoraodes.com.mx\/?page_id=12"},{"@type":"ListItem","position":3,"name":"LLANTAS ASPEN \/ 29X2.4 \/ PLEGABLE \/ 170 TPI \/ MAXXSPEED\/EXO\/TR"}]},{"@type":"WebSite","@id":"https:\/\/distribuidoraodes.com.mx\/#website","url":"https:\/\/distribuidoraodes.com.mx\/","name":"ODES","description":"","publisher":{"@id":"https:\/\/distribuidoraodes.com.mx\/#organization"},"alternateName":"ODES LLANTAS","potentialAction":[{"@type":"SearchAction","target":{"@type":"EntryPoint","urlTemplate":"https:\/\/distribuidoraodes.com.mx\/?s={search_term_string}"},"query-input":{"@type":"PropertyValueSpecification","valueRequired":true,"valueName":"search_term_string"}}],"inLanguage":"es"},{"@type":"Organization","@id":"https:\/\/distribuidoraodes.com.mx\/#organization","name":"ODES","url":"https:\/\/distribuidoraodes.com.mx\/","logo":{"@type":"ImageObject","inLanguage":"es","@id":"https:\/\/distribuidoraodes.com.mx\/#\/schema\/logo\/image\/","url":"https:\/\/distribuidoraodes.com.mx\/wp-content\/uploads\/2022\/06\/Logo-cars-2x.png","contentUrl":"https:\/\/distribuidoraodes.com.mx\/wp-content\/uploads\/2022\/06\/Logo-cars-2x.png","width":355,"height":130,"caption":"ODES"},"image":{"@id":"https:\/\/distribuidoraodes.com.mx\/#\/schema\/logo\/image\/"}}]}},"_links":{"self":[{"href":"https:\/\/distribuidoraodes.com.mx\/index.php?rest_route=\/wp\/v2\/product\/2087","targetHints":{"allow":["GET"]}}],"collection":[{"href":"https:\/\/distribuidoraodes.com.mx\/index.php?rest_route=\/wp\/v2\/product"}],"about":[{"href":"https:\/\/distribuidoraodes.com.mx\/index.php?rest_route=\/wp\/v2\/types\/product"}],"replies":[{"embeddable":true,"href":"https:\/\/distribuidoraodes.com.mx\/index.php?rest_route=%2Fwp%2Fv2%2Fcomments&post=2087"}],"version-history":[{"count":1,"href":"https:\/\/distribuidoraodes.com.mx\/index.php?rest_route=\/wp\/v2\/product\/2087\/revisions"}],"predecessor-version":[{"id":2091,"href":"https:\/\/distribuidoraodes.com.mx\/index.php?rest_route=\/wp\/v2\/product\/2087\/revisions\/2091"}],"wp:featuredmedia":[{"embeddable":true,"href":"https:\/\/distribuidoraodes.com.mx\/index.php?rest_route=\/wp\/v2\/media\/2090"}],"wp:attachment":[{"href":"https:\/\/distribuidoraodes.com.mx\/index.php?rest_route=%2Fwp%2Fv2%2Fmedia&parent=2087"}],"wp:term":[{"taxonomy":"brand","embeddable":true,"href":"https:\/\/distribuidoraodes.com.mx\/index.php?rest_route=%2Fwp%2Fv2%2Fetheme_brands&post=2087"},{"taxonomy":"product_brand","embeddable":true,"href":"https:\/\/distribuidoraodes.com.mx\/index.php?rest_route=%2Fwp%2Fv2%2Fproduct_brand&post=2087"},{"taxonomy":"product_cat","embeddable":true,"href":"https:\/\/distribuidoraodes.com.mx\/index.php?rest_route=%2Fwp%2Fv2%2Fproduct_cat&post=2087"},{"taxonomy":"product_tag","embeddable":true,"href":"https:\/\/distribuidoraodes.com.mx\/index.php?rest_route=%2Fwp%2Fv2%2Fproduct_tag&post=2087"}],"curies":[{"name":"wp","href":"https:\/\/api.w.org\/{rel}","templated":true}]}}