{"id":2073,"date":"2026-05-06T23:38:35","date_gmt":"2026-05-06T23:38:35","guid":{"rendered":"https:\/\/distribuidoraodes.com.mx\/?post_type=product&#038;p=2073"},"modified":"2026-05-06T23:38:37","modified_gmt":"2026-05-06T23:38:37","slug":"llanta-maxxis-forekaster-27-5x2-4-alambre-60-tpi","status":"publish","type":"product","link":"https:\/\/distribuidoraodes.com.mx\/?product=llanta-maxxis-forekaster-27-5x2-4-alambre-60-tpi","title":{"rendered":"LLANTA MAXXIS FOREKASTER \u2013 27.5\u00d72.4 \/ ALAMBRE \/ 60 TPI"},"content":{"rendered":"<p><strong>Categor\u00eda<\/strong>: XC Race, XC, Trail.<br \/>\n<strong>Uso recomendado:<\/strong>\u00a0Condiciones de trail sueltas o h\u00famedas en primavera\/oto\u00f1o.<br \/>\n<strong>Instalaci\u00f3n recomendada:<\/strong>\u00a0Delantera o trasera.<\/p>\n<h2>ESPECIFICACIONES<\/h2>\n<p><strong>N\u00famero de parte:\u00a0<\/strong>TB00474700.<br \/>\n<strong>Medida:<\/strong>\u00a027.5\u00d72.4.<br \/>\n<span dir=\"auto\"><strong>TPI:<\/strong>\u00a060.<br \/>\n<strong>Tipo de llanta:<\/strong>\u00a0Alambre.<br \/>\n<strong>Color:<\/strong>\u00a0Negro.<\/span><\/p>\n","protected":false},"excerpt":{"rendered":"<p>El Forekaster original se dise\u00f1\u00f3 como una opci\u00f3n para condiciones meteorol\u00f3gicas adversas en XC, mientras que la nueva versi\u00f3n est\u00e1 dirigida directamente a las modernas bicicletas de trail de recorrido corto (100 mm-130 mm), tambi\u00e9n conocidas como el segmento \u00abdowncountry\u00bb. Con la intenci\u00f3n de ser una cubierta \u00abGoldilocks\u00bb, la nueva Forekaster rueda r\u00e1pido, pero tambi\u00e9n proporciona una s\u00f3lida tracci\u00f3n en curvas y frenadas en una amplia gama de condiciones de trail.<\/p>\n","protected":false},"featured_media":2071,"comment_status":"open","ping_status":"closed","template":"","meta":[],"etheme_brands":[],"product_brand":[],"product_cat":[55],"product_tag":[],"class_list":{"0":"post-2073","1":"product","2":"type-product","3":"status-publish","4":"has-post-thumbnail","6":"product_cat-llantas-montana","8":"first","9":"instock","10":"shipping-taxable","11":"purchasable","12":"product-type-simple"},"yoast_head":"<!-- This site is optimized with the Yoast SEO Premium plugin v23.4 (Yoast SEO v23.4) - https:\/\/yoast.com\/wordpress\/plugins\/seo\/ -->\n<title>LLANTA MAXXIS FOREKASTER \u2013 27.5\u00d72.4 \/ ALAMBRE \/ 60 TPI - ODES<\/title>\n<meta name=\"robots\" content=\"index, follow, max-snippet:-1, max-image-preview:large, max-video-preview:-1\" \/>\n<link rel=\"canonical\" href=\"https:\/\/distribuidoraodes.com.mx\/?product=llanta-maxxis-forekaster-27-5x2-4-alambre-60-tpi\" \/>\n<meta property=\"og:locale\" content=\"es_MX\" \/>\n<meta property=\"og:type\" content=\"article\" \/>\n<meta property=\"og:title\" content=\"LLANTA MAXXIS FOREKASTER \u2013 27.5\u00d72.4 \/ ALAMBRE \/ 60 TPI\" \/>\n<meta property=\"og:description\" content=\"El Forekaster original se dise\u00f1\u00f3 como una opci\u00f3n para condiciones meteorol\u00f3gicas adversas en XC, mientras que la nueva versi\u00f3n est\u00e1 dirigida directamente a las modernas bicicletas de trail de recorrido corto (100 mm-130 mm), tambi\u00e9n conocidas como el segmento \u00abdowncountry\u00bb. Con la intenci\u00f3n de ser una cubierta \u00abGoldilocks\u00bb, la nueva Forekaster rueda r\u00e1pido, pero tambi\u00e9n proporciona una s\u00f3lida tracci\u00f3n en curvas y frenadas en una amplia gama de condiciones de trail.\" \/>\n<meta property=\"og:url\" content=\"https:\/\/distribuidoraodes.com.mx\/?product=llanta-maxxis-forekaster-27-5x2-4-alambre-60-tpi\" \/>\n<meta property=\"og:site_name\" content=\"ODES\" \/>\n<meta property=\"article:modified_time\" content=\"2026-05-06T23:38:37+00:00\" \/>\n<meta property=\"og:image\" content=\"https:\/\/distribuidoraodes.com.mx\/wp-content\/uploads\/2026\/05\/FOREKASTER-SIN-TECNOLOGIA.png\" \/>\n\t<meta property=\"og:image:width\" content=\"1000\" \/>\n\t<meta property=\"og:image:height\" content=\"1000\" \/>\n\t<meta property=\"og:image:type\" content=\"image\/png\" \/>\n<meta name=\"twitter:card\" content=\"summary_large_image\" \/>\n<meta name=\"twitter:label1\" content=\"Tiempo de lectura\" \/>\n\t<meta name=\"twitter:data1\" content=\"1 minuto\" \/>\n<script type=\"application\/ld+json\" class=\"yoast-schema-graph\">{\"@context\":\"https:\/\/schema.org\",\"@graph\":[{\"@type\":\"WebPage\",\"@id\":\"https:\/\/distribuidoraodes.com.mx\/?product=llanta-maxxis-forekaster-27-5x2-4-alambre-60-tpi\",\"url\":\"https:\/\/distribuidoraodes.com.mx\/?product=llanta-maxxis-forekaster-27-5x2-4-alambre-60-tpi\",\"name\":\"LLANTA MAXXIS FOREKASTER \u2013 27.5\u00d72.4 \/ ALAMBRE \/ 60 TPI - ODES\",\"isPartOf\":{\"@id\":\"https:\/\/distribuidoraodes.com.mx\/#website\"},\"primaryImageOfPage\":{\"@id\":\"https:\/\/distribuidoraodes.com.mx\/?product=llanta-maxxis-forekaster-27-5x2-4-alambre-60-tpi#primaryimage\"},\"image\":{\"@id\":\"https:\/\/distribuidoraodes.com.mx\/?product=llanta-maxxis-forekaster-27-5x2-4-alambre-60-tpi#primaryimage\"},\"thumbnailUrl\":\"https:\/\/distribuidoraodes.com.mx\/wp-content\/uploads\/2026\/05\/FOREKASTER-SIN-TECNOLOGIA.png\",\"datePublished\":\"2026-05-06T23:38:35+00:00\",\"dateModified\":\"2026-05-06T23:38:37+00:00\",\"breadcrumb\":{\"@id\":\"https:\/\/distribuidoraodes.com.mx\/?product=llanta-maxxis-forekaster-27-5x2-4-alambre-60-tpi#breadcrumb\"},\"inLanguage\":\"es\",\"potentialAction\":[{\"@type\":\"ReadAction\",\"target\":[\"https:\/\/distribuidoraodes.com.mx\/?product=llanta-maxxis-forekaster-27-5x2-4-alambre-60-tpi\"]}]},{\"@type\":\"ImageObject\",\"inLanguage\":\"es\",\"@id\":\"https:\/\/distribuidoraodes.com.mx\/?product=llanta-maxxis-forekaster-27-5x2-4-alambre-60-tpi#primaryimage\",\"url\":\"https:\/\/distribuidoraodes.com.mx\/wp-content\/uploads\/2026\/05\/FOREKASTER-SIN-TECNOLOGIA.png\",\"contentUrl\":\"https:\/\/distribuidoraodes.com.mx\/wp-content\/uploads\/2026\/05\/FOREKASTER-SIN-TECNOLOGIA.png\",\"width\":1000,\"height\":1000},{\"@type\":\"BreadcrumbList\",\"@id\":\"https:\/\/distribuidoraodes.com.mx\/?product=llanta-maxxis-forekaster-27-5x2-4-alambre-60-tpi#breadcrumb\",\"itemListElement\":[{\"@type\":\"ListItem\",\"position\":1,\"name\":\"Home\",\"item\":\"https:\/\/distribuidoraodes.com.mx\/\"},{\"@type\":\"ListItem\",\"position\":2,\"name\":\"Shop\",\"item\":\"https:\/\/distribuidoraodes.com.mx\/?page_id=12\"},{\"@type\":\"ListItem\",\"position\":3,\"name\":\"LLANTA MAXXIS FOREKASTER \u2013 27.5\u00d72.4 \/ ALAMBRE \/ 60 TPI\"}]},{\"@type\":\"WebSite\",\"@id\":\"https:\/\/distribuidoraodes.com.mx\/#website\",\"url\":\"https:\/\/distribuidoraodes.com.mx\/\",\"name\":\"ODES\",\"description\":\"\",\"publisher\":{\"@id\":\"https:\/\/distribuidoraodes.com.mx\/#organization\"},\"alternateName\":\"ODES LLANTAS\",\"potentialAction\":[{\"@type\":\"SearchAction\",\"target\":{\"@type\":\"EntryPoint\",\"urlTemplate\":\"https:\/\/distribuidoraodes.com.mx\/?s={search_term_string}\"},\"query-input\":{\"@type\":\"PropertyValueSpecification\",\"valueRequired\":true,\"valueName\":\"search_term_string\"}}],\"inLanguage\":\"es\"},{\"@type\":\"Organization\",\"@id\":\"https:\/\/distribuidoraodes.com.mx\/#organization\",\"name\":\"ODES\",\"url\":\"https:\/\/distribuidoraodes.com.mx\/\",\"logo\":{\"@type\":\"ImageObject\",\"inLanguage\":\"es\",\"@id\":\"https:\/\/distribuidoraodes.com.mx\/#\/schema\/logo\/image\/\",\"url\":\"https:\/\/distribuidoraodes.com.mx\/wp-content\/uploads\/2022\/06\/Logo-cars-2x.png\",\"contentUrl\":\"https:\/\/distribuidoraodes.com.mx\/wp-content\/uploads\/2022\/06\/Logo-cars-2x.png\",\"width\":355,\"height\":130,\"caption\":\"ODES\"},\"image\":{\"@id\":\"https:\/\/distribuidoraodes.com.mx\/#\/schema\/logo\/image\/\"}}]}<\/script>\n<!-- \/ Yoast SEO Premium plugin. -->","yoast_head_json":{"title":"LLANTA MAXXIS FOREKASTER \u2013 27.5\u00d72.4 \/ ALAMBRE \/ 60 TPI - ODES","robots":{"index":"index","follow":"follow","max-snippet":"max-snippet:-1","max-image-preview":"max-image-preview:large","max-video-preview":"max-video-preview:-1"},"canonical":"https:\/\/distribuidoraodes.com.mx\/?product=llanta-maxxis-forekaster-27-5x2-4-alambre-60-tpi","og_locale":"es_MX","og_type":"article","og_title":"LLANTA MAXXIS FOREKASTER \u2013 27.5\u00d72.4 \/ ALAMBRE \/ 60 TPI","og_description":"El Forekaster original se dise\u00f1\u00f3 como una opci\u00f3n para condiciones meteorol\u00f3gicas adversas en XC, mientras que la nueva versi\u00f3n est\u00e1 dirigida directamente a las modernas bicicletas de trail de recorrido corto (100 mm-130 mm), tambi\u00e9n conocidas como el segmento \u00abdowncountry\u00bb. Con la intenci\u00f3n de ser una cubierta \u00abGoldilocks\u00bb, la nueva Forekaster rueda r\u00e1pido, pero tambi\u00e9n proporciona una s\u00f3lida tracci\u00f3n en curvas y frenadas en una amplia gama de condiciones de trail.","og_url":"https:\/\/distribuidoraodes.com.mx\/?product=llanta-maxxis-forekaster-27-5x2-4-alambre-60-tpi","og_site_name":"ODES","article_modified_time":"2026-05-06T23:38:37+00:00","og_image":[{"width":1000,"height":1000,"url":"https:\/\/distribuidoraodes.com.mx\/wp-content\/uploads\/2026\/05\/FOREKASTER-SIN-TECNOLOGIA.png","type":"image\/png"}],"twitter_card":"summary_large_image","twitter_misc":{"Tiempo de lectura":"1 minuto"},"schema":{"@context":"https:\/\/schema.org","@graph":[{"@type":"WebPage","@id":"https:\/\/distribuidoraodes.com.mx\/?product=llanta-maxxis-forekaster-27-5x2-4-alambre-60-tpi","url":"https:\/\/distribuidoraodes.com.mx\/?product=llanta-maxxis-forekaster-27-5x2-4-alambre-60-tpi","name":"LLANTA MAXXIS FOREKASTER \u2013 27.5\u00d72.4 \/ ALAMBRE \/ 60 TPI - ODES","isPartOf":{"@id":"https:\/\/distribuidoraodes.com.mx\/#website"},"primaryImageOfPage":{"@id":"https:\/\/distribuidoraodes.com.mx\/?product=llanta-maxxis-forekaster-27-5x2-4-alambre-60-tpi#primaryimage"},"image":{"@id":"https:\/\/distribuidoraodes.com.mx\/?product=llanta-maxxis-forekaster-27-5x2-4-alambre-60-tpi#primaryimage"},"thumbnailUrl":"https:\/\/distribuidoraodes.com.mx\/wp-content\/uploads\/2026\/05\/FOREKASTER-SIN-TECNOLOGIA.png","datePublished":"2026-05-06T23:38:35+00:00","dateModified":"2026-05-06T23:38:37+00:00","breadcrumb":{"@id":"https:\/\/distribuidoraodes.com.mx\/?product=llanta-maxxis-forekaster-27-5x2-4-alambre-60-tpi#breadcrumb"},"inLanguage":"es","potentialAction":[{"@type":"ReadAction","target":["https:\/\/distribuidoraodes.com.mx\/?product=llanta-maxxis-forekaster-27-5x2-4-alambre-60-tpi"]}]},{"@type":"ImageObject","inLanguage":"es","@id":"https:\/\/distribuidoraodes.com.mx\/?product=llanta-maxxis-forekaster-27-5x2-4-alambre-60-tpi#primaryimage","url":"https:\/\/distribuidoraodes.com.mx\/wp-content\/uploads\/2026\/05\/FOREKASTER-SIN-TECNOLOGIA.png","contentUrl":"https:\/\/distribuidoraodes.com.mx\/wp-content\/uploads\/2026\/05\/FOREKASTER-SIN-TECNOLOGIA.png","width":1000,"height":1000},{"@type":"BreadcrumbList","@id":"https:\/\/distribuidoraodes.com.mx\/?product=llanta-maxxis-forekaster-27-5x2-4-alambre-60-tpi#breadcrumb","itemListElement":[{"@type":"ListItem","position":1,"name":"Home","item":"https:\/\/distribuidoraodes.com.mx\/"},{"@type":"ListItem","position":2,"name":"Shop","item":"https:\/\/distribuidoraodes.com.mx\/?page_id=12"},{"@type":"ListItem","position":3,"name":"LLANTA MAXXIS FOREKASTER \u2013 27.5\u00d72.4 \/ ALAMBRE \/ 60 TPI"}]},{"@type":"WebSite","@id":"https:\/\/distribuidoraodes.com.mx\/#website","url":"https:\/\/distribuidoraodes.com.mx\/","name":"ODES","description":"","publisher":{"@id":"https:\/\/distribuidoraodes.com.mx\/#organization"},"alternateName":"ODES LLANTAS","potentialAction":[{"@type":"SearchAction","target":{"@type":"EntryPoint","urlTemplate":"https:\/\/distribuidoraodes.com.mx\/?s={search_term_string}"},"query-input":{"@type":"PropertyValueSpecification","valueRequired":true,"valueName":"search_term_string"}}],"inLanguage":"es"},{"@type":"Organization","@id":"https:\/\/distribuidoraodes.com.mx\/#organization","name":"ODES","url":"https:\/\/distribuidoraodes.com.mx\/","logo":{"@type":"ImageObject","inLanguage":"es","@id":"https:\/\/distribuidoraodes.com.mx\/#\/schema\/logo\/image\/","url":"https:\/\/distribuidoraodes.com.mx\/wp-content\/uploads\/2022\/06\/Logo-cars-2x.png","contentUrl":"https:\/\/distribuidoraodes.com.mx\/wp-content\/uploads\/2022\/06\/Logo-cars-2x.png","width":355,"height":130,"caption":"ODES"},"image":{"@id":"https:\/\/distribuidoraodes.com.mx\/#\/schema\/logo\/image\/"}}]}},"_links":{"self":[{"href":"https:\/\/distribuidoraodes.com.mx\/index.php?rest_route=\/wp\/v2\/product\/2073","targetHints":{"allow":["GET"]}}],"collection":[{"href":"https:\/\/distribuidoraodes.com.mx\/index.php?rest_route=\/wp\/v2\/product"}],"about":[{"href":"https:\/\/distribuidoraodes.com.mx\/index.php?rest_route=\/wp\/v2\/types\/product"}],"replies":[{"embeddable":true,"href":"https:\/\/distribuidoraodes.com.mx\/index.php?rest_route=%2Fwp%2Fv2%2Fcomments&post=2073"}],"version-history":[{"count":1,"href":"https:\/\/distribuidoraodes.com.mx\/index.php?rest_route=\/wp\/v2\/product\/2073\/revisions"}],"predecessor-version":[{"id":2074,"href":"https:\/\/distribuidoraodes.com.mx\/index.php?rest_route=\/wp\/v2\/product\/2073\/revisions\/2074"}],"wp:featuredmedia":[{"embeddable":true,"href":"https:\/\/distribuidoraodes.com.mx\/index.php?rest_route=\/wp\/v2\/media\/2071"}],"wp:attachment":[{"href":"https:\/\/distribuidoraodes.com.mx\/index.php?rest_route=%2Fwp%2Fv2%2Fmedia&parent=2073"}],"wp:term":[{"taxonomy":"brand","embeddable":true,"href":"https:\/\/distribuidoraodes.com.mx\/index.php?rest_route=%2Fwp%2Fv2%2Fetheme_brands&post=2073"},{"taxonomy":"product_brand","embeddable":true,"href":"https:\/\/distribuidoraodes.com.mx\/index.php?rest_route=%2Fwp%2Fv2%2Fproduct_brand&post=2073"},{"taxonomy":"product_cat","embeddable":true,"href":"https:\/\/distribuidoraodes.com.mx\/index.php?rest_route=%2Fwp%2Fv2%2Fproduct_cat&post=2073"},{"taxonomy":"product_tag","embeddable":true,"href":"https:\/\/distribuidoraodes.com.mx\/index.php?rest_route=%2Fwp%2Fv2%2Fproduct_tag&post=2073"}],"curies":[{"name":"wp","href":"https:\/\/api.w.org\/{rel}","templated":true}]}}